{"id":34079,"date":"2011-07-14T19:45:29","date_gmt":"2011-07-14T19:45:29","guid":{"rendered":"https:\/\/www.keyangtools.com\/about-us\/"},"modified":"2022-12-15T12:00:01","modified_gmt":"2022-12-15T11:00:01","slug":"uber-uns","status":"publish","type":"page","link":"https:\/\/www.keyangtools.com\/de\/uber-uns\/","title":{"rendered":"\u00dcber uns"},"content":{"rendered":"<p>\r\n<section class=\"sh-section sh-section-e7f4287906f1605487d8b1f2e83f8594 fw-main-row sh-section-visibility-everywhere\">\r\n\t\r\n\t\r\n\t<div class=\"sh-section-container container-fluid\">\r\n\t\t<div class=\"fw-row\">\n\t\r\n<div class=\"sh-column sh-column-9c85697309dd2e59eea7b8ab77caaf9f fw-col-xs-12 fw-col-sm-6 sh-column-mobile-padding\" >\r\n\r\n\t\r\n\t<div class=\"sh-column-wrapper\">\r\n\t\t\r\n<div class=\"sh-heading  \" id=\"heading-3b4d62c4722bccf3a1b42a0b280697e5\">\r\n\t<div class=\"sh-element-margin\">\r\n\r\n\t\t\r\n\t\t\t<h3 class=\"sh-heading-content size-l text-center\">\r\n\t\t\t\tFORSCHUNG & ENTWICKLUNG\t\t\t<\/h3>\r\n\r\n\t\t\r\n\t<\/div>\r\n<\/div>\r\n\r\n<div class=\"sh-empty-space\" id=\"empty-space-317d6aa26c030260d4ab854b4b49ce1f\"><\/div>\r\n\r\n<div id=\"divider-0f4f3779e4e93c39f7cedfcb1390ae38\" class=\"sh-divider sh-divider-center sh-divider-content-none\">\r\n\t\t\t<div class=\"sh-divider-line\"><\/div>\r\n\t<\/div>\r\n\r\n<div id=\"text-block-dc06be16fea35fffb4c65b6aa8f99557\" class=\"sh-text-block\">\r\n\t<p id=\"tw-target-text\" class=\"tw-data-text tw-text-large tw-ta\" dir=\"ltr\" data-placeholder=\"Vertaling\"><strong><span class=\"Y2IQFc\" lang=\"de\">Das Keyang R&amp;D Center treibt unsere Zukunft voran, da wir innovative Ans\u00e4tze zur Entwicklung neuer Produkte verfolgen. Keyang strebt eine vollst\u00e4ndige Kundenzufriedenheit an, und wir glauben, dass die Entwicklung neuer Produkte eine entscheidende Aufgabe ist, um dieses Ziel zu erreichen.<\/span><\/strong><\/p><p id=\"tw-target-text\" class=\"tw-data-text tw-text-large tw-ta\" dir=\"ltr\" data-placeholder=\"Vertaling\"><span class=\"Y2IQFc\" lang=\"de\">Als f\u00fchrendes Unternehmen f\u00fcr Elektrowerkzeuge und Motoren f\u00fcr den Hausgebrauch gr\u00fcndete Keyang sein Forschungs- und Entwicklungszentrum im Jahr 1989. Unsere kontinuierlichen Investitionen in Forschung und Entwicklung haben unsere technologischen F\u00e4higkeiten erh\u00f6ht. Dieser Fokus auf die Entwicklung der besten Produkte hat uns dazu veranlasst, nicht nur unsere bestehenden Produkte zu verbessern, sondern Keyang auch erm\u00f6glicht, in die E-Mobilit\u00e4ts-, Gesundheits- und Freizeitindustrie zu expandieren.<\/span><\/p><\/div>\r\n\r\n<div class=\"sh-empty-space\" id=\"empty-space-bd4a6704c0168a97653046b4134d5fe6\"><\/div>\r\n\t<\/div>\r\n\r\n\r\n\t\t\r\n\r\n<\/div>\r\n\r\n<div class=\"sh-column sh-column-33bcebd1bd4dc6a7324ac74e77934f34 fw-col-xs-12 fw-col-sm-6 sh-column-mobile-padding\" >\r\n\r\n\t\t\t<script type=\"text\/javascript\">\r\n\t\t\tjQuery(document).ready(function($) {\r\n\t\t\t\t\t\t\t\t\r\n\t\t\t\t\t$('.sh-column-33bcebd1bd4dc6a7324ac74e77934f34').vide({\r\n\t\t\t\t\t\tmp4: '',\r\n\t\t\t\t\t\twebm: '',\r\n\t\t\t\t\t\togv: '',\r\n\t\t\t\t\t\tposter: ''\r\n\t\t\t\t\t});\r\n\r\n\t\t\t\t\t\t\t});\r\n\t\t<\/script>\r\n\t\r\n\t<div class=\"sh-column-wrapper\">\r\n\t\t\r\n<div id=\"text-block-f31b754e3d7455f37d3f37db618e10ab\" class=\"sh-text-block\">\r\n\t<p><div style=\"width: 1272px;\" class=\"wp-video\"><video class=\"wp-video-shortcode\" id=\"video-34079-1\" width=\"1272\" height=\"720\" autoplay preload=\"auto\" controls=\"controls\"><source type=\"video\/mp4\" src=\"https:\/\/www.keyangtools.com\/wp-content\/uploads\/2016\/04\/Keyang-Power-Tools.m4v?_=1\" \/><a href=\"https:\/\/www.keyangtools.com\/wp-content\/uploads\/2016\/04\/Keyang-Power-Tools.m4v\">https:\/\/www.keyangtools.com\/wp-content\/uploads\/2016\/04\/Keyang-Power-Tools.m4v<\/a><\/video><\/div><\/p><\/div>\r\n\t<\/div>\r\n\r\n\r\n\t\t\r\n\r\n<\/div>\r\n<\/div>\n\n\t<\/div>\r\n<\/section>\r\n\r\n<section class=\"sh-section sh-section-59ad2591c064479c1f5c0e3253a18a68 fw-main-row sh-section-visibility-everywhere\">\r\n\t\r\n\t\r\n\t<div class=\"sh-section-container container-fluid\">\r\n\t\t<div class=\"fw-row\">\n\t\r\n<div class=\"sh-column sh-column-c3fc9c94e5de3a182ce107833a432f44 fw-col-xs-12 fw-col-sm-6\" >\r\n\r\n\t\r\n\t<div class=\"sh-column-wrapper\">\r\n\t\t\t<\/div>\r\n\r\n\r\n\t\t\r\n\r\n<\/div>\r\n\r\n<div class=\"sh-column sh-column-b0612bc75d7fa1e2915067c1d9c095c5 fw-col-xs-12 fw-col-sm-6 sh-column-mobile-padding\" >\r\n\r\n\t\r\n\t<div class=\"sh-column-wrapper\">\r\n\t\t\r\n<div class=\"sh-heading  \" id=\"heading-150dea0fa22d567e8fd352371b9f0e00\">\r\n\t<div class=\"sh-element-margin\">\r\n\r\n\t\t\r\n\t\t\t<h3 class=\"sh-heading-content size-l text-center\">\r\n\t\t\t\tGESCHICHTE\t\t\t<\/h3>\r\n\r\n\t\t\r\n\t<\/div>\r\n<\/div>\r\n\r\n<div class=\"sh-empty-space\" id=\"empty-space-a551df3b7f85e28f50e5aef20306302e\"><\/div>\r\n\r\n<div id=\"divider-073d861d9f852faf33b2c4e1d5399701\" class=\"sh-divider sh-divider-center sh-divider-content-none\">\r\n\t\t\t<div class=\"sh-divider-line\"><\/div>\r\n\t<\/div>\r\n\r\n<div id=\"text-block-3a7efc85600b433d49bdc7d4ccdf9b49\" class=\"sh-text-block\">\r\n\t<p id=\"tw-target-text\" class=\"tw-data-text tw-text-large tw-ta\" dir=\"ltr\" data-placeholder=\"Vertaling\"><strong><span class=\"Y2IQFc\" lang=\"de\">Mit kontinuierlichen Verbesserungen und Innovationen strebt KEYANG danach, ein nachhaltiges, weltweit f\u00fchrendes Unternehmen zu sein.<\/span><\/strong><\/p><p id=\"tw-target-text\" class=\"tw-data-text tw-text-large tw-ta\" dir=\"ltr\" data-placeholder=\"Vertaling\"><span class=\"Y2IQFc\" lang=\"de\">Korean Keyang Power Tools ist bereits seit mehr als 30 Jahren Hersteller hochwertiger Maschinen f\u00fcr Bau und Industrie. Mehr als 15 Jahre produzieren sie f\u00fcr verschiedene Marken auf dem europ\u00e4ischen Markt. Keyang bietet hervorragende Qualit\u00e4t zu einem fairen Preis.<\/span><\/p><p id=\"tw-target-text\" class=\"tw-data-text tw-text-large tw-ta\" dir=\"ltr\" data-placeholder=\"Vertaling\"><span class=\"Y2IQFc\" lang=\"de\">Keyangs Gesch\u00e4ft mit Elektrowerkzeugen begann seit der Gr\u00fcndung im Jahr 1977. Sie haben die Produktlinie als professioneller Hersteller von hoher Qualit\u00e4t erweitert, indem sie mit globalen Top-Tiers konkurrieren. Jetzt haben sie mehr als 120 verschiedene Werkzeuge, kabelgebunden und kabellos.<\/span><\/p><\/div>\r\n\r\n<div class=\"sh-empty-space\" id=\"empty-space-01fcf73231fb535e9826bf698438e5ec\"><\/div>\r\n\t<\/div>\r\n\r\n\r\n\t\t\r\n\r\n<\/div>\r\n<\/div>\n\n\t<\/div>\r\n<\/section>\r\n\r\n<section class=\"sh-section sh-section-95ed19e71aac6112bf333113562968f8 fw-main-row sh-section-visibility-everywhere\">\r\n\t\r\n\t\r\n\t<div class=\"sh-section-container container-fluid\">\r\n\t\t<div class=\"fw-row\">\n\t\r\n<div class=\"sh-column sh-column-85b6d1b0c32c59f826269c47d0e47a2c fw-col-xs-12 fw-col-sm-6 sh-column-mobile-padding\" >\r\n\r\n\t\r\n\t<div class=\"sh-column-wrapper\">\r\n\t\t\r\n<div class=\"sh-heading  \" id=\"heading-fed87f77650889391b8a4290f407184c\">\r\n\t<div class=\"sh-element-margin\">\r\n\r\n\t\t\r\n\t\t\t<h3 class=\"sh-heading-content size-l text-center\">\r\n\t\t\t\tVISION\t\t\t<\/h3>\r\n\r\n\t\t\r\n\t<\/div>\r\n<\/div>\r\n\r\n<div class=\"sh-empty-space\" id=\"empty-space-ef4252ad01568421cc79183f1b5b1ceb\"><\/div>\r\n\r\n<div id=\"divider-09045a61ab601e228de8f66deb0728e3\" class=\"sh-divider sh-divider-center sh-divider-content-none\">\r\n\t\t\t<div class=\"sh-divider-line\"><\/div>\r\n\t<\/div>\r\n\r\n<div id=\"text-block-b0e1fdc76c00ff408ebef6818321f05e\" class=\"sh-text-block\">\r\n\t<p id=\"tw-target-text\" class=\"tw-data-text tw-text-large tw-ta\" dir=\"ltr\" data-placeholder=\"Vertaling\"><span class=\"Y2IQFc\" lang=\"de\">Mit kontinuierlichen Verbesserungen und Innovationen strebt Keyang danach, ein nachhaltiges, weltweit f\u00fchrendes Unternehmen zu sein.<\/span><\/p><p class=\"tw-data-text tw-text-large tw-ta\" dir=\"ltr\" data-placeholder=\"Vertaling\"><span class=\"Y2IQFc\" lang=\"de\"> Basierend auf gesammelten Technologien und Erfahrungen hat Keyang seine Position als professioneller Hersteller von Elektrowerkzeugen in den letzten 30 Jahren fest etabliert.<\/span><\/p><\/div>\r\n\t<\/div>\r\n\r\n\r\n\t\t\r\n\r\n<\/div>\r\n\r\n<div class=\"sh-column sh-column-f416a409f39e284ea5666ae056aab1ab fw-col-xs-12 fw-col-sm-6 sh-column-mobile-padding\" >\r\n\r\n\t\r\n\t<div class=\"sh-column-wrapper\">\r\n\t\t\t<\/div>\r\n\r\n\r\n\t\t\r\n\r\n<\/div>\r\n<\/div>\n\n\t<\/div>\r\n<\/section>\r\n\r\n<section class=\"sh-section sh-section-f57abbb9e9d43c28630ea925f114ba7d fw-main-row sh-section-visibility-everywhere\">\r\n\t\r\n\t\r\n\t<div class=\"sh-section-container container-fluid\">\r\n\t\t<div class=\"fw-row\">\n\t\r\n<div class=\"sh-column sh-column-a98adba02aedb30998f8ba41fec6eeee fw-col-xs-12 fw-col-sm-6 sh-column-mobile-padding\" >\r\n\r\n\t\r\n\t<div class=\"sh-column-wrapper\">\r\n\t\t\t<\/div>\r\n\r\n\r\n\t\t\r\n\r\n<\/div>\r\n\r\n<div class=\"sh-column sh-column-2eb90c9532b3e8940d5972e99db94974 fw-col-xs-12 fw-col-sm-6 sh-column-mobile-padding\" >\r\n\r\n\t\r\n\t<div class=\"sh-column-wrapper\">\r\n\t\t\r\n<div class=\"sh-heading  \" id=\"heading-cfc645abd7393802b9f373e490dd5952\">\r\n\t<div class=\"sh-element-margin\">\r\n\r\n\t\t\r\n\t\t\t<h3 class=\"sh-heading-content size-l text-center\">\r\n\t\t\t\tERFAHRUNG\t\t\t<\/h3>\r\n\r\n\t\t\r\n\t<\/div>\r\n<\/div>\r\n\r\n<div class=\"sh-empty-space\" id=\"empty-space-b58bdfc2db2036bb91844c5da0d9ffb4\"><\/div>\r\n\r\n<div id=\"divider-7402603eef24ad8c11efe085bf89ab66\" class=\"sh-divider sh-divider-center sh-divider-content-none\">\r\n\t\t\t<div class=\"sh-divider-line\"><\/div>\r\n\t<\/div>\r\n\r\n<div id=\"text-block-d98032e3ffdd47f925801c81eae845ed\" class=\"sh-text-block\">\r\n\t<p id=\"tw-target-text\" class=\"tw-data-text tw-text-large tw-ta\" dir=\"ltr\" data-placeholder=\"Vertaling\"><span class=\"Y2IQFc\" lang=\"de\">Mit bew\u00e4hrter Qualit\u00e4t und Leistung professioneller Elektrowerkzeuge in Korea verfolgt KEYANG das ODM-Gesch\u00e4ft ( OPERATIONAL DECISION MANAGER) auf dem Auslandsmarkt und beliefert gro\u00dfe Markenakteure in der globalen Elektrowerkzeugindustrie. F\u00fcr weitere Informationen kontaktieren Sie uns bitte.<\/span><\/p><\/div>\r\n\r\n<div class=\"sh-empty-space\" id=\"empty-space-767797e34958242895154c32a6b26fb2\"><\/div>\r\n\t<\/div>\r\n\r\n\r\n\t\t\r\n\r\n<\/div>\r\n<\/div>\n\n\t<\/div>\r\n<\/section>\r\n<\/p>\n","protected":false},"excerpt":{"rendered":"<p>FORSCHUNG &#038; ENTWICKLUNG Das Keyang R&amp;D Center treibt unsere Zukunft voran, da wir innovative Ans\u00e4tze zur Entwicklung neuer Produkte verfolgen. Keyang strebt eine vollst\u00e4ndige Kundenzufriedenheit an, und wir glauben, dass die Entwicklung neuer Produkte eine entscheidende Aufgabe ist, um dieses Ziel zu erreichen.Als f\u00fchrendes Unternehmen&#8230;<\/p>\n","protected":false},"author":6,"featured_media":0,"parent":0,"menu_order":1,"comment_status":"open","ping_status":"open","template":"","meta":{"footnotes":""},"class_list":["post-34079","page","type-page","status-publish","hentry"],"_links":{"self":[{"href":"https:\/\/www.keyangtools.com\/de\/wp-json\/wp\/v2\/pages\/34079","targetHints":{"allow":["GET"]}}],"collection":[{"href":"https:\/\/www.keyangtools.com\/de\/wp-json\/wp\/v2\/pages"}],"about":[{"href":"https:\/\/www.keyangtools.com\/de\/wp-json\/wp\/v2\/types\/page"}],"author":[{"embeddable":true,"href":"https:\/\/www.keyangtools.com\/de\/wp-json\/wp\/v2\/users\/6"}],"replies":[{"embeddable":true,"href":"https:\/\/www.keyangtools.com\/de\/wp-json\/wp\/v2\/comments?post=34079"}],"version-history":[{"count":7,"href":"https:\/\/www.keyangtools.com\/de\/wp-json\/wp\/v2\/pages\/34079\/revisions"}],"predecessor-version":[{"id":56720,"href":"https:\/\/www.keyangtools.com\/de\/wp-json\/wp\/v2\/pages\/34079\/revisions\/56720"}],"wp:attachment":[{"href":"https:\/\/www.keyangtools.com\/de\/wp-json\/wp\/v2\/media?parent=34079"}],"curies":[{"name":"wp","href":"https:\/\/api.w.org\/{rel}","templated":true}]}}