{"id":33752,"date":"2021-03-24T10:01:54","date_gmt":"2021-03-24T09:01:54","guid":{"rendered":"https:\/\/www.keyangtools.com\/product\/33752\/"},"modified":"2024-01-12T17:18:58","modified_gmt":"2024-01-12T16:18:58","slug":"keyang-id18bla-schlagschrauber-18v-5-0ah","status":"publish","type":"product","link":"https:\/\/www.keyangtools.com\/de\/produkt\/keyang-id18bla-schlagschrauber-18v-5-0ah\/","title":{"rendered":"Keyang ID18BLA Schlagschrauber &#8211; 18V &#8211; 5.0Ah"},"content":{"rendered":"<p><img decoding=\"async\" class=\"size-full wp-image-33830\" src=\"https:\/\/www.keyangtools.com\/wp-content\/uploads\/2022\/11\/ID18BLA_DE.png\" alt=\"Keyang ID18BLA Schlagschrauber - 18V - 5.0Ah\" width=\"900\" height=\"9966\" srcset=\"https:\/\/www.keyangtools.com\/wp-content\/uploads\/2022\/11\/ID18BLA_DE.png 900w, https:\/\/www.keyangtools.com\/wp-content\/uploads\/2022\/11\/ID18BLA_DE-27x300.png 27w, https:\/\/www.keyangtools.com\/wp-content\/uploads\/2022\/11\/ID18BLA_DE-768x8504.png 768w, https:\/\/www.keyangtools.com\/wp-content\/uploads\/2022\/11\/ID18BLA_DE-185x2048.png 185w, https:\/\/www.keyangtools.com\/wp-content\/uploads\/2022\/11\/ID18BLA_DE-560x6201.png 560w\" sizes=\"(max-width: 900px) 100vw, 900px\" \/><\/p>\n<p><strong>Merkmale Keyang ID18BLA Schlagschrauber &#8211; 18V &#8211; 5.0Ah<\/strong><\/p>\n<ul>\n<li>ASC-Funktion (Auto Stop Control) unterbricht den Betrieb bei einem bestimmten Drehmoment, um eine Besch\u00e4digung des Werkst\u00fccks zu verhindern<\/li>\n<li>Hocheffizienter b\u00fcrstenloser Motor (BLDC)<\/li>\n<li>3 Geschwindigkeiten<\/li>\n<li>LED-Beleuchtung &amp; Batterieanzeige<\/li>\n<li>1 Sek. One-Shot-Funktion<\/li>\n<li>Hochgeschwindigkeits-Schlagbohren<\/li>\n<\/ul>\n<p><strong>Technische Daten<\/strong><\/p>\n<ul>\n<li>Leistung &#8211; 18V<\/li>\n<li>Akku &#8211; 18V \/ 5,0Ah<\/li>\n<li>Drehmoment &#8211; 210 Nm<\/li>\n<li>Leerlaufdrehzahl &#8211; 0-1100 \/ 0-2600 \/ 0-3200 U\/min<\/li>\n<li>Bohrfutter &#8211; 1\/4&#8220; Sechskant (Standard-Bit)<\/li>\n<li>Gewicht &#8211; 1,6 Kg<\/li>\n<\/ul>\n<p><strong>Umfang der Lieferung<\/strong><\/p>\n<ul>\n<li>Keyang ID18BLA Schlagschrauber &#8211; 18V &#8211; 5.0Ah<\/li>\n<li>2x Akku 18V Li-ion 5.0Ah<\/li>\n<li>1x Ladeger\u00e4t<\/li>\n<li>Koffer<\/li>\n<\/ul>\n","protected":false},"excerpt":{"rendered":"<p><strong>Umfang der Lieferung<\/strong><\/p>\n<ul>\n<li>Keyang ID18BLA Schlagschrauber &#8211; 18V 5.0Ah<\/li>\n<li>2 x Li-ion Akku 5.0 Ah<\/li>\n<li>1 x Ladeger\u00e4t<\/li>\n<li><span class=\"Y2IQFc\" lang=\"de\">Lieferung im Koffer<\/span><\/li>\n<\/ul>\n<p>&nbsp;<\/p>\n<p><em><strong>Warum Keyang w\u00e4hlen?<\/strong><\/em><\/p>\n<p>Die koreanische Marke stellt seit mehr als 40 Jahren hochwertige Maschinen f\u00fcr die Industrie und das Baugewerbe her. Seit \u00fcber 25 Jahren produziert sie auch f\u00fcr mehrere A-Marken auf dem europ\u00e4ischen Markt (u. a. Kress &amp; Spit). Keyang hebt sich von seinen Mitbewerbern ab, indem es ausgezeichnete Qualit\u00e4t zu einem vern\u00fcnftigen Preis liefert. Ausgehend von einer f\u00fchrenden Position auf dem koreanischen Markt begann das Unternehmen, sich auch auf den europ\u00e4ischen Markt zu konzentrieren. In relativ kurzer Zeit hat sich die koreanische Marke zu einem vertrauensw\u00fcrdigen Namen in der Baubranche entwickelt. Das hat nichts mit geschicktem Marketing zu tun, sondern mit der \u00dcberzeugung, dass man mit kleinen Schritten hoch hinaus kann im Gesch\u00e4ft.<\/p>\n","protected":false},"featured_media":30629,"comment_status":"closed","ping_status":"closed","template":"","meta":[],"product_brand":[],"product_cat":[1195],"product_tag":[],"class_list":{"0":"post-33752","1":"product","2":"type-product","3":"status-publish","4":"has-post-thumbnail","6":"product_cat-akku-schlagschrauber","7":"pif-has-gallery","9":"first","10":"instock","11":"purchasable","12":"product-type-simple"},"_links":{"self":[{"href":"https:\/\/www.keyangtools.com\/de\/wp-json\/wp\/v2\/product\/33752","targetHints":{"allow":["GET"]}}],"collection":[{"href":"https:\/\/www.keyangtools.com\/de\/wp-json\/wp\/v2\/product"}],"about":[{"href":"https:\/\/www.keyangtools.com\/de\/wp-json\/wp\/v2\/types\/product"}],"replies":[{"embeddable":true,"href":"https:\/\/www.keyangtools.com\/de\/wp-json\/wp\/v2\/comments?post=33752"}],"wp:featuredmedia":[{"embeddable":true,"href":"https:\/\/www.keyangtools.com\/de\/wp-json\/wp\/v2\/media\/30629"}],"wp:attachment":[{"href":"https:\/\/www.keyangtools.com\/de\/wp-json\/wp\/v2\/media?parent=33752"}],"wp:term":[{"taxonomy":"product_brand","embeddable":true,"href":"https:\/\/www.keyangtools.com\/de\/wp-json\/wp\/v2\/product_brand?post=33752"},{"taxonomy":"product_cat","embeddable":true,"href":"https:\/\/www.keyangtools.com\/de\/wp-json\/wp\/v2\/product_cat?post=33752"},{"taxonomy":"product_tag","embeddable":true,"href":"https:\/\/www.keyangtools.com\/de\/wp-json\/wp\/v2\/product_tag?post=33752"}],"curies":[{"name":"wp","href":"https:\/\/api.w.org\/{rel}","templated":true}]}}