{"id":33756,"date":"2022-08-31T13:33:34","date_gmt":"2022-08-31T11:33:34","guid":{"rendered":"https:\/\/www.keyangtools.com\/product\/keyang-cs20blh-165-akku-kreissaege-18v-20v-max-2x5-0ah\/"},"modified":"2023-06-29T10:33:12","modified_gmt":"2023-06-29T08:33:12","slug":"keyang-cs20blh-165-akku-kreissage-18v-20v-max-2x5-0ah","status":"publish","type":"product","link":"https:\/\/www.keyangtools.com\/de\/produkt\/keyang-cs20blh-165-akku-kreissage-18v-20v-max-2x5-0ah\/","title":{"rendered":"Keyang CS20BLH-165 Akku-Kreiss\u00e4ge &#8211; 18V (20V max) &#8211; 2\u00d75.0Ah"},"content":{"rendered":"<p><img decoding=\"async\" class=\"size-full wp-image-33761\" src=\"https:\/\/www.keyangtools.com\/wp-content\/uploads\/2022\/11\/CS20BLH-165-DE.png\" alt=\"Keyang CS20BLH-165 Akku-Kreiss\u00e4ge - 18V (20V max) - 2\u00d75.0Ah\" width=\"800\" height=\"6766\" data-mce-src=\"https:\/\/www.keyangtools.com\/wp-content\/uploads\/2022\/11\/CS20BLH-165-DE.png\" srcset=\"https:\/\/www.keyangtools.com\/wp-content\/uploads\/2022\/11\/CS20BLH-165-DE.png 800w, https:\/\/www.keyangtools.com\/wp-content\/uploads\/2022\/11\/CS20BLH-165-DE-121x1024.png 121w, https:\/\/www.keyangtools.com\/wp-content\/uploads\/2022\/11\/CS20BLH-165-DE-768x6495.png 768w, https:\/\/www.keyangtools.com\/wp-content\/uploads\/2022\/11\/CS20BLH-165-DE-242x2048.png 242w, https:\/\/www.keyangtools.com\/wp-content\/uploads\/2022\/11\/CS20BLH-165-DE-560x4736.png 560w\" sizes=\"(max-width: 800px) 100vw, 800px\" \/><\/p>\n","protected":false},"excerpt":{"rendered":"<table>\n<tbody>\n<tr>\n<td class=\"echotable\"><img decoding=\"async\" class=\"wp-image-24335 alignnone\" src=\"https:\/\/www.kem-europe.eu\/wp-content\/uploads\/2021\/06\/26.jpg\" alt=\"\" width=\"63\" height=\"63\" \/>Konstante Geschwindigkeit<\/td>\n<td class=\"echotable\"><img decoding=\"async\" class=\"wp-image-24327 alignnone\" src=\"https:\/\/www.kem-europe.eu\/wp-content\/uploads\/2018\/02\/22-1.jpg\" alt=\"\" width=\"71\" height=\"71\" \/>BLDC-Motor<\/td>\n<\/tr>\n<tr>\n<td class=\"echotable\"><img decoding=\"async\" class=\"wp-image-24312 alignnone\" src=\"https:\/\/www.kem-europe.eu\/wp-content\/uploads\/2018\/02\/7-1.jpg\" alt=\"\" width=\"67\" height=\"67\" \/>Hohe Drehzahlen<\/td>\n<td class=\"echotable\"><img decoding=\"async\" class=\"wp-image-24318 alignnone\" src=\"https:\/\/www.kem-europe.eu\/wp-content\/uploads\/2018\/02\/13-1.jpg\" alt=\"\" width=\"64\" height=\"64\" \/>Koffer<\/td>\n<\/tr>\n<\/tbody>\n<tbody>\n<tr>\n<td class=\"echotable\"><img decoding=\"async\" class=\"wp-image-24320 alignnone\" src=\"https:\/\/www.kem-europe.eu\/wp-content\/uploads\/2018\/02\/15-1.jpg\" alt=\"\" width=\"64\" height=\"64\" \/>Weicher Start<\/td>\n<\/tr>\n<\/tbody>\n<\/table>\n<p>&nbsp;<\/p>\n<p><strong>Eine vollst\u00e4ndige \u00dcbersicht \u00fcber die verschiedenen Symbole finden Sie unter <a href=\"https:\/\/www.keyangtools.com\/keyang-symbolism\/\">here<\/a>!<\/strong><\/p>\n<p><strong>Umfang der Lieferung<\/strong><\/p>\n<ul>\n<li>Keyang CS20BLH-165 Akku-Kreiss\u00e4ge &#8211; 18V (20V max)<\/li>\n<li>2 x Li-Ionen-Akku 5.0 Ah<\/li>\n<li>1 x Schnellladeger\u00e4t<\/li>\n<li>Geliefert im Koffer<\/li>\n<\/ul>\n<p>&nbsp;<\/p>\n","protected":false},"featured_media":33757,"comment_status":"closed","ping_status":"closed","template":"","meta":[],"product_brand":[],"product_cat":[1196],"product_tag":[],"class_list":{"0":"post-33756","1":"product","2":"type-product","3":"status-publish","4":"has-post-thumbnail","6":"product_cat-akku-kreissage","7":"pif-has-gallery","9":"first","10":"onbackorder","11":"shipping-taxable","12":"purchasable","13":"product-type-simple"},"_links":{"self":[{"href":"https:\/\/www.keyangtools.com\/de\/wp-json\/wp\/v2\/product\/33756","targetHints":{"allow":["GET"]}}],"collection":[{"href":"https:\/\/www.keyangtools.com\/de\/wp-json\/wp\/v2\/product"}],"about":[{"href":"https:\/\/www.keyangtools.com\/de\/wp-json\/wp\/v2\/types\/product"}],"replies":[{"embeddable":true,"href":"https:\/\/www.keyangtools.com\/de\/wp-json\/wp\/v2\/comments?post=33756"}],"wp:featuredmedia":[{"embeddable":true,"href":"https:\/\/www.keyangtools.com\/de\/wp-json\/wp\/v2\/media\/33757"}],"wp:attachment":[{"href":"https:\/\/www.keyangtools.com\/de\/wp-json\/wp\/v2\/media?parent=33756"}],"wp:term":[{"taxonomy":"product_brand","embeddable":true,"href":"https:\/\/www.keyangtools.com\/de\/wp-json\/wp\/v2\/product_brand?post=33756"},{"taxonomy":"product_cat","embeddable":true,"href":"https:\/\/www.keyangtools.com\/de\/wp-json\/wp\/v2\/product_cat?post=33756"},{"taxonomy":"product_tag","embeddable":true,"href":"https:\/\/www.keyangtools.com\/de\/wp-json\/wp\/v2\/product_tag?post=33756"}],"curies":[{"name":"wp","href":"https:\/\/api.w.org\/{rel}","templated":true}]}}