{"id":33788,"date":"2021-08-11T09:36:40","date_gmt":"2021-08-11T07:36:40","guid":{"rendered":"https:\/\/www.keyangtools.com\/product\/keyang-rs20blh-30v-reciprozaag-18v-5-0-ah\/"},"modified":"2024-01-12T16:55:43","modified_gmt":"2024-01-12T15:55:43","slug":"keyang-rs20blh-30v-stichsage-18v-5-0-ah","status":"publish","type":"product","link":"https:\/\/www.keyangtools.com\/de\/produkt\/keyang-rs20blh-30v-stichsage-18v-5-0-ah\/","title":{"rendered":"Keyang RS20BLH-30V Stichs\u00e4ge 18V 5.0 Ah"},"content":{"rendered":"<p><img decoding=\"async\" class=\"size-full wp-image-33793\" src=\"https:\/\/www.keyangtools.com\/wp-content\/uploads\/2022\/11\/RS20BLH-30V-DE.png\" alt=\"Keyang RS20BLH-30V Stichs\u00e4ge 18V 5.0 Ah\" width=\"800\" height=\"7041\" srcset=\"https:\/\/www.keyangtools.com\/wp-content\/uploads\/2022\/11\/RS20BLH-30V-DE.png 800w, https:\/\/www.keyangtools.com\/wp-content\/uploads\/2022\/11\/RS20BLH-30V-DE-34x300.png 34w, https:\/\/www.keyangtools.com\/wp-content\/uploads\/2022\/11\/RS20BLH-30V-DE-768x6759.png 768w, https:\/\/www.keyangtools.com\/wp-content\/uploads\/2022\/11\/RS20BLH-30V-DE-560x4929.png 560w\" sizes=\"(max-width: 800px) 100vw, 800px\" \/><\/p>\n","protected":false},"excerpt":{"rendered":"<p><em><strong>Warum Keyang w\u00e4hlen?<\/strong><\/em><\/p>\n<p>Die koreanische Marke stellt seit mehr als 40 Jahren hochwertige Maschinen f\u00fcr die Industrie und das Baugewerbe her. Seit \u00fcber 25 Jahren produziert sie auch f\u00fcr mehrere A-Marken auf dem europ\u00e4ischen Markt (u. a. Kress &amp; Spit). Keyang hebt sich von seinen Mitbewerbern ab, indem es ausgezeichnete Qualit\u00e4t zu einem vern\u00fcnftigen Preis liefert. Ausgehend von einer f\u00fchrenden Position auf dem koreanischen Markt begann das Unternehmen, sich auch auf den europ\u00e4ischen Markt zu konzentrieren. In relativ kurzer Zeit hat sich die koreanische Marke zu einem vertrauensw\u00fcrdigen Namen in der Baubranche entwickelt. Das hat nichts mit geschicktem Marketing zu tun, sondern mit der \u00dcberzeugung, dass man mit kleinen Schritten hoch hinaus kann im Gesch\u00e4ft.<\/p>\n<p>Diese Maschine bietet einen gr\u00f6\u00dferen Hub als die Einhandmaschine RS18LO: 18 mm gegen\u00fcber 30 mm. Der RS20BLH-30V verf\u00fcgt sowohl \u00fcber eine niedrige als auch eine hohe Drehzahl, um den jeweiligen Schneidaufgaben am besten gerecht zu werden. Noch nie in der Geschichte der Keyang-S\u00e4bels\u00e4gen war das Wechseln von S\u00e4bels\u00e4gen so einfach. Wie die meisten Keyang-Maschinen kann auch die RS20BLH-30V entweder als komplettes Set oder nur als Geh\u00e4use bestellt werden.<\/p>\n<p>&nbsp;<\/p>\n<p><strong>Leveringsomvang<\/strong><\/p>\n<ul>\n<li>Keyang RS20BLH-30V Akku Stichs\u00e4ge 18V 5,0Ah<\/li>\n<li>1 x Snellader<\/li>\n<li>2 x Accu Li-ion 5,0 Ah<\/li>\n<li>Geleverd in koffer<\/li>\n<\/ul>\n","protected":false},"featured_media":33792,"comment_status":"closed","ping_status":"closed","template":"","meta":[],"product_brand":[],"product_cat":[1199],"product_tag":[],"class_list":{"0":"post-33788","1":"product","2":"type-product","3":"status-publish","4":"has-post-thumbnail","6":"product_cat-akku-reciprosage","7":"pif-has-gallery","9":"first","10":"onbackorder","11":"shipping-taxable","12":"purchasable","13":"product-type-simple"},"_links":{"self":[{"href":"https:\/\/www.keyangtools.com\/de\/wp-json\/wp\/v2\/product\/33788","targetHints":{"allow":["GET"]}}],"collection":[{"href":"https:\/\/www.keyangtools.com\/de\/wp-json\/wp\/v2\/product"}],"about":[{"href":"https:\/\/www.keyangtools.com\/de\/wp-json\/wp\/v2\/types\/product"}],"replies":[{"embeddable":true,"href":"https:\/\/www.keyangtools.com\/de\/wp-json\/wp\/v2\/comments?post=33788"}],"wp:featuredmedia":[{"embeddable":true,"href":"https:\/\/www.keyangtools.com\/de\/wp-json\/wp\/v2\/media\/33792"}],"wp:attachment":[{"href":"https:\/\/www.keyangtools.com\/de\/wp-json\/wp\/v2\/media?parent=33788"}],"wp:term":[{"taxonomy":"product_brand","embeddable":true,"href":"https:\/\/www.keyangtools.com\/de\/wp-json\/wp\/v2\/product_brand?post=33788"},{"taxonomy":"product_cat","embeddable":true,"href":"https:\/\/www.keyangtools.com\/de\/wp-json\/wp\/v2\/product_cat?post=33788"},{"taxonomy":"product_tag","embeddable":true,"href":"https:\/\/www.keyangtools.com\/de\/wp-json\/wp\/v2\/product_tag?post=33788"}],"curies":[{"name":"wp","href":"https:\/\/api.w.org\/{rel}","templated":true}]}}