{"id":33843,"date":"2021-08-06T16:26:37","date_gmt":"2021-08-06T14:26:37","guid":{"rendered":"https:\/\/www.keyangtools.com\/product\/keyang-hd42-7dm-bohrhammer-1350-w\/"},"modified":"2024-01-12T16:56:45","modified_gmt":"2024-01-12T15:56:45","slug":"keyang-hd42-7dm-bohrhammer-1350-w","status":"publish","type":"product","link":"https:\/\/www.keyangtools.com\/de\/produkt\/keyang-hd42-7dm-bohrhammer-1350-w\/","title":{"rendered":"Keyang HD42-7DM Bohrhammer &#8211; 1,350 W"},"content":{"rendered":"<p><img decoding=\"async\" class=\"size-full wp-image-33850 aligncenter\" src=\"https:\/\/www.keyangtools.com\/wp-content\/uploads\/2022\/11\/HD42-7DM-DE.png\" alt=\"Keyang HD42-7DM Bohrhammer - 1,350 W\" width=\"750\" height=\"6130\" srcset=\"https:\/\/www.keyangtools.com\/wp-content\/uploads\/2022\/11\/HD42-7DM-DE.png 750w, https:\/\/www.keyangtools.com\/wp-content\/uploads\/2022\/11\/HD42-7DM-DE-188x1536.png 188w, https:\/\/www.keyangtools.com\/wp-content\/uploads\/2022\/11\/HD42-7DM-DE-560x4577.png 560w\" sizes=\"(max-width: 750px) 100vw, 750px\" \/><\/p>\n","protected":false},"excerpt":{"rendered":"<p><em><strong>Warum Keyang w\u00e4hlen?<\/strong><\/em><\/p>\n<p>Die koreanische Marke stellt seit mehr als 40 Jahren hochwertige Maschinen f\u00fcr die Industrie und das Baugewerbe her. Seit \u00fcber 25 Jahren produziert sie auch f\u00fcr mehrere A-Marken auf dem europ\u00e4ischen Markt (u. a. Kress &amp; Spit). Keyang hebt sich von seinen Mitbewerbern ab, indem es ausgezeichnete Qualit\u00e4t zu einem vern\u00fcnftigen Preis liefert. Ausgehend von einer f\u00fchrenden Position auf dem koreanischen Markt begann das Unternehmen, sich auch auf den europ\u00e4ischen Markt zu konzentrieren. In relativ kurzer Zeit hat sich die koreanische Marke zu einem vertrauensw\u00fcrdigen Namen in der Baubranche entwickelt. Das hat nichts mit geschicktem Marketing zu tun, sondern mit der \u00dcberzeugung, dass man mit kleinen Schritten hoch hinaus kann im Gesch\u00e4ft.<\/p>\n<h2><strong>Koreas erster 1.350-Watt-Rotationshammer!<\/strong><\/h2>\n<div>\n<table>\n<tbody>\n<tr>\n<td class=\"echotable\"><img decoding=\"async\" class=\"alignnone size-full wp-image-381035\" src=\"https:\/\/www.bjctools.nl\/wp-content\/uploads\/2021\/07\/11.jpg\" alt=\"\" width=\"57\" height=\"57\" \/> Seitlicher Griff<\/td>\n<td class=\"echotable\"><img decoding=\"async\" class=\"alignnone size-full wp-image-381036\" src=\"https:\/\/www.bjctools.nl\/wp-content\/uploads\/2021\/07\/12.jpg\" alt=\"\" width=\"57\" height=\"57\" \/>Niedrige Vibrationen<\/td>\n<\/tr>\n<tr>\n<td class=\"echotable\"><img decoding=\"async\" class=\"alignnone size-full wp-image-381037\" src=\"https:\/\/www.bjctools.nl\/wp-content\/uploads\/2021\/07\/13.jpg\" alt=\"\" width=\"57\" height=\"57\" \/>Koffer<\/td>\n<td class=\"echotable\"><img decoding=\"async\" class=\"alignnone wp-image-381038\" src=\"https:\/\/www.bjctools.nl\/wp-content\/uploads\/2021\/07\/14.jpg\" alt=\"\" width=\"58\" height=\"58\" \/>Auto-Stopp-Kohleb\u00fcrsten<\/td>\n<\/tr>\n<\/tbody>\n<tbody>\n<tr>\n<td class=\"echotable\"><img decoding=\"async\" class=\"alignnone size-full wp-image-381039\" src=\"https:\/\/www.bjctools.nl\/wp-content\/uploads\/2021\/07\/15.jpg\" alt=\"\" width=\"57\" height=\"57\" \/>Weicher\u00a0start<\/td>\n<td class=\"echotable\"><img decoding=\"async\" class=\"alignnone size-full wp-image-381040\" src=\"https:\/\/www.bjctools.nl\/wp-content\/uploads\/2021\/07\/19.jpg\" alt=\"\" width=\"57\" height=\"57\" \/>SDS Max<\/td>\n<\/tr>\n<\/tbody>\n<\/table>\n<p><strong>Eine vollst\u00e4ndige \u00dcbersicht \u00fcber die verschiedenen Symbole finden Sie <a href=\"https:\/\/www.keyangtools.com\/de\/keyang-symbolik\/\">unter<\/a> !<\/strong><\/p>\n<p>&nbsp;<\/p>\n<\/div>\n<p><strong>Umfang der Lieferung<\/strong><\/p>\n<ul>\n<li>Keyang HD42-7DM Bohrhammer \u2013 1.350 W<\/li>\n<li>1x Seitengriff<\/li>\n<li>1x Schmiermittel<\/li>\n<li>Geliefert im Koffer<\/li>\n<\/ul>\n","protected":false},"featured_media":33848,"comment_status":"closed","ping_status":"closed","template":"","meta":[],"product_brand":[],"product_cat":[1203],"product_tag":[],"class_list":{"0":"post-33843","1":"product","2":"type-product","3":"status-publish","4":"has-post-thumbnail","6":"product_cat-kombihammer","7":"pif-has-gallery","9":"first","10":"onbackorder","11":"shipping-taxable","12":"purchasable","13":"product-type-simple"},"_links":{"self":[{"href":"https:\/\/www.keyangtools.com\/de\/wp-json\/wp\/v2\/product\/33843","targetHints":{"allow":["GET"]}}],"collection":[{"href":"https:\/\/www.keyangtools.com\/de\/wp-json\/wp\/v2\/product"}],"about":[{"href":"https:\/\/www.keyangtools.com\/de\/wp-json\/wp\/v2\/types\/product"}],"replies":[{"embeddable":true,"href":"https:\/\/www.keyangtools.com\/de\/wp-json\/wp\/v2\/comments?post=33843"}],"wp:featuredmedia":[{"embeddable":true,"href":"https:\/\/www.keyangtools.com\/de\/wp-json\/wp\/v2\/media\/33848"}],"wp:attachment":[{"href":"https:\/\/www.keyangtools.com\/de\/wp-json\/wp\/v2\/media?parent=33843"}],"wp:term":[{"taxonomy":"product_brand","embeddable":true,"href":"https:\/\/www.keyangtools.com\/de\/wp-json\/wp\/v2\/product_brand?post=33843"},{"taxonomy":"product_cat","embeddable":true,"href":"https:\/\/www.keyangtools.com\/de\/wp-json\/wp\/v2\/product_cat?post=33843"},{"taxonomy":"product_tag","embeddable":true,"href":"https:\/\/www.keyangtools.com\/de\/wp-json\/wp\/v2\/product_tag?post=33843"}],"curies":[{"name":"wp","href":"https:\/\/api.w.org\/{rel}","templated":true}]}}