{"id":33936,"date":"2021-02-23T08:43:02","date_gmt":"2021-02-23T07:43:02","guid":{"rendered":"https:\/\/www.keyangtools.com\/product\/keyang-dg20blh-125sv-akku-winkelschleifer-18v-variable-speed-body\/"},"modified":"2024-01-12T17:56:38","modified_gmt":"2024-01-12T16:56:38","slug":"keyang-dg20blh-125sv-akku-winkelschleifer-18v-variable-speed-body","status":"publish","type":"product","link":"https:\/\/www.keyangtools.com\/de\/produkt\/keyang-dg20blh-125sv-akku-winkelschleifer-18v-variable-speed-body\/","title":{"rendered":"Keyang DG20BLH-125SV Akku-Winkelschleifer 18V \u2013 Variable Geschwindigkeit &#8211; BODY"},"content":{"rendered":"<p><img decoding=\"async\" class=\"size-full wp-image-33940\" src=\"https:\/\/www.keyangtools.com\/wp-content\/uploads\/2022\/11\/DG20BLH-125SV-BODY-DE.png\" alt=\"Keyang DG20BLH-125SV Akku-Winkelschleifer 18V \u2013 Variable Geschwindigkeit - BODY\" width=\"800\" height=\"6652\" srcset=\"https:\/\/www.keyangtools.com\/wp-content\/uploads\/2022\/11\/DG20BLH-125SV-BODY-DE.png 800w, https:\/\/www.keyangtools.com\/wp-content\/uploads\/2022\/11\/DG20BLH-125SV-BODY-DE-36x300.png 36w, https:\/\/www.keyangtools.com\/wp-content\/uploads\/2022\/11\/DG20BLH-125SV-BODY-DE-123x1024.png 123w, https:\/\/www.keyangtools.com\/wp-content\/uploads\/2022\/11\/DG20BLH-125SV-BODY-DE-768x6386.png 768w, https:\/\/www.keyangtools.com\/wp-content\/uploads\/2022\/11\/DG20BLH-125SV-BODY-DE-560x4656.png 560w\" sizes=\"(max-width: 800px) 100vw, 800px\" \/><\/p>\n","protected":false},"excerpt":{"rendered":"<p><strong>Umfang der Lieferung<\/strong><\/p>\n<ul>\n<li>Keyang DG20BLH-125SV Winkelschleifer 18V &#8211; BODY<\/li>\n<li>1 x Anti-Vibrations-Hilfsgriff<\/li>\n<li>Geliefert im Karton<\/li>\n<\/ul>\n<p>&nbsp;<\/p>\n<p><em><strong>Warum Keyang w\u00e4hlen?<\/strong><\/em><\/p>\n<p>Die koreanische Marke stellt seit mehr als 40 Jahren hochwertige Maschinen f\u00fcr die Industrie und das Baugewerbe her. Seit \u00fcber 25 Jahren produziert sie auch f\u00fcr mehrere A-Marken auf dem europ\u00e4ischen Markt (u. a. Kress &amp; Spit). Keyang hebt sich von seinen Mitbewerbern ab, indem es ausgezeichnete Qualit\u00e4t zu einem vern\u00fcnftigen Preis liefert. Ausgehend von einer f\u00fchrenden Position auf dem koreanischen Markt begann das Unternehmen, sich auch auf den europ\u00e4ischen Markt zu konzentrieren. In relativ kurzer Zeit hat sich die koreanische Marke zu einem vertrauensw\u00fcrdigen Namen in der Baubranche entwickelt. Das hat nichts mit geschicktem Marketing zu tun, sondern mit der \u00dcberzeugung, dass man mit kleinen Schritten hoch hinaus kann im Gesch\u00e4ft.<\/p>\n","protected":false},"featured_media":30728,"comment_status":"closed","ping_status":"closed","template":"","meta":[],"product_brand":[],"product_cat":[1209],"product_tag":[],"class_list":{"0":"post-33936","1":"product","2":"type-product","3":"status-publish","4":"has-post-thumbnail","6":"product_cat-akku-winkelschleifer","8":"first","9":"instock","10":"purchasable","11":"product-type-simple"},"_links":{"self":[{"href":"https:\/\/www.keyangtools.com\/de\/wp-json\/wp\/v2\/product\/33936","targetHints":{"allow":["GET"]}}],"collection":[{"href":"https:\/\/www.keyangtools.com\/de\/wp-json\/wp\/v2\/product"}],"about":[{"href":"https:\/\/www.keyangtools.com\/de\/wp-json\/wp\/v2\/types\/product"}],"replies":[{"embeddable":true,"href":"https:\/\/www.keyangtools.com\/de\/wp-json\/wp\/v2\/comments?post=33936"}],"wp:featuredmedia":[{"embeddable":true,"href":"https:\/\/www.keyangtools.com\/de\/wp-json\/wp\/v2\/media\/30728"}],"wp:attachment":[{"href":"https:\/\/www.keyangtools.com\/de\/wp-json\/wp\/v2\/media?parent=33936"}],"wp:term":[{"taxonomy":"product_brand","embeddable":true,"href":"https:\/\/www.keyangtools.com\/de\/wp-json\/wp\/v2\/product_brand?post=33936"},{"taxonomy":"product_cat","embeddable":true,"href":"https:\/\/www.keyangtools.com\/de\/wp-json\/wp\/v2\/product_cat?post=33936"},{"taxonomy":"product_tag","embeddable":true,"href":"https:\/\/www.keyangtools.com\/de\/wp-json\/wp\/v2\/product_tag?post=33936"}],"curies":[{"name":"wp","href":"https:\/\/api.w.org\/{rel}","templated":true}]}}