{"id":33972,"date":"2021-03-23T16:29:59","date_gmt":"2021-03-23T15:29:59","guid":{"rendered":"https:\/\/www.keyangtools.com\/product\/keyang-dd20blh100e-akku-bohrschrauber-18v-5-0ah\/"},"modified":"2024-01-12T17:49:09","modified_gmt":"2024-01-12T16:49:09","slug":"keyang-dd20blh100e-akku-bohrschrauber-18v-5-0ah","status":"publish","type":"product","link":"https:\/\/www.keyangtools.com\/de\/produkt\/keyang-dd20blh100e-akku-bohrschrauber-18v-5-0ah\/","title":{"rendered":"Keyang DD20BLH100E Akku-Bohrschrauber &#8211; 18V &#8211; 5.0Ah"},"content":{"rendered":"<p><img decoding=\"async\" class=\"size-full wp-image-33979\" src=\"https:\/\/www.keyangtools.com\/wp-content\/uploads\/2022\/11\/DD20BLH-100E-DE.png\" alt=\"Keyang DD20BLH100E Akku-Bohrschrauber - 18V - 5.0Ah\" width=\"800\" height=\"8026\" srcset=\"https:\/\/www.keyangtools.com\/wp-content\/uploads\/2022\/11\/DD20BLH-100E-DE.png 800w, https:\/\/www.keyangtools.com\/wp-content\/uploads\/2022\/11\/DD20BLH-100E-DE-30x300.png 30w, https:\/\/www.keyangtools.com\/wp-content\/uploads\/2022\/11\/DD20BLH-100E-DE-102x1024.png 102w, https:\/\/www.keyangtools.com\/wp-content\/uploads\/2022\/11\/DD20BLH-100E-DE-768x7705.png 768w, https:\/\/www.keyangtools.com\/wp-content\/uploads\/2022\/11\/DD20BLH-100E-DE-153x1536.png 153w, https:\/\/www.keyangtools.com\/wp-content\/uploads\/2022\/11\/DD20BLH-100E-DE-204x2048.png 204w, https:\/\/www.keyangtools.com\/wp-content\/uploads\/2022\/11\/DD20BLH-100E-DE-560x5618.png 560w\" sizes=\"(max-width: 800px) 100vw, 800px\" \/><\/p>\n","protected":false},"excerpt":{"rendered":"<p><strong>Scope of delivery<\/strong><\/p>\n<ul>\n<li>Keyang DD20BLH100E Drill driver<\/li>\n<li>2 x Li-ion Battery 5.0 Ah<\/li>\n<li>1 x Quick charger<\/li>\n<li>1 x Extra handle<\/li>\n<li>Delivered in case<\/li>\n<\/ul>\n<p>&nbsp;<\/p>\n<p><strong><em>Why choose Keyang?<\/em><\/strong><\/p>\n<p>Die koreanische Marke stellt seit mehr als 40 Jahren hochwertige Maschinen f\u00fcr die Industrie und das Baugewerbe her. Seit \u00fcber 25 Jahren produziert sie auch f\u00fcr mehrere A-Marken auf dem europ\u00e4ischen Markt (u. a. Kress &amp; Spit). Keyang hebt sich von seinen Mitbewerbern ab, indem es ausgezeichnete Qualit\u00e4t zu einem vern\u00fcnftigen Preis liefert. Ausgehend von einer f\u00fchrenden Position auf dem koreanischen Markt begann das Unternehmen, sich auch auf den europ\u00e4ischen Markt zu konzentrieren. In relativ kurzer Zeit hat sich die koreanische Marke zu einem vertrauensw\u00fcrdigen Namen in der Baubranche entwickelt. Das hat nichts mit geschicktem Marketing zu tun, sondern mit der \u00dcberzeugung, dass man mit kleinen Schritten hoch hinaus kann im Gesch\u00e4ft.<\/p>\n","protected":false},"featured_media":30656,"comment_status":"closed","ping_status":"closed","template":"","meta":[],"product_brand":[],"product_cat":[1205],"product_tag":[],"class_list":{"0":"post-33972","1":"product","2":"type-product","3":"status-publish","4":"has-post-thumbnail","6":"product_cat-akkubohrschrauber","7":"pif-has-gallery","9":"first","10":"instock","11":"purchasable","12":"product-type-simple"},"_links":{"self":[{"href":"https:\/\/www.keyangtools.com\/de\/wp-json\/wp\/v2\/product\/33972","targetHints":{"allow":["GET"]}}],"collection":[{"href":"https:\/\/www.keyangtools.com\/de\/wp-json\/wp\/v2\/product"}],"about":[{"href":"https:\/\/www.keyangtools.com\/de\/wp-json\/wp\/v2\/types\/product"}],"replies":[{"embeddable":true,"href":"https:\/\/www.keyangtools.com\/de\/wp-json\/wp\/v2\/comments?post=33972"}],"wp:featuredmedia":[{"embeddable":true,"href":"https:\/\/www.keyangtools.com\/de\/wp-json\/wp\/v2\/media\/30656"}],"wp:attachment":[{"href":"https:\/\/www.keyangtools.com\/de\/wp-json\/wp\/v2\/media?parent=33972"}],"wp:term":[{"taxonomy":"product_brand","embeddable":true,"href":"https:\/\/www.keyangtools.com\/de\/wp-json\/wp\/v2\/product_brand?post=33972"},{"taxonomy":"product_cat","embeddable":true,"href":"https:\/\/www.keyangtools.com\/de\/wp-json\/wp\/v2\/product_cat?post=33972"},{"taxonomy":"product_tag","embeddable":true,"href":"https:\/\/www.keyangtools.com\/de\/wp-json\/wp\/v2\/product_tag?post=33972"}],"curies":[{"name":"wp","href":"https:\/\/api.w.org\/{rel}","templated":true}]}}