{"id":33983,"date":"2021-03-23T16:26:49","date_gmt":"2021-03-23T15:26:49","guid":{"rendered":"https:\/\/www.keyangtools.com\/product\/keyang-dd20blh100e-akku-bohrschrauber-body\/"},"modified":"2024-01-12T17:49:27","modified_gmt":"2024-01-12T16:49:27","slug":"keyang-dd20blh100e-akku-bohrschrauber-body","status":"publish","type":"product","link":"https:\/\/www.keyangtools.com\/de\/produkt\/keyang-dd20blh100e-akku-bohrschrauber-body\/","title":{"rendered":"Keyang DD20BLH100E Akku-Bohrschrauber &#8211; BODY"},"content":{"rendered":"<p><img decoding=\"async\" class=\"size-full wp-image-33987 aligncenter\" src=\"https:\/\/www.keyangtools.com\/wp-content\/uploads\/2022\/11\/DD20BLH-100E-BODY-DE.png\" alt=\"Keyang DD20BLH100E Akku-Bohrschrauber - BODY\" width=\"750\" height=\"7524\" srcset=\"https:\/\/www.keyangtools.com\/wp-content\/uploads\/2022\/11\/DD20BLH-100E-BODY-DE.png 750w, https:\/\/www.keyangtools.com\/wp-content\/uploads\/2022\/11\/DD20BLH-100E-BODY-DE-30x300.png 30w, https:\/\/www.keyangtools.com\/wp-content\/uploads\/2022\/11\/DD20BLH-100E-BODY-DE-102x1024.png 102w, https:\/\/www.keyangtools.com\/wp-content\/uploads\/2022\/11\/DD20BLH-100E-BODY-DE-153x1536.png 153w, https:\/\/www.keyangtools.com\/wp-content\/uploads\/2022\/11\/DD20BLH-100E-BODY-DE-204x2048.png 204w, https:\/\/www.keyangtools.com\/wp-content\/uploads\/2022\/11\/DD20BLH-100E-BODY-DE-560x5618.png 560w\" sizes=\"(max-width: 750px) 100vw, 750px\" \/><\/p>\n","protected":false},"excerpt":{"rendered":"<p id=\"tw-target-text\" class=\"tw-data-text tw-text-large tw-ta\" dir=\"ltr\" data-placeholder=\"Vertaling\"><strong><span class=\"Y2IQFc\" lang=\"de\">Lieferumfang <\/span><\/strong><\/p>\n<ul>\n<li class=\"tw-data-text tw-text-large tw-ta\" dir=\"ltr\" data-placeholder=\"Vertaling\"><span class=\"Y2IQFc\" lang=\"de\">Keyang DD20BLH100E Bohrschrauber \u2013 BODY<\/span><\/li>\n<li class=\"tw-data-text tw-text-large tw-ta\" dir=\"ltr\" data-placeholder=\"Vertaling\"><span class=\"Y2IQFc\" lang=\"de\"> 1 x Zusatzgriff <\/span><\/li>\n<li class=\"tw-data-text tw-text-large tw-ta\" dir=\"ltr\" data-placeholder=\"Vertaling\"><span class=\"Y2IQFc\" lang=\"de\">Lieferung im Koffer<\/span><\/li>\n<\/ul>\n<p>&nbsp;<\/p>\n<p id=\"tw-target-text\" class=\"tw-data-text tw-text-large tw-ta\" dir=\"ltr\" data-placeholder=\"Vertaling\"><em><span class=\"Y2IQFc\" lang=\"de\"><strong>Warum Keyang w\u00e4hlen?<\/strong> <\/span><\/em><\/p>\n<p class=\"tw-data-text tw-text-large tw-ta\" dir=\"ltr\" data-placeholder=\"Vertaling\">Die koreanische Marke stellt seit mehr als 40 Jahren hochwertige Maschinen f\u00fcr die Industrie und das Baugewerbe her. Seit \u00fcber 25 Jahren produziert sie auch f\u00fcr mehrere A-Marken auf dem europ\u00e4ischen Markt (u. a. Kress &amp; Spit). Keyang hebt sich von seinen Mitbewerbern ab, indem es ausgezeichnete Qualit\u00e4t zu einem vern\u00fcnftigen Preis liefert. Ausgehend von einer f\u00fchrenden Position auf dem koreanischen Markt begann das Unternehmen, sich auch auf den europ\u00e4ischen Markt zu konzentrieren. In relativ kurzer Zeit hat sich die koreanische Marke zu einem vertrauensw\u00fcrdigen Namen in der Baubranche entwickelt. Das hat nichts mit geschicktem Marketing zu tun, sondern mit der \u00dcberzeugung, dass man mit kleinen Schritten hoch hinaus kann im Gesch\u00e4ft.<\/p>\n","protected":false},"featured_media":30666,"comment_status":"closed","ping_status":"closed","template":"","meta":[],"product_brand":[],"product_cat":[1205],"product_tag":[],"class_list":{"0":"post-33983","1":"product","2":"type-product","3":"status-publish","4":"has-post-thumbnail","6":"product_cat-akkubohrschrauber","7":"pif-has-gallery","9":"first","10":"instock","11":"purchasable","12":"product-type-simple"},"_links":{"self":[{"href":"https:\/\/www.keyangtools.com\/de\/wp-json\/wp\/v2\/product\/33983","targetHints":{"allow":["GET"]}}],"collection":[{"href":"https:\/\/www.keyangtools.com\/de\/wp-json\/wp\/v2\/product"}],"about":[{"href":"https:\/\/www.keyangtools.com\/de\/wp-json\/wp\/v2\/types\/product"}],"replies":[{"embeddable":true,"href":"https:\/\/www.keyangtools.com\/de\/wp-json\/wp\/v2\/comments?post=33983"}],"wp:featuredmedia":[{"embeddable":true,"href":"https:\/\/www.keyangtools.com\/de\/wp-json\/wp\/v2\/media\/30666"}],"wp:attachment":[{"href":"https:\/\/www.keyangtools.com\/de\/wp-json\/wp\/v2\/media?parent=33983"}],"wp:term":[{"taxonomy":"product_brand","embeddable":true,"href":"https:\/\/www.keyangtools.com\/de\/wp-json\/wp\/v2\/product_brand?post=33983"},{"taxonomy":"product_cat","embeddable":true,"href":"https:\/\/www.keyangtools.com\/de\/wp-json\/wp\/v2\/product_cat?post=33983"},{"taxonomy":"product_tag","embeddable":true,"href":"https:\/\/www.keyangtools.com\/de\/wp-json\/wp\/v2\/product_tag?post=33983"}],"curies":[{"name":"wp","href":"https:\/\/api.w.org\/{rel}","templated":true}]}}