{"id":34009,"date":"2021-03-23T16:25:11","date_gmt":"2021-03-23T15:25:11","guid":{"rendered":"https:\/\/www.keyangtools.com\/product\/keyang-dm20blh100e-akku-schlagbohrschrauber-body-neu\/"},"modified":"2024-01-12T17:49:52","modified_gmt":"2024-01-12T16:49:52","slug":"keyang-dm20blh100e-akku-schlagbohrschrauber-body-neu","status":"publish","type":"product","link":"https:\/\/www.keyangtools.com\/de\/produkt\/keyang-dm20blh100e-akku-schlagbohrschrauber-body-neu\/","title":{"rendered":"Keyang DM20BLH100E Akku-Schlagbohrschrauber &#8211; BODY | NEU"},"content":{"rendered":"<p><img decoding=\"async\" class=\"size-full wp-image-34010\" src=\"https:\/\/www.keyangtools.com\/wp-content\/uploads\/2022\/11\/DM20BLH100E-BODY-DE.png\" alt=\"Keyang DM20BLH100E Akku-Schlagbohrschrauber - BODY | NEU\" width=\"750\" height=\"7524\" srcset=\"https:\/\/www.keyangtools.com\/wp-content\/uploads\/2022\/11\/DM20BLH100E-BODY-DE.png 750w, https:\/\/www.keyangtools.com\/wp-content\/uploads\/2022\/11\/DM20BLH100E-BODY-DE-30x300.png 30w, https:\/\/www.keyangtools.com\/wp-content\/uploads\/2022\/11\/DM20BLH100E-BODY-DE-102x1024.png 102w, https:\/\/www.keyangtools.com\/wp-content\/uploads\/2022\/11\/DM20BLH100E-BODY-DE-153x1536.png 153w, https:\/\/www.keyangtools.com\/wp-content\/uploads\/2022\/11\/DM20BLH100E-BODY-DE-204x2048.png 204w, https:\/\/www.keyangtools.com\/wp-content\/uploads\/2022\/11\/DM20BLH100E-BODY-DE-560x5618.png 560w\" sizes=\"(max-width: 750px) 100vw, 750px\" \/><\/p>\n","protected":false},"excerpt":{"rendered":"<h2>NEU im Sortiment!<\/h2>\n<p><em><strong>Warum Keyang w\u00e4hlen?<\/strong><\/em><\/p>\n<p>Die koreanische Marke stellt seit mehr als 40 Jahren hochwertige Maschinen f\u00fcr die Industrie und das Baugewerbe her. Seit \u00fcber 25 Jahren produziert sie auch f\u00fcr mehrere A-Marken auf dem europ\u00e4ischen Markt (u. a. Kress &amp; Spit). Keyang hebt sich von seinen Mitbewerbern ab, indem es ausgezeichnete Qualit\u00e4t zu einem vern\u00fcnftigen Preis liefert. Ausgehend von einer f\u00fchrenden Position auf dem koreanischen Markt begann das Unternehmen, sich auch auf den europ\u00e4ischen Markt zu konzentrieren. In relativ kurzer Zeit hat sich die koreanische Marke zu einem vertrauensw\u00fcrdigen Namen in der Baubranche entwickelt. Das hat nichts mit geschicktem Marketing zu tun, sondern mit der \u00dcberzeugung, dass man mit kleinen Schritten hoch hinaus kann im Gesch\u00e4ft.<\/p>\n[video width=\"1440\" height=\"810\" mp4=\"https:\/\/www.kem-europe.eu\/wp-content\/uploads\/2021\/02\/DDDM20BLH1OOE-ENG_1080p.mp4\"][\/video]\n<p>&nbsp;<\/p>\n[embed]https:\/\/www.youtube.com\/watch?v=zf3Hqit1Pbc&amp;feature=youtu.be[\/embed]\n<p id=\"tw-target-text\" class=\"tw-data-text tw-text-large tw-ta\" dir=\"ltr\" data-placeholder=\"Vertaling\"><strong><span class=\"Y2IQFc\" lang=\"de\">Lieferumfang <\/span><\/strong><\/p>\n<ul>\n<li class=\"tw-data-text tw-text-large tw-ta\" dir=\"ltr\" data-placeholder=\"Vertaling\"><span class=\"Y2IQFc\" lang=\"de\">Keyang DM20BLH100E Akku-Schlagbohrschrauber 18V 5,0Ah \u2013 BODY<\/span><\/li>\n<li class=\"tw-data-text tw-text-large tw-ta\" dir=\"ltr\" data-placeholder=\"Vertaling\"><span class=\"Y2IQFc\" lang=\"de\">Lieferung im Karton<\/span><\/li>\n<\/ul>\n","protected":false},"featured_media":30676,"comment_status":"closed","ping_status":"closed","template":"","meta":[],"product_brand":[],"product_cat":[1211,1197],"product_tag":[],"class_list":{"0":"post-34009","1":"product","2":"type-product","3":"status-publish","4":"has-post-thumbnail","6":"product_cat-akku-schlagbohrschrauber","7":"product_cat-akkubetriebene-maschinen","8":"pif-has-gallery","10":"first","11":"instock","12":"purchasable","13":"product-type-simple"},"_links":{"self":[{"href":"https:\/\/www.keyangtools.com\/de\/wp-json\/wp\/v2\/product\/34009","targetHints":{"allow":["GET"]}}],"collection":[{"href":"https:\/\/www.keyangtools.com\/de\/wp-json\/wp\/v2\/product"}],"about":[{"href":"https:\/\/www.keyangtools.com\/de\/wp-json\/wp\/v2\/types\/product"}],"replies":[{"embeddable":true,"href":"https:\/\/www.keyangtools.com\/de\/wp-json\/wp\/v2\/comments?post=34009"}],"wp:featuredmedia":[{"embeddable":true,"href":"https:\/\/www.keyangtools.com\/de\/wp-json\/wp\/v2\/media\/30676"}],"wp:attachment":[{"href":"https:\/\/www.keyangtools.com\/de\/wp-json\/wp\/v2\/media?parent=34009"}],"wp:term":[{"taxonomy":"product_brand","embeddable":true,"href":"https:\/\/www.keyangtools.com\/de\/wp-json\/wp\/v2\/product_brand?post=34009"},{"taxonomy":"product_cat","embeddable":true,"href":"https:\/\/www.keyangtools.com\/de\/wp-json\/wp\/v2\/product_cat?post=34009"},{"taxonomy":"product_tag","embeddable":true,"href":"https:\/\/www.keyangtools.com\/de\/wp-json\/wp\/v2\/product_tag?post=34009"}],"curies":[{"name":"wp","href":"https:\/\/api.w.org\/{rel}","templated":true}]}}