{"id":34044,"date":"2021-08-07T08:34:20","date_gmt":"2021-08-07T06:34:20","guid":{"rendered":"https:\/\/www.keyangtools.com\/product\/keyang-js135-750v-stichsage-135-mm-750w\/"},"modified":"2024-01-12T16:56:14","modified_gmt":"2024-01-12T15:56:14","slug":"keyang-js135-750v-stichsage-135-mm-750w","status":"publish","type":"product","link":"https:\/\/www.keyangtools.com\/de\/produkt\/keyang-js135-750v-stichsage-135-mm-750w\/","title":{"rendered":"Keyang JS135-750V Stichs\u00e4ge 135 mm &#8211; 750W"},"content":{"rendered":"<p><img decoding=\"async\" class=\"size-full wp-image-34040\" src=\"https:\/\/www.keyangtools.com\/wp-content\/uploads\/2022\/11\/JS135-750V-DE.png\" alt=\"Keyang JS135-750V Stichs\u00e4ge 135 mm - 750W\" width=\"750\" height=\"5554\" srcset=\"https:\/\/www.keyangtools.com\/wp-content\/uploads\/2022\/11\/JS135-750V-DE.png 750w, https:\/\/www.keyangtools.com\/wp-content\/uploads\/2022\/11\/JS135-750V-DE-560x4147.png 560w\" sizes=\"(max-width: 750px) 100vw, 750px\" \/><\/p>\n","protected":false},"excerpt":{"rendered":"<p><em><strong>Warum Keyang w\u00e4hlen?<\/strong><\/em><\/p>\n<p>Die koreanische Marke stellt seit mehr als 40 Jahren hochwertige Maschinen f\u00fcr die Industrie und das Baugewerbe her. Seit \u00fcber 25 Jahren produziert sie auch f\u00fcr mehrere A-Marken auf dem europ\u00e4ischen Markt (u. a. Kress &amp; Spit). Keyang hebt sich von seinen Mitbewerbern ab, indem es ausgezeichnete Qualit\u00e4t zu einem vern\u00fcnftigen Preis liefert. Ausgehend von einer f\u00fchrenden Position auf dem koreanischen Markt begann das Unternehmen, sich auch auf den europ\u00e4ischen Markt zu konzentrieren. In relativ kurzer Zeit hat sich die koreanische Marke zu einem vertrauensw\u00fcrdigen Namen in der Baubranche entwickelt. Das hat nichts mit geschicktem Marketing zu tun, sondern mit der \u00dcberzeugung, dass man mit kleinen Schritten hoch hinaus kann im Gesch\u00e4ft.<\/p>\n<p>Wie Sie vielleicht schon bemerkt haben, verf\u00fcgt diese Stichs\u00e4ge \u00fcber einen leistungsstarken 750-W-Motor (einschlie\u00dflich Kohleb\u00fcrsten), der sie in Bezug auf Schnittleistung und Geschwindigkeit im oberen Segment der kabelgebundenen Stichs\u00e4gen ansiedelt. Die S\u00e4ge verf\u00fcgt \u00fcber eine variable Drehzahlregelung von 600 bis 2.800 U\/min auf der R\u00fcckseite und einen Schalter f\u00fcr die variable Drehzahl. Die JS135-750V hat eine Hubl\u00e4nge von 26 mm mit einer Schnittkapazit\u00e4t von 10 mm in Stahl und 135 mm in Holz. An der Seite befinden sich u. a. Schalter f\u00fcr die Blasfunktion und den Sperrschalter. Das Ger\u00e4t hat ein Gewicht von 3,2 kg. Das Innenleben wird als unkompliziert und robust beschrieben, mit einem langlebigen Aluminium-Getriebe und leicht zu wartenden Teilen.<\/p>\n<p>&nbsp;<\/p>\n<p><strong>Umfang der Lieferung<\/strong><\/p>\n<ul>\n<li>Keyang JS135-750V Stichs\u00e4ge 135 mm \u2013 750W<\/li>\n<li>1x Gebrauchsanweisung<\/li>\n<li>1x Inbusschl\u00fcssel<\/li>\n<li>1x Kohleb\u00fcrste<\/li>\n<li>1x Schrauben<\/li>\n<li><span class=\"Y2IQFc\" lang=\"de\">Lieferung im Karton<\/span><\/li>\n<\/ul>\n","protected":false},"featured_media":34047,"comment_status":"closed","ping_status":"closed","template":"","meta":[],"product_brand":[],"product_cat":[1212],"product_tag":[],"class_list":{"0":"post-34044","1":"product","2":"type-product","3":"status-publish","4":"has-post-thumbnail","6":"product_cat-stichsage","7":"pif-has-gallery","9":"first","10":"onbackorder","11":"shipping-taxable","12":"purchasable","13":"product-type-simple"},"_links":{"self":[{"href":"https:\/\/www.keyangtools.com\/de\/wp-json\/wp\/v2\/product\/34044","targetHints":{"allow":["GET"]}}],"collection":[{"href":"https:\/\/www.keyangtools.com\/de\/wp-json\/wp\/v2\/product"}],"about":[{"href":"https:\/\/www.keyangtools.com\/de\/wp-json\/wp\/v2\/types\/product"}],"replies":[{"embeddable":true,"href":"https:\/\/www.keyangtools.com\/de\/wp-json\/wp\/v2\/comments?post=34044"}],"wp:featuredmedia":[{"embeddable":true,"href":"https:\/\/www.keyangtools.com\/de\/wp-json\/wp\/v2\/media\/34047"}],"wp:attachment":[{"href":"https:\/\/www.keyangtools.com\/de\/wp-json\/wp\/v2\/media?parent=34044"}],"wp:term":[{"taxonomy":"product_brand","embeddable":true,"href":"https:\/\/www.keyangtools.com\/de\/wp-json\/wp\/v2\/product_brand?post=34044"},{"taxonomy":"product_cat","embeddable":true,"href":"https:\/\/www.keyangtools.com\/de\/wp-json\/wp\/v2\/product_cat?post=34044"},{"taxonomy":"product_tag","embeddable":true,"href":"https:\/\/www.keyangtools.com\/de\/wp-json\/wp\/v2\/product_tag?post=34044"}],"curies":[{"name":"wp","href":"https:\/\/api.w.org\/{rel}","templated":true}]}}