{"id":56368,"date":"2021-06-25T08:45:18","date_gmt":"2021-06-25T06:45:18","guid":{"rendered":"https:\/\/www.keyangtools.com\/product\/keyang-ktb-04-werkzeugtasche-280-x-280-x-380-mm\/"},"modified":"2023-07-04T10:24:32","modified_gmt":"2023-07-04T08:24:32","slug":"keyang-ktb-04-werkzeugtasche-280-x-280-x-380-mm","status":"publish","type":"product","link":"https:\/\/www.keyangtools.com\/de\/produkt\/keyang-ktb-04-werkzeugtasche-280-x-280-x-380-mm\/","title":{"rendered":"Keyang KTB-04 Werkzeugtasche &#8211; 280 x 280 x 380 mm"},"content":{"rendered":"<p><strong>Merkmale Keyang KTB-04 Werkzeugtasche &#8211; 280 x 280 x 380 mm<\/strong><\/p>\n<ul>\n<li>Verschiedene Innen- und Au\u00dfenf\u00e4cher sorgen f\u00fcr eine geordnete Aufbewahrung<\/li>\n<li>Zuverl\u00e4ssige Haltbarkeit durch abriebfestes Material<\/li>\n<li>Bequemer Sitz dank Schulterpolster<\/li>\n<li>Offenes Design f\u00fcr verschiedene Aufbewahrungsm\u00f6glichkeiten<\/li>\n<\/ul>\n<p><strong>Technische Daten<\/strong><\/p>\n<ul>\n<li>Abmessungen &#8211; 280 x 280 x 380 mm<\/li>\n<li>Maximale Tragf\u00e4higkeit &#8211; 12 kg<\/li>\n<\/ul>\n<p><strong>Umfang der Lieferung<\/strong><\/p>\n<ul>\n<li>Keyang KTB-04 Werkzeugtasche &#8211; 280 x 280 x 380 mm<\/li>\n<\/ul>\n","protected":false},"excerpt":{"rendered":"<p><strong>Umfang der Lieferung<\/strong><\/p>\n<ul>\n<li>Keyang KTB-04 Werkzeugtasche &#8211; 280 x 280 x 380 mm<\/li>\n<\/ul>\n","protected":false},"featured_media":55698,"comment_status":"closed","ping_status":"closed","template":"","meta":[],"product_brand":[],"product_cat":[993,1003],"product_tag":[],"class_list":{"0":"post-56368","1":"product","2":"type-product","3":"status-publish","4":"has-post-thumbnail","6":"product_cat-overige-de","7":"product_cat-accessoires-de","8":"pif-has-gallery","10":"first","11":"onbackorder","12":"shipping-taxable","13":"purchasable","14":"product-type-simple"},"_links":{"self":[{"href":"https:\/\/www.keyangtools.com\/de\/wp-json\/wp\/v2\/product\/56368","targetHints":{"allow":["GET"]}}],"collection":[{"href":"https:\/\/www.keyangtools.com\/de\/wp-json\/wp\/v2\/product"}],"about":[{"href":"https:\/\/www.keyangtools.com\/de\/wp-json\/wp\/v2\/types\/product"}],"replies":[{"embeddable":true,"href":"https:\/\/www.keyangtools.com\/de\/wp-json\/wp\/v2\/comments?post=56368"}],"wp:featuredmedia":[{"embeddable":true,"href":"https:\/\/www.keyangtools.com\/de\/wp-json\/wp\/v2\/media\/55698"}],"wp:attachment":[{"href":"https:\/\/www.keyangtools.com\/de\/wp-json\/wp\/v2\/media?parent=56368"}],"wp:term":[{"taxonomy":"product_brand","embeddable":true,"href":"https:\/\/www.keyangtools.com\/de\/wp-json\/wp\/v2\/product_brand?post=56368"},{"taxonomy":"product_cat","embeddable":true,"href":"https:\/\/www.keyangtools.com\/de\/wp-json\/wp\/v2\/product_cat?post=56368"},{"taxonomy":"product_tag","embeddable":true,"href":"https:\/\/www.keyangtools.com\/de\/wp-json\/wp\/v2\/product_tag?post=56368"}],"curies":[{"name":"wp","href":"https:\/\/api.w.org\/{rel}","templated":true}]}}