{"id":56377,"date":"2021-03-24T09:58:26","date_gmt":"2021-03-24T08:58:26","guid":{"rendered":"https:\/\/www.keyangtools.com\/product\/keyang-dg125-15s-winkelschleifer-125mm-1500w\/"},"modified":"2023-07-04T10:52:33","modified_gmt":"2023-07-04T08:52:33","slug":"keyang-dg125-15s-winkelschleifer-125mm-1500w","status":"publish","type":"product","link":"https:\/\/www.keyangtools.com\/de\/produkt\/keyang-dg125-15s-winkelschleifer-125mm-1500w\/","title":{"rendered":"Keyang DG125-15S Winkelschleifer &#8211; 125mm 1500W"},"content":{"rendered":"<p><strong>Eigenschaften Keyang DG125-15S Winkelschleifer &#8211; 125mm 1500W<\/strong><\/p>\n<ul>\n<li>Anti-Vibrations-Griff<\/li>\n<li>Quick-Lock-Schutz<\/li>\n<li>\u00dcberlast- und Wiederanlaufschutz<\/li>\n<li>Direkte K\u00fchlung f\u00fcr hohe \u00dcberlastf\u00e4higkeit und lange Lebensdauer<\/li>\n<li>Gute Handhabung durch schlankes Geh\u00e4use<\/li>\n<li>Auto-Stopp-Kohleb\u00fcrsten<\/li>\n<li>Konstante Geschwindigkeit<\/li>\n<li>Einrastschalter<\/li>\n<li>Getriebekopf um 90 Grad drehbar<\/li>\n<li>Griff kann links oder rechts montiert werden<\/li>\n<li>Auch f\u00fcr Linksh\u00e4nder geeignet<\/li>\n<\/ul>\n<p><strong>Technische Daten<\/strong><\/p>\n<ul>\n<li>Leistung &#8211; 1500 W<\/li>\n<li>Gewindegr\u00f6\u00dfe &#8211; M14<\/li>\n<li>Leerlaufdrehzahl &#8211; 11.500 U\/min<\/li>\n<li>Scheibengr\u00f6\u00dfe &#8211; 125 mm<\/li>\n<li>Scheibe &#8211; TYP 27<\/li>\n<li>Gewicht &#8211; 2,4 kg<\/li>\n<\/ul>\n<p><strong>Umfang der Lieferung<\/strong><\/p>\n<ul>\n<li>Keyang DG125-15S Winkelschleifer &#8211; 125mm 1500W<\/li>\n<li>1 x Schutzh\u00fclle<\/li>\n<li>1 x Schraubenschl\u00fcssel<\/li>\n<li>1 x Seitlicher Griff<\/li>\n<li>Geliefert in einer Schachtel<\/li>\n<\/ul>\n","protected":false},"excerpt":{"rendered":"<p>Der Keyang DG125-15SV Winkelschleifer zeichnet sich durch sehr geringe Vibrationen und direkte K\u00fchlung f\u00fcr hohe \u00dcberlastf\u00e4higkeit aus. Dar\u00fcber hinaus verf\u00fcgt der Winkelschleifer \u00fcber eine perfekte Ergonomie und verbesserte Sicherheitsmerkmale. Nie zuvor war die maximale Leistung so \u00fcberschaubar.<\/p>\n<p>&nbsp;<\/p>\n<p><strong>Umfang der Lieferung<\/strong><\/p>\n<ul>\n<li>Keyang DG125-15S Winkelschleifer &#8211; 125mm 1500W<\/li>\n<li>1 x Schutzh\u00fclle<\/li>\n<li>1 x Schraubenschl\u00fcssel<\/li>\n<li>1 x Seitlicher Griff<\/li>\n<li>Geliefert in einer Schachtel<\/li>\n<\/ul>\n","protected":false},"featured_media":30599,"comment_status":"closed","ping_status":"closed","template":"","meta":[],"product_brand":[],"product_cat":[1207,1208],"product_tag":[],"class_list":{"0":"post-56377","1":"product","2":"type-product","3":"status-publish","4":"has-post-thumbnail","6":"product_cat-maschinen","7":"product_cat-winkelschleifer","8":"pif-has-gallery","10":"first","11":"instock","12":"shipping-taxable","13":"purchasable","14":"product-type-simple"},"_links":{"self":[{"href":"https:\/\/www.keyangtools.com\/de\/wp-json\/wp\/v2\/product\/56377","targetHints":{"allow":["GET"]}}],"collection":[{"href":"https:\/\/www.keyangtools.com\/de\/wp-json\/wp\/v2\/product"}],"about":[{"href":"https:\/\/www.keyangtools.com\/de\/wp-json\/wp\/v2\/types\/product"}],"replies":[{"embeddable":true,"href":"https:\/\/www.keyangtools.com\/de\/wp-json\/wp\/v2\/comments?post=56377"}],"wp:featuredmedia":[{"embeddable":true,"href":"https:\/\/www.keyangtools.com\/de\/wp-json\/wp\/v2\/media\/30599"}],"wp:attachment":[{"href":"https:\/\/www.keyangtools.com\/de\/wp-json\/wp\/v2\/media?parent=56377"}],"wp:term":[{"taxonomy":"product_brand","embeddable":true,"href":"https:\/\/www.keyangtools.com\/de\/wp-json\/wp\/v2\/product_brand?post=56377"},{"taxonomy":"product_cat","embeddable":true,"href":"https:\/\/www.keyangtools.com\/de\/wp-json\/wp\/v2\/product_cat?post=56377"},{"taxonomy":"product_tag","embeddable":true,"href":"https:\/\/www.keyangtools.com\/de\/wp-json\/wp\/v2\/product_tag?post=56377"}],"curies":[{"name":"wp","href":"https:\/\/api.w.org\/{rel}","templated":true}]}}