{"id":56498,"date":"2022-11-18T09:31:48","date_gmt":"2022-11-18T08:31:48","guid":{"rendered":"https:\/\/www.keyangtools.com\/product\/keyang-werkzeugkaesten-verschiedene-groessen\/"},"modified":"2023-08-24T11:04:31","modified_gmt":"2023-08-24T09:04:31","slug":"keyang-werkzeugkasten-verschiedene-grosen","status":"publish","type":"product","link":"https:\/\/www.keyangtools.com\/de\/produkt\/keyang-werkzeugkasten-verschiedene-grosen\/","title":{"rendered":"Keyang Werkzeugk\u00e4sten &#8211; Verschiedene Gr\u00f6\u00dfen"},"content":{"rendered":"<p><img decoding=\"async\" class=\"aligncenter size-full wp-image-62229\" src=\"https:\/\/www.keyangtools.com\/wp-content\/uploads\/2022\/11\/KEYBOX-01-02-DE-correct-1.png\" alt=\"\" width=\"750\" height=\"5002\" srcset=\"https:\/\/www.keyangtools.com\/wp-content\/uploads\/2022\/11\/KEYBOX-01-02-DE-correct-1.png 750w, https:\/\/www.keyangtools.com\/wp-content\/uploads\/2022\/11\/KEYBOX-01-02-DE-correct-1-45x300.png 45w, https:\/\/www.keyangtools.com\/wp-content\/uploads\/2022\/11\/KEYBOX-01-02-DE-correct-1-307x2048.png 307w, https:\/\/www.keyangtools.com\/wp-content\/uploads\/2022\/11\/KEYBOX-01-02-DE-correct-1-560x3735.png 560w\" sizes=\"(max-width: 750px) 100vw, 750px\" \/><\/p>\n","protected":false},"excerpt":{"rendered":"<p><strong>Umfang der Lieferung<\/strong><\/p>\n<ul>\n<li>Keyang Werkzeugkasten<\/li>\n<\/ul>\n","protected":false},"featured_media":56448,"comment_status":"closed","ping_status":"closed","template":"","meta":[],"product_brand":[],"product_cat":[993],"product_tag":[],"class_list":{"0":"post-56498","1":"product","2":"type-product","3":"status-publish","4":"has-post-thumbnail","6":"product_cat-overige-de","7":"pif-has-gallery","9":"first","10":"instock","11":"shipping-taxable","12":"purchasable","13":"product-type-simple"},"_links":{"self":[{"href":"https:\/\/www.keyangtools.com\/de\/wp-json\/wp\/v2\/product\/56498","targetHints":{"allow":["GET"]}}],"collection":[{"href":"https:\/\/www.keyangtools.com\/de\/wp-json\/wp\/v2\/product"}],"about":[{"href":"https:\/\/www.keyangtools.com\/de\/wp-json\/wp\/v2\/types\/product"}],"replies":[{"embeddable":true,"href":"https:\/\/www.keyangtools.com\/de\/wp-json\/wp\/v2\/comments?post=56498"}],"wp:featuredmedia":[{"embeddable":true,"href":"https:\/\/www.keyangtools.com\/de\/wp-json\/wp\/v2\/media\/56448"}],"wp:attachment":[{"href":"https:\/\/www.keyangtools.com\/de\/wp-json\/wp\/v2\/media?parent=56498"}],"wp:term":[{"taxonomy":"product_brand","embeddable":true,"href":"https:\/\/www.keyangtools.com\/de\/wp-json\/wp\/v2\/product_brand?post=56498"},{"taxonomy":"product_cat","embeddable":true,"href":"https:\/\/www.keyangtools.com\/de\/wp-json\/wp\/v2\/product_cat?post=56498"},{"taxonomy":"product_tag","embeddable":true,"href":"https:\/\/www.keyangtools.com\/de\/wp-json\/wp\/v2\/product_tag?post=56498"}],"curies":[{"name":"wp","href":"https:\/\/api.w.org\/{rel}","templated":true}]}}