{"id":56505,"date":"2021-03-24T09:32:40","date_gmt":"2021-03-24T08:32:40","guid":{"rendered":"https:\/\/www.keyangtools.com\/product\/keyang-dg230-22-winkelschleifer-230-mm-2200w\/"},"modified":"2023-07-04T11:30:07","modified_gmt":"2023-07-04T09:30:07","slug":"keyang-dg230-22-winkelschleifer-230-mm-2200w","status":"publish","type":"product","link":"https:\/\/www.keyangtools.com\/de\/produkt\/keyang-dg230-22-winkelschleifer-230-mm-2200w\/","title":{"rendered":"Keyang DG230-22 Winkelschleifer &#8211; 230 mm 2200W"},"content":{"rendered":"<p id=\"tw-target-text\" class=\"tw-data-text tw-text-large tw-ta\" dir=\"ltr\" data-placeholder=\"Vertaling\"><strong><span class=\"Y2IQFc\" lang=\"de\">Eigenschaften Keyang DG230-22 Winkelschleifer 230mm 2200W <\/span><\/strong><\/p>\n<ul>\n<li class=\"tw-data-text tw-text-large tw-ta\" dir=\"ltr\" data-placeholder=\"Vertaling\"><span class=\"Y2IQFc\" lang=\"de\">Weicher Start <\/span><\/li>\n<li class=\"tw-data-text tw-text-large tw-ta\" dir=\"ltr\" data-placeholder=\"Vertaling\"><span class=\"Y2IQFc\" lang=\"de\">Softgrip <\/span><\/li>\n<li class=\"tw-data-text tw-text-large tw-ta\" dir=\"ltr\" data-placeholder=\"Vertaling\"><span class=\"Y2IQFc\" lang=\"de\">Neustartschutz <\/span><\/li>\n<li class=\"tw-data-text tw-text-large tw-ta\" dir=\"ltr\" data-placeholder=\"Vertaling\"><span class=\"Y2IQFc\" lang=\"de\">Anti-Vibrations-Griff <\/span><\/li>\n<li class=\"tw-data-text tw-text-large tw-ta\" dir=\"ltr\" data-placeholder=\"Vertaling\"><span class=\"Y2IQFc\" lang=\"de\">Gummigriff <\/span><\/li>\n<li class=\"tw-data-text tw-text-large tw-ta\" dir=\"ltr\" data-placeholder=\"Vertaling\"><span class=\"Y2IQFc\" lang=\"de\">Verdrehsichere Schutzh\u00fclle <\/span><\/li>\n<li class=\"tw-data-text tw-text-large tw-ta\" dir=\"ltr\" data-placeholder=\"Vertaling\"><span class=\"Y2IQFc\" lang=\"de\">Schnell und einfach einzustellen <\/span><\/li>\n<li class=\"tw-data-text tw-text-large tw-ta\" dir=\"ltr\" data-placeholder=\"Vertaling\"><span class=\"Y2IQFc\" lang=\"de\">Direktk\u00fchlung f\u00fcr hohe \u00dcberlastf\u00e4higkeit und lange Lebensdauer <\/span><\/li>\n<li class=\"tw-data-text tw-text-large tw-ta\" dir=\"ltr\" data-placeholder=\"Vertaling\"><span class=\"Y2IQFc\" lang=\"de\">Geeignet f\u00fcr SDS-Schnellspanner <\/span><\/li>\n<li class=\"tw-data-text tw-text-large tw-ta\" dir=\"ltr\" data-placeholder=\"Vertaling\"><span class=\"Y2IQFc\" lang=\"de\">Griff links und rechts montierbar<\/span><\/li>\n<\/ul>\n<p><strong><span class=\"Y2IQFc\" lang=\"de\">Technische Spezifikationen<\/span><\/strong><\/p>\n<ul>\n<li><span class=\"Y2IQFc\" lang=\"de\">Nennaufnahmeleistung &#8211; 2200 W <\/span><\/li>\n<li><span class=\"Y2IQFc\" lang=\"de\">Spindelhalter &#8211; M14 <\/span><\/li>\n<li><span class=\"Y2IQFc\" lang=\"de\">Leerlaufdrehzahl &#8211; 6.500 U \/ min <\/span><\/li>\n<li><span class=\"Y2IQFc\" lang=\"de\">Durchmesser &#8211; 230 mm <\/span><\/li>\n<li><span class=\"Y2IQFc\" lang=\"de\">Gewicht &#8211; 5,5 kg <\/span><\/li>\n<\/ul>\n<p><strong><span class=\"Y2IQFc\" lang=\"de\">Lieferumfang <\/span><\/strong><\/p>\n<ul>\n<li><span class=\"Y2IQFc\" lang=\"de\">Keyang DG230-22 Winkelschleifer 230mm 2200W <\/span><\/li>\n<li><span class=\"Y2IQFc\" lang=\"de\">1x Schutzh\u00fclle <\/span><\/li>\n<li><span class=\"Y2IQFc\" lang=\"de\">1x Griff <\/span><\/li>\n<li><span class=\"Y2IQFc\" lang=\"de\">1x Aufnahmeflansch <\/span><\/li>\n<li><span class=\"Y2IQFc\" lang=\"de\">1x Spannmutter <\/span><\/li>\n<li><span class=\"Y2IQFc\" lang=\"de\">1xSchl\u00fcssel <\/span><\/li>\n<li><span class=\"Y2IQFc\" lang=\"de\">Kommt in einer Schachtel<\/span><\/li>\n<\/ul>\n","protected":false},"excerpt":{"rendered":"<table>\n<tbody>\n<tr>\n<td class=\"echotable\"><a href=\"https:\/\/www.kem-europe.eu\/wp-content\/uploads\/2018\/02\/Untitled-1-1.jpg\"><img decoding=\"async\" class=\"alignnone size-full wp-image-24330\" src=\"https:\/\/www.kem-europe.eu\/wp-content\/uploads\/2018\/02\/Untitled-1-1.jpg\" alt=\"\" width=\"57\" height=\"57\" \/><\/a>Doppelisolierung<\/p>\n<div class=\"iYB33c\">\n<div id=\"tw-tmenu\" class=\"tw-menu\"><\/div>\n<\/div>\n<\/td>\n<td class=\"echotable\"><a href=\"https:\/\/www.kem-europe.eu\/wp-content\/uploads\/2018\/02\/15-1.jpg\"><img decoding=\"async\" class=\"alignnone size-full wp-image-24320\" src=\"https:\/\/www.kem-europe.eu\/wp-content\/uploads\/2018\/02\/15-1.jpg\" alt=\"\" width=\"57\" height=\"57\" \/><\/a><span class=\"Y2IQFc\" lang=\"de\">Weicher Start<\/span><\/td>\n<\/tr>\n<tr>\n<td class=\"echotable\"><a href=\"https:\/\/www.kem-europe.eu\/wp-content\/uploads\/2018\/02\/11-1.jpg\"><img decoding=\"async\" class=\"alignnone size-full wp-image-24316\" src=\"https:\/\/www.kem-europe.eu\/wp-content\/uploads\/2018\/02\/11-1.jpg\" alt=\"\" width=\"57\" height=\"57\" \/><\/a>Seitengriff<\/td>\n<td class=\"echotable\"><a href=\"https:\/\/www.kem-europe.eu\/wp-content\/uploads\/2018\/02\/14-1.jpg\"><img decoding=\"async\" class=\"alignnone size-full wp-image-24319\" src=\"https:\/\/www.kem-europe.eu\/wp-content\/uploads\/2018\/02\/14-1.jpg\" alt=\"\" width=\"57\" height=\"57\" \/><\/a>Auto-Stop-Kohleb\u00fcrsten<\/td>\n<\/tr>\n<\/tbody>\n<\/table>\n<p><strong>\u00a0<\/strong><\/p>\n<p id=\"tw-target-text\" class=\"tw-data-text tw-text-large tw-ta\" dir=\"ltr\" data-placeholder=\"Vertaling\"><strong><span class=\"Y2IQFc\" lang=\"de\">F\u00fcr eine vollst\u00e4ndige \u00dcbersicht der verschiedenen Symbole klicken Sie <a href=\"https:\/\/www.keyangtools.com\/de\/keyang-symbolik\/\">hier<\/a>!<\/span><\/strong><\/p>\n<p><strong>\u00a0<\/strong><\/p>\n<p><strong><span class=\"Y2IQFc\" lang=\"de\">Lieferumfang <\/span><\/strong><\/p>\n<ul>\n<li><span class=\"Y2IQFc\" lang=\"de\">Keyang DG230-22 Winkelschleifer 230mm 2200W <\/span><\/li>\n<li><span class=\"Y2IQFc\" lang=\"de\">1x Schutzh\u00fclle <\/span><\/li>\n<li><span class=\"Y2IQFc\" lang=\"de\">1x Griff <\/span><\/li>\n<li><span class=\"Y2IQFc\" lang=\"de\">1x Aufnahmeflansch <\/span><\/li>\n<li><span class=\"Y2IQFc\" lang=\"de\">1x Spannmutter <\/span><\/li>\n<li><span class=\"Y2IQFc\" lang=\"de\">1xSchl\u00fcssel <\/span><\/li>\n<li><span class=\"Y2IQFc\" lang=\"de\">Kommt in einer Schachtel<\/span><\/li>\n<\/ul>\n","protected":false},"featured_media":27643,"comment_status":"closed","ping_status":"closed","template":"","meta":[],"product_brand":[],"product_cat":[1207,1208],"product_tag":[],"class_list":{"0":"post-56505","1":"product","2":"type-product","3":"status-publish","4":"has-post-thumbnail","6":"product_cat-maschinen","7":"product_cat-winkelschleifer","8":"pif-has-gallery","10":"first","11":"onbackorder","12":"purchasable","13":"product-type-simple"},"_links":{"self":[{"href":"https:\/\/www.keyangtools.com\/de\/wp-json\/wp\/v2\/product\/56505","targetHints":{"allow":["GET"]}}],"collection":[{"href":"https:\/\/www.keyangtools.com\/de\/wp-json\/wp\/v2\/product"}],"about":[{"href":"https:\/\/www.keyangtools.com\/de\/wp-json\/wp\/v2\/types\/product"}],"replies":[{"embeddable":true,"href":"https:\/\/www.keyangtools.com\/de\/wp-json\/wp\/v2\/comments?post=56505"}],"wp:featuredmedia":[{"embeddable":true,"href":"https:\/\/www.keyangtools.com\/de\/wp-json\/wp\/v2\/media\/27643"}],"wp:attachment":[{"href":"https:\/\/www.keyangtools.com\/de\/wp-json\/wp\/v2\/media?parent=56505"}],"wp:term":[{"taxonomy":"product_brand","embeddable":true,"href":"https:\/\/www.keyangtools.com\/de\/wp-json\/wp\/v2\/product_brand?post=56505"},{"taxonomy":"product_cat","embeddable":true,"href":"https:\/\/www.keyangtools.com\/de\/wp-json\/wp\/v2\/product_cat?post=56505"},{"taxonomy":"product_tag","embeddable":true,"href":"https:\/\/www.keyangtools.com\/de\/wp-json\/wp\/v2\/product_tag?post=56505"}],"curies":[{"name":"wp","href":"https:\/\/api.w.org\/{rel}","templated":true}]}}