{"id":56507,"date":"2021-03-24T09:31:13","date_gmt":"2021-03-24T08:31:13","guid":{"rendered":"https:\/\/www.keyangtools.com\/product\/keyang-did1202l-akku-bohrschrauber-10-8v-2-0ah\/"},"modified":"2023-07-04T11:36:07","modified_gmt":"2023-07-04T09:36:07","slug":"keyang-did1202l-akku-bohrschrauber-10-8v-2-0ah","status":"publish","type":"product","link":"https:\/\/www.keyangtools.com\/de\/produkt\/keyang-did1202l-akku-bohrschrauber-10-8v-2-0ah\/","title":{"rendered":"Keyang DID1202L Akku-Bohrschrauber &#8211; 10.8V &#8211; 2.0Ah"},"content":{"rendered":"<p><span class=\"Y2IQFc\" lang=\"de\"><strong>Eigenschaften Keyang DID1202L Schlagschrauber &#8211; 10,8 V &#8211; 2,0 Ah<\/strong><\/span><\/p>\n<ul>\n<li><span class=\"Y2IQFc\" lang=\"de\"> Hochleistungsmotor <\/span><\/li>\n<li><span class=\"Y2IQFc\" lang=\"de\">Leichtes und ergonomisches Design <\/span><\/li>\n<li><span class=\"Y2IQFc\" lang=\"de\">Litium-Ionen-Batterie <\/span><\/li>\n<li><span class=\"Y2IQFc\" lang=\"de\">Eingebaute LED-Beleuchtung<\/span><\/li>\n<li><span class=\"Y2IQFc\" lang=\"de\"> Batterieanzeige Ladeger\u00e4t (60 Min.) <\/span><\/li>\n<\/ul>\n<p><span class=\"Y2IQFc\" lang=\"de\"><strong>Technische Spezifikationen<\/strong> <\/span><\/p>\n<ul>\n<li><span class=\"Y2IQFc\" lang=\"de\">Leistung-10,8 V <\/span><\/li>\n<li><span class=\"Y2IQFc\" lang=\"de\">Geschwindigkeit &#8211; 0-2400 \/min <\/span><\/li>\n<li><span class=\"Y2IQFc\" lang=\"de\">Schlagfrequenz &#8211; 0-3000 \/min <\/span><\/li>\n<li><span class=\"Y2IQFc\" lang=\"de\">Paar &#8211; 100 Nm <\/span><\/li>\n<li><span class=\"Y2IQFc\" lang=\"de\">Bithalter &#8211; 1\/4&#8243; <\/span><\/li>\n<li><span class=\"Y2IQFc\" lang=\"de\">Sechskant (6,35 mm) <\/span><\/li>\n<li><span class=\"Y2IQFc\" lang=\"de\">Gewicht &#8211; 0,9 kg <\/span><\/li>\n<li><span class=\"Y2IQFc\" lang=\"de\">Batteriekapazit\u00e4t &#8211; 1,5\u00a0Ah <\/span><\/li>\n<\/ul>\n<p><span class=\"Y2IQFc\" lang=\"de\"><strong>Lieferumfang<\/strong> <\/span><\/p>\n<ul>\n<li><span class=\"Y2IQFc\" lang=\"de\">Keyang DID1202L\u00a0 Akku-Bohrschrauber 10,8V 2,0Ah <\/span><\/li>\n<li><span class=\"Y2IQFc\" lang=\"de\">2x Akku 10,8 V Li-Ion 1,5 Ah <\/span><\/li>\n<li><span class=\"Y2IQFc\" lang=\"de\">1 x Ladeger\u00e4t <\/span><\/li>\n<li>Geliefert im Koffer<\/li>\n<\/ul>\n","protected":false},"excerpt":{"rendered":"<table>\n<tbody>\n<tr>\n<td class=\"echotable\"><img decoding=\"async\" class=\"alignnone wp-image-24309 size-full\" src=\"https:\/\/www.kem-europe.eu\/wp-content\/uploads\/2018\/02\/4-1.jpg\" alt=\"\" width=\"57\" height=\"57\" \/> Umgekehrte Drehung<\/td>\n<td class=\"echotable\"><img decoding=\"async\" class=\"alignnone wp-image-24312 size-full\" src=\"https:\/\/www.kem-europe.eu\/wp-content\/uploads\/2018\/02\/7-1.jpg\" alt=\"\" width=\"57\" height=\"57\" \/>Hohe Drehzahlen<\/td>\n<\/tr>\n<tr>\n<td class=\"echotable\"><img decoding=\"async\" class=\"alignnone wp-image-24313 size-full\" src=\"https:\/\/www.kem-europe.eu\/wp-content\/uploads\/2018\/02\/8-1.jpg\" alt=\"\" width=\"57\" height=\"57\" \/>Niedrige Drehzahl<\/td>\n<td class=\"echotable\"><img decoding=\"async\" class=\"alignnone wp-image-24331 size-full\" src=\"https:\/\/www.kem-europe.eu\/wp-content\/uploads\/2018\/02\/Untitled-2-1.jpg\" alt=\"\" width=\"57\" height=\"57\" \/>Geschwindigkeitskontrolle<\/td>\n<\/tr>\n<\/tbody>\n<tbody>\n<tr>\n<td class=\"echotable\"><img decoding=\"async\" class=\"alignnone wp-image-24318 size-full\" src=\"https:\/\/www.kem-europe.eu\/wp-content\/uploads\/2018\/02\/13-1.jpg\" alt=\"\" width=\"57\" height=\"57\" \/>Koffer<\/td>\n<\/tr>\n<\/tbody>\n<\/table>\n<p>&nbsp;<\/p>\n<p><strong>Eine vollst\u00e4ndige \u00dcbersicht \u00fcber die verschiedenen Symbole finden Sie <a href=\"https:\/\/www.keyangtools.com\/de\/keyang-symbolik\/\">hier<\/a>!<\/strong><\/p>\n<p>&nbsp;<\/p>\n<p><span class=\"Y2IQFc\" lang=\"de\"><strong>Lieferumfang<\/strong> <\/span><\/p>\n<ul>\n<li><span class=\"Y2IQFc\" lang=\"de\">Keyang DID1202L\u00a0 Akku-Bohrschrauber 10,8V 2,0Ah <\/span><\/li>\n<li><span class=\"Y2IQFc\" lang=\"de\">2x Akku 10,8 V Li-Ion 1,5 Ah <\/span><\/li>\n<li><span class=\"Y2IQFc\" lang=\"de\">1 x Ladeger\u00e4t <\/span><\/li>\n<li>Geliefert im Koffer<\/li>\n<\/ul>\n","protected":false},"featured_media":27660,"comment_status":"closed","ping_status":"closed","template":"","meta":[],"product_brand":[],"product_cat":[1195],"product_tag":[],"class_list":{"0":"post-56507","1":"product","2":"type-product","3":"status-publish","4":"has-post-thumbnail","6":"product_cat-akku-schlagschrauber","7":"pif-has-gallery","9":"first","10":"onbackorder","11":"purchasable","12":"product-type-simple"},"_links":{"self":[{"href":"https:\/\/www.keyangtools.com\/de\/wp-json\/wp\/v2\/product\/56507","targetHints":{"allow":["GET"]}}],"collection":[{"href":"https:\/\/www.keyangtools.com\/de\/wp-json\/wp\/v2\/product"}],"about":[{"href":"https:\/\/www.keyangtools.com\/de\/wp-json\/wp\/v2\/types\/product"}],"replies":[{"embeddable":true,"href":"https:\/\/www.keyangtools.com\/de\/wp-json\/wp\/v2\/comments?post=56507"}],"wp:featuredmedia":[{"embeddable":true,"href":"https:\/\/www.keyangtools.com\/de\/wp-json\/wp\/v2\/media\/27660"}],"wp:attachment":[{"href":"https:\/\/www.keyangtools.com\/de\/wp-json\/wp\/v2\/media?parent=56507"}],"wp:term":[{"taxonomy":"product_brand","embeddable":true,"href":"https:\/\/www.keyangtools.com\/de\/wp-json\/wp\/v2\/product_brand?post=56507"},{"taxonomy":"product_cat","embeddable":true,"href":"https:\/\/www.keyangtools.com\/de\/wp-json\/wp\/v2\/product_cat?post=56507"},{"taxonomy":"product_tag","embeddable":true,"href":"https:\/\/www.keyangtools.com\/de\/wp-json\/wp\/v2\/product_tag?post=56507"}],"curies":[{"name":"wp","href":"https:\/\/api.w.org\/{rel}","templated":true}]}}