{"id":56511,"date":"2021-03-24T09:30:34","date_gmt":"2021-03-24T08:30:34","guid":{"rendered":"https:\/\/www.keyangtools.com\/product\/keyang-cs-7cb-circular-saw-185-mm-1100w\/"},"modified":"2023-07-04T11:42:24","modified_gmt":"2023-07-04T09:42:24","slug":"keyang-cs-7cb-circular-saw-185-mm-1100w","status":"publish","type":"product","link":"https:\/\/www.keyangtools.com\/de\/produkt\/keyang-cs-7cb-circular-saw-185-mm-1100w\/","title":{"rendered":"Keyang CS-7CB Kreiss\u00e4ge 185 mm &#8211; 1100W"},"content":{"rendered":"<p><strong>Eigenschaften Keyang CS-7CB Kreiss\u00e4ge 185 mm &#8211; 1100W<\/strong><\/p>\n<ul>\n<li>Inklusive S\u00e4gef\u00fchrung<\/li>\n<li>Leistungsstarker 1100 W Motor<\/li>\n<li>Aluminium-Geh\u00e4use<\/li>\n<li>Abschaltautomatik (verbesserte Sicherheit)<\/li>\n<li>Sicherheitsabdeckung<\/li>\n<li>Ergonomischer Griff<\/li>\n<li>Abfluss f\u00fcr S\u00e4gesp\u00e4ne<\/li>\n<li>Kippbare Grundplatte f\u00fcr Schnitte bis zu 45\u00b0, einschlie\u00dflich Parallelanschlag<\/li>\n<\/ul>\n<p><strong>Technische Daten<\/strong><\/p>\n<ul>\n<li>Leistung &#8211; 1100 W<\/li>\n<li>Leerlaufdrehzahl &#8211; 5.500 RPM<\/li>\n<li>Gr\u00f6\u00dfe der S\u00e4ge &#8211; 185 mm<\/li>\n<li>Schnitttiefe &#8211; 67 mm bei 90 Grad &amp; 45 mm bei 45 Grad<\/li>\n<li>Achsenbohrung &#8211; 20 mm<\/li>\n<li>Gewicht &#8211; 3,0 kg<\/li>\n<\/ul>\n<p><strong>Umfang der Lieferung<\/strong><\/p>\n<ul>\n<li>Keyang CS-7CB Kreiss\u00e4ge 185 mm &#8211; 1100W<\/li>\n<li>1 x S\u00e4geblatt<\/li>\n<li>Wird in einer Schachtel geliefert<\/li>\n<\/ul>\n","protected":false},"excerpt":{"rendered":"<table>\n<tbody>\n<tr>\n<td class=\"echotable\"><a href=\"https:\/\/www.kem-europe.eu\/wp-content\/uploads\/2018\/02\/Untitled-1-1.jpg\"><img decoding=\"async\" class=\"alignnone size-full wp-image-24330\" src=\"https:\/\/www.kem-europe.eu\/wp-content\/uploads\/2018\/02\/Untitled-1-1.jpg\" alt=\"\" width=\"57\" height=\"57\" \/><\/a>Doppelte Isolierung<\/td>\n<\/tr>\n<\/tbody>\n<\/table>\n<p>&nbsp;<\/p>\n<p id=\"tw-target-text\" class=\"tw-data-text tw-text-large tw-ta\" dir=\"ltr\" data-placeholder=\"Vertaling\"><span class=\"Y2IQFc\" lang=\"de\">F\u00fcr eine vollst\u00e4ndige \u00dcbersicht der verschiedenen Symbole klicken Sie <a href=\"https:\/\/www.keyangtools.com\/de\/keyang-symbolik\/\">hier<\/a>!<\/span><\/p>\n<p>&nbsp;<\/p>\n<p><strong>Umfang der Lieferung<\/strong><\/p>\n<ul>\n<li>Keyang CS-7CB Kreiss\u00e4ge 185 mm &#8211; 1100W<\/li>\n<li>1 x S\u00e4geblatt<\/li>\n<li>Wird in einer Schachtel geliefert<\/li>\n<\/ul>\n<p>&nbsp;<\/p>\n","protected":false},"featured_media":27671,"comment_status":"closed","ping_status":"closed","template":"","meta":[],"product_brand":[],"product_cat":[1214,1207],"product_tag":[],"class_list":{"0":"post-56511","1":"product","2":"type-product","3":"status-publish","4":"has-post-thumbnail","6":"product_cat-kreissage","7":"product_cat-maschinen","8":"pif-has-gallery","10":"first","11":"onbackorder","12":"purchasable","13":"product-type-simple"},"_links":{"self":[{"href":"https:\/\/www.keyangtools.com\/de\/wp-json\/wp\/v2\/product\/56511","targetHints":{"allow":["GET"]}}],"collection":[{"href":"https:\/\/www.keyangtools.com\/de\/wp-json\/wp\/v2\/product"}],"about":[{"href":"https:\/\/www.keyangtools.com\/de\/wp-json\/wp\/v2\/types\/product"}],"replies":[{"embeddable":true,"href":"https:\/\/www.keyangtools.com\/de\/wp-json\/wp\/v2\/comments?post=56511"}],"wp:featuredmedia":[{"embeddable":true,"href":"https:\/\/www.keyangtools.com\/de\/wp-json\/wp\/v2\/media\/27671"}],"wp:attachment":[{"href":"https:\/\/www.keyangtools.com\/de\/wp-json\/wp\/v2\/media?parent=56511"}],"wp:term":[{"taxonomy":"product_brand","embeddable":true,"href":"https:\/\/www.keyangtools.com\/de\/wp-json\/wp\/v2\/product_brand?post=56511"},{"taxonomy":"product_cat","embeddable":true,"href":"https:\/\/www.keyangtools.com\/de\/wp-json\/wp\/v2\/product_cat?post=56511"},{"taxonomy":"product_tag","embeddable":true,"href":"https:\/\/www.keyangtools.com\/de\/wp-json\/wp\/v2\/product_tag?post=56511"}],"curies":[{"name":"wp","href":"https:\/\/api.w.org\/{rel}","templated":true}]}}