{"id":56514,"date":"2021-03-24T09:28:05","date_gmt":"2021-03-24T08:28:05","guid":{"rendered":"https:\/\/www.keyangtools.com\/product\/keyang-dg18bl-125s-winkelschleifer-body\/"},"modified":"2023-07-04T11:50:48","modified_gmt":"2023-07-04T09:50:48","slug":"keyang-dg18bl-125s-winkelschleifer-body","status":"publish","type":"product","link":"https:\/\/www.keyangtools.com\/de\/produkt\/keyang-dg18bl-125s-winkelschleifer-body\/","title":{"rendered":"Keyang DG18BL-125S Winkelschleifer \u2013 BODY"},"content":{"rendered":"<p><strong>Eigenschaften Keyang DG18BL-125S Winkelschleifer &#8211; BODY<\/strong><\/p>\n<ul>\n<li>Leistungsstarker b\u00fcrstenloser Gleichstrommotor f\u00fcr l\u00e4ngere Lebensdauer und bessere Effizienz<\/li>\n<li>Schutz gegen St\u00f6rger\u00e4usche<\/li>\n<li>Wiederanlaufschutz<\/li>\n<li>Elektrische Bremse<\/li>\n<li>Sanftanlauf<\/li>\n<li>Akku-Anzeige<\/li>\n<li>Ladeger\u00e4t (50 Min.)<\/li>\n<\/ul>\n<p><strong>Technische Daten<\/strong><\/p>\n<ul>\n<li>Leistung &#8211; 18V<\/li>\n<li>Ampere &#8211; 5.0Ah<\/li>\n<li>Leerlaufdrehzahl &#8211; 8.500 U\/min<\/li>\n<li>Gewicht &#8211; 2,4 kg<\/li>\n<li>Durchmesser &#8211; 125 mm<\/li>\n<li>Gewindegr\u00f6\u00dfe &#8211; M14<\/li>\n<\/ul>\n<p><strong>Vergleich Winkelschleifer Keyang DG18BL125S<\/strong><\/p>\n<p><img decoding=\"async\" class=\"size-full wp-image-32424 alignnone\" src=\"https:\/\/www.keyangtools.com\/wp-content\/uploads\/2021\/03\/Knipsel.png\" alt=\"\" width=\"1066\" height=\"441\" srcset=\"https:\/\/www.keyangtools.com\/wp-content\/uploads\/2021\/03\/Knipsel.png 1066w, https:\/\/www.keyangtools.com\/wp-content\/uploads\/2021\/03\/Knipsel-300x124.png 300w, https:\/\/www.keyangtools.com\/wp-content\/uploads\/2021\/03\/Knipsel-1024x424.png 1024w, https:\/\/www.keyangtools.com\/wp-content\/uploads\/2021\/03\/Knipsel-768x318.png 768w, https:\/\/www.keyangtools.com\/wp-content\/uploads\/2021\/03\/Knipsel-560x232.png 560w\" sizes=\"(max-width: 1066px) 100vw, 1066px\" \/><\/p>\n<p><strong>Umfang der Lieferung<\/strong><\/p>\n<ul>\n<li>Winkelschleifer Keyang DG18BL125S<\/li>\n<li>Lieferung in einer Schachtel<\/li>\n<li><strong>Bitte beachten!<\/strong> Wird ohne Batterien und Ladeger\u00e4t geliefert<\/li>\n<\/ul>\n","protected":false},"excerpt":{"rendered":"<table>\n<tbody>\n<tr>\n<td class=\"echotable\"><a href=\"https:\/\/www.kem-europe.eu\/wp-content\/uploads\/2018\/02\/22-1.jpg\"><img decoding=\"async\" class=\"alignnone wp-image-24327 size-full\" src=\"https:\/\/www.kem-europe.eu\/wp-content\/uploads\/2018\/02\/22-1.jpg\" alt=\"Symbool keyang\" width=\"57\" height=\"57\" \/><\/a>BLDC-Motor<\/td>\n<td class=\"echotable\"><a href=\"https:\/\/www.kem-europe.eu\/wp-content\/uploads\/2018\/02\/3-1.jpg\"><img decoding=\"async\" class=\"alignnone wp-image-24308 size-full\" src=\"https:\/\/www.kem-europe.eu\/wp-content\/uploads\/2018\/02\/3-1.jpg\" alt=\"Symbool keyang\" width=\"57\" height=\"57\" \/><\/a>Leichtgewicht<\/td>\n<\/tr>\n<tr>\n<td class=\"echotable\"><a href=\"https:\/\/www.kem-europe.eu\/wp-content\/uploads\/2018\/02\/5-1.jpg\"><img decoding=\"async\" class=\"alignnone wp-image-24310 size-full\" src=\"https:\/\/www.kem-europe.eu\/wp-content\/uploads\/2018\/02\/5-1.jpg\" alt=\"Symbool keyang\" width=\"57\" height=\"57\" \/><\/a>Elektrische Bremse<\/td>\n<td class=\"echotable\"><a href=\"https:\/\/www.kem-europe.eu\/wp-content\/uploads\/2018\/02\/13-1.jpg\"><img decoding=\"async\" class=\"alignnone wp-image-24318 size-full\" src=\"https:\/\/www.kem-europe.eu\/wp-content\/uploads\/2018\/02\/13-1.jpg\" alt=\"Symbool keyang\" width=\"57\" height=\"57\" \/><\/a>Koffer<\/td>\n<\/tr>\n<\/tbody>\n<tbody>\n<tr>\n<td class=\"echotable\"><a href=\"https:\/\/www.kem-europe.eu\/wp-content\/uploads\/2021\/06\/26.jpg\"><img decoding=\"async\" class=\"alignnone wp-image-24335 size-full\" src=\"https:\/\/www.kem-europe.eu\/wp-content\/uploads\/2021\/06\/26.jpg\" alt=\"Symbool keyang\" width=\"57\" height=\"57\" \/><\/a>Konstante Geschwindigkeit<\/td>\n<\/tr>\n<\/tbody>\n<\/table>\n<p>&nbsp;<\/p>\n<p><strong>Eine vollst\u00e4ndige \u00dcbersicht \u00fcber die verschiedenen Symbole finden Sie <a href=\"https:\/\/www.keyangtools.com\/de\/keyang-symbolik\/\">hier<\/a>!<\/strong><\/p>\n<p>&nbsp;<\/p>\n<p><strong>Umfang der Lieferung<\/strong><\/p>\n<ul>\n<li>Keyang DG18BL-125S Winkelschleifer\u2013 BODY<\/li>\n<li>1 x Seitengriff<\/li>\n<li>1 x Schraubenschl\u00fcssel<\/li>\n<li>Lieferung in einer Schachtel<\/li>\n<\/ul>\n","protected":false},"featured_media":27699,"comment_status":"closed","ping_status":"closed","template":"","meta":[],"product_brand":[],"product_cat":[1209],"product_tag":[],"class_list":{"0":"post-56514","1":"product","2":"type-product","3":"status-publish","4":"has-post-thumbnail","6":"product_cat-akku-winkelschleifer","7":"pif-has-gallery","9":"first","10":"onbackorder","11":"purchasable","12":"product-type-simple"},"_links":{"self":[{"href":"https:\/\/www.keyangtools.com\/de\/wp-json\/wp\/v2\/product\/56514","targetHints":{"allow":["GET"]}}],"collection":[{"href":"https:\/\/www.keyangtools.com\/de\/wp-json\/wp\/v2\/product"}],"about":[{"href":"https:\/\/www.keyangtools.com\/de\/wp-json\/wp\/v2\/types\/product"}],"replies":[{"embeddable":true,"href":"https:\/\/www.keyangtools.com\/de\/wp-json\/wp\/v2\/comments?post=56514"}],"wp:featuredmedia":[{"embeddable":true,"href":"https:\/\/www.keyangtools.com\/de\/wp-json\/wp\/v2\/media\/27699"}],"wp:attachment":[{"href":"https:\/\/www.keyangtools.com\/de\/wp-json\/wp\/v2\/media?parent=56514"}],"wp:term":[{"taxonomy":"product_brand","embeddable":true,"href":"https:\/\/www.keyangtools.com\/de\/wp-json\/wp\/v2\/product_brand?post=56514"},{"taxonomy":"product_cat","embeddable":true,"href":"https:\/\/www.keyangtools.com\/de\/wp-json\/wp\/v2\/product_cat?post=56514"},{"taxonomy":"product_tag","embeddable":true,"href":"https:\/\/www.keyangtools.com\/de\/wp-json\/wp\/v2\/product_tag?post=56514"}],"curies":[{"name":"wp","href":"https:\/\/api.w.org\/{rel}","templated":true}]}}