{"id":56630,"date":"2021-03-24T08:35:53","date_gmt":"2021-03-24T07:35:53","guid":{"rendered":"https:\/\/www.keyangtools.com\/product\/keyang-cs1800l5-akku-kreissage-18v-5-0ah\/"},"modified":"2023-07-04T13:50:45","modified_gmt":"2023-07-04T11:50:45","slug":"keyang-cs1800l5-akku-kreissage-18v-5-0ah","status":"publish","type":"product","link":"https:\/\/www.keyangtools.com\/de\/produkt\/keyang-cs1800l5-akku-kreissage-18v-5-0ah\/","title":{"rendered":"Keyang CS1800L5 Akku-Kreiss\u00e4ge &#8211; 18V &#8211; 5.0Ah"},"content":{"rendered":"<p><strong>Merkmale Keyang CS1800L5 Kreiss\u00e4ge &#8211; 18V &#8211; 5.0Ah<\/strong><\/p>\n<ul>\n<li>\u00dcberlastungsschutz<\/li>\n<li>Staubabsaugung<\/li>\n<li>Selbst-aktivierende Kohleb\u00fcrsten<\/li>\n<li>Ergonomischer Griff<\/li>\n<li>Motorbremse<\/li>\n<li>Akku-Anzeige<\/li>\n<li>Ladeger\u00e4t (90 Min.)<\/li>\n<\/ul>\n<p><strong>Technische Daten<\/strong><\/p>\n<ul>\n<li>Leistung &#8211; 18V<\/li>\n<li>Akku &#8211; 5,0 Ah Lithium-Ionen<\/li>\n<li>Leerlaufdrehzahl &#8211; 0-4000 \/min<\/li>\n<li>Schnitttiefe 0\u00b0 &#8211; 57 mm<\/li>\n<li>Schnitttiefe 45\u00b0 &#8211; 40 mm<\/li>\n<li>Schnitttiefe 50\u00b0 &#8211; 36 mm<\/li>\n<li>S\u00e4geblatt &#8211; 165 mm<\/li>\n<li>Bohrung &#8211; 20 mm<\/li>\n<li>Gewicht &#8211; 2,5 kg<\/li>\n<\/ul>\n<p><strong>Umfang der Lieferung<\/strong><\/p>\n<ul>\n<li>Keyang CS1800L5 Kreiss\u00e4ge- 18V &#8211; 5.0Ah<\/li>\n<li>2 x Akku 18V Li-ion 5.0Ah<\/li>\n<li>1 x S\u00e4gef\u00fchrung<\/li>\n<li>1 x Staubabsaugung<\/li>\n<li>1 x Schl\u00fcssel<\/li>\n<li>1 x Ladeger\u00e4t<\/li>\n<li>Geliefert im Koffer<\/li>\n<\/ul>\n","protected":false},"excerpt":{"rendered":"<table>\n<tbody>\n<tr>\n<td class=\"echotable\"><a href=\"https:\/\/www.kem-europe.eu\/wp-content\/uploads\/2018\/02\/Untitled-1-1.jpg\"><img decoding=\"async\" class=\"alignnone size-full wp-image-24330\" src=\"https:\/\/www.kem-europe.eu\/wp-content\/uploads\/2018\/02\/Untitled-1-1.jpg\" alt=\"\" width=\"57\" height=\"57\" \/><\/a>Doppelte Isolierung<\/td>\n<td class=\"echotable\"><img decoding=\"async\" class=\"alignnone size-full wp-image-24308\" src=\"https:\/\/www.kem-europe.eu\/wp-content\/uploads\/2018\/02\/3-1.jpg\" alt=\"\" width=\"57\" height=\"57\" \/>Geringes Gewich<a href=\"https:\/\/www.kem-europe.eu\/wp-content\/uploads\/2018\/02\/3-1.jpg\">t<\/a><\/td>\n<\/tr>\n<tr>\n<td class=\"echotable\"><a href=\"https:\/\/www.kem-europe.eu\/wp-content\/uploads\/2018\/02\/13-1.jpg\"><img decoding=\"async\" class=\"alignnone size-full wp-image-24318\" src=\"https:\/\/www.kem-europe.eu\/wp-content\/uploads\/2018\/02\/13-1.jpg\" alt=\"\" width=\"57\" height=\"57\" \/><\/a>Koffer<\/td>\n<td class=\"echotable\"><\/td>\n<\/tr>\n<\/tbody>\n<\/table>\n<p>&nbsp;<\/p>\n<p>F\u00fcr eine vollst\u00e4ndige \u00dcbersicht \u00fcber die verschiedenen Symbole, klicken Sie <a href=\"https:\/\/www.keyangtools.com\/de\/keyang-symbolik\/\">hier!<\/a><\/p>\n<p>&nbsp;<\/p>\n<p><strong>Umfang der Lieferung<\/strong><\/p>\n<ul>\n<li>Keyang CS1800L5 Kreiss\u00e4ge- 18V &#8211; 5.0Ah<\/li>\n<li>2 x Akku 18V Li-ion 5.0Ah<\/li>\n<li>1 x S\u00e4gef\u00fchrung<\/li>\n<li>1 x Staubabsaugung<\/li>\n<li>1 x Schl\u00fcssel<\/li>\n<li>1 x Ladeger\u00e4t<\/li>\n<li>Geliefert im Koffer<\/li>\n<\/ul>\n","protected":false},"featured_media":27381,"comment_status":"closed","ping_status":"closed","template":"","meta":[],"product_brand":[],"product_cat":[1196],"product_tag":[],"class_list":{"0":"post-56630","1":"product","2":"type-product","3":"status-publish","4":"has-post-thumbnail","6":"product_cat-akku-kreissage","7":"pif-has-gallery","9":"first","10":"onbackorder","11":"purchasable","12":"product-type-simple"},"_links":{"self":[{"href":"https:\/\/www.keyangtools.com\/de\/wp-json\/wp\/v2\/product\/56630","targetHints":{"allow":["GET"]}}],"collection":[{"href":"https:\/\/www.keyangtools.com\/de\/wp-json\/wp\/v2\/product"}],"about":[{"href":"https:\/\/www.keyangtools.com\/de\/wp-json\/wp\/v2\/types\/product"}],"replies":[{"embeddable":true,"href":"https:\/\/www.keyangtools.com\/de\/wp-json\/wp\/v2\/comments?post=56630"}],"wp:featuredmedia":[{"embeddable":true,"href":"https:\/\/www.keyangtools.com\/de\/wp-json\/wp\/v2\/media\/27381"}],"wp:attachment":[{"href":"https:\/\/www.keyangtools.com\/de\/wp-json\/wp\/v2\/media?parent=56630"}],"wp:term":[{"taxonomy":"product_brand","embeddable":true,"href":"https:\/\/www.keyangtools.com\/de\/wp-json\/wp\/v2\/product_brand?post=56630"},{"taxonomy":"product_cat","embeddable":true,"href":"https:\/\/www.keyangtools.com\/de\/wp-json\/wp\/v2\/product_cat?post=56630"},{"taxonomy":"product_tag","embeddable":true,"href":"https:\/\/www.keyangtools.com\/de\/wp-json\/wp\/v2\/product_tag?post=56630"}],"curies":[{"name":"wp","href":"https:\/\/api.w.org\/{rel}","templated":true}]}}