{"id":56633,"date":"2021-03-24T08:31:54","date_gmt":"2021-03-24T07:31:54","guid":{"rendered":"https:\/\/www.keyangtools.com\/product\/keyang-dg125-15sv-winkelschleifer-125-mm-1500w\/"},"modified":"2023-07-04T14:00:24","modified_gmt":"2023-07-04T12:00:24","slug":"keyang-dg125-15sv-winkelschleifer-125-mm-1500w","status":"publish","type":"product","link":"https:\/\/www.keyangtools.com\/de\/produkt\/keyang-dg125-15sv-winkelschleifer-125-mm-1500w\/","title":{"rendered":"Keyang DG125-15SV Winkelschleifer &#8211; 125 mm &#8211; 1500W"},"content":{"rendered":"<p><strong>NEU | Eigenschaften Keyang DG125-15SV Winkelschleifer &#8211; 125 mm &#8211; 1500W<\/strong><\/p>\n<ul>\n<li>Einstellbare Drehzahl<\/li>\n<li>\u00dcberlast- und Wiederanlaufschutz<\/li>\n<li>Anti-Vibrations-Griff<\/li>\n<li>Anti-Rotations-Schutzabdeckung<\/li>\n<li>Schnell und einfach einstellbar<\/li>\n<li>Direkte K\u00fchlung f\u00fcr hohe \u00dcberlastf\u00e4higkeit und lange Lebensdauer<\/li>\n<li>Gute Handhabung durch schlankes Geh\u00e4use<\/li>\n<li>Geeignet f\u00fcr SDS-Schnellspannmutter<\/li>\n<li>Getriebekopf um 90 Grad drehbar<\/li>\n<li>Griff kann links oder rechts montiert werden<\/li>\n<li>Auch f\u00fcr Linksh\u00e4nder geeignet<\/li>\n<\/ul>\n<p><strong>Technische Daten<\/strong><\/p>\n<ul>\n<li>Leistung &#8211; 1500 W<\/li>\n<li>Gewindegr\u00f6\u00dfe &#8211; M 14<\/li>\n<li>Leerlaufdrehzahl &#8211; 2800-11.000 \/min<\/li>\n<li>Scheibengr\u00f6\u00dfe &#8211; 125 mm<\/li>\n<li>Gewicht &#8211; 1,8 kg<\/li>\n<\/ul>\n<p><strong>Umfang der Lieferung<\/strong><\/p>\n<ul>\n<li>Keyang DG125-15SV Winkelschleifer &#8211; 125 mm &#8211; 1500W<\/li>\n<li>1 x Schutzh\u00fclle<\/li>\n<li>1 x Handgriff<\/li>\n<li>1 x Spannmutter<\/li>\n<li>1 x Schl\u00fcssel<\/li>\n<li>Geliefert im Koffer<\/li>\n<li style=\"list-style-type: none;\"><\/li>\n<\/ul>\n","protected":false},"excerpt":{"rendered":"<p><strong>Umfang der Lieferung<\/strong><\/p>\n<ul>\n<li>Keyang DG125-15SV Winkelschleifer &#8211; 125 mm &#8211; 1500W<\/li>\n<li>1 x Schutzh\u00fclle<\/li>\n<li>1 x Handgriff<\/li>\n<li>1 x Spannmutter<\/li>\n<li>1 x Schl\u00fcssel<\/li>\n<li>Geliefert im Koffer<\/li>\n<\/ul>\n","protected":false},"featured_media":27402,"comment_status":"closed","ping_status":"closed","template":"","meta":[],"product_brand":[],"product_cat":[1207,1208],"product_tag":[],"class_list":{"0":"post-56633","1":"product","2":"type-product","3":"status-publish","4":"has-post-thumbnail","6":"product_cat-maschinen","7":"product_cat-winkelschleifer","8":"pif-has-gallery","10":"first","11":"instock","12":"purchasable","13":"product-type-simple"},"_links":{"self":[{"href":"https:\/\/www.keyangtools.com\/de\/wp-json\/wp\/v2\/product\/56633","targetHints":{"allow":["GET"]}}],"collection":[{"href":"https:\/\/www.keyangtools.com\/de\/wp-json\/wp\/v2\/product"}],"about":[{"href":"https:\/\/www.keyangtools.com\/de\/wp-json\/wp\/v2\/types\/product"}],"replies":[{"embeddable":true,"href":"https:\/\/www.keyangtools.com\/de\/wp-json\/wp\/v2\/comments?post=56633"}],"wp:featuredmedia":[{"embeddable":true,"href":"https:\/\/www.keyangtools.com\/de\/wp-json\/wp\/v2\/media\/27402"}],"wp:attachment":[{"href":"https:\/\/www.keyangtools.com\/de\/wp-json\/wp\/v2\/media?parent=56633"}],"wp:term":[{"taxonomy":"product_brand","embeddable":true,"href":"https:\/\/www.keyangtools.com\/de\/wp-json\/wp\/v2\/product_brand?post=56633"},{"taxonomy":"product_cat","embeddable":true,"href":"https:\/\/www.keyangtools.com\/de\/wp-json\/wp\/v2\/product_cat?post=56633"},{"taxonomy":"product_tag","embeddable":true,"href":"https:\/\/www.keyangtools.com\/de\/wp-json\/wp\/v2\/product_tag?post=56633"}],"curies":[{"name":"wp","href":"https:\/\/api.w.org\/{rel}","templated":true}]}}