{"id":56635,"date":"2021-03-24T08:28:56","date_gmt":"2021-03-24T07:28:56","guid":{"rendered":"https:\/\/www.keyangtools.com\/product\/keyang-dg924avta-winkelschleifer-230mm-2400w\/"},"modified":"2023-07-04T14:08:28","modified_gmt":"2023-07-04T12:08:28","slug":"keyang-dg924avta-winkelschleifer-230mm-2400w","status":"publish","type":"product","link":"https:\/\/www.keyangtools.com\/de\/produkt\/keyang-dg924avta-winkelschleifer-230mm-2400w\/","title":{"rendered":"Keyang DG924AVTA Winkelschleifer 230mm 2400W"},"content":{"rendered":"<p><strong>Eigenschaften DG924AVTA Winkelschleifer 230mm Keyang<\/strong><\/p>\n<ul>\n<li>Weicher Griff<\/li>\n<li>Leistungsstarker 2400 W Motor<\/li>\n<li>Sanftanlauf<\/li>\n<li>Feststellbarer Schalter<\/li>\n<li>Vibrationsd\u00e4mpfender Gummigriff<\/li>\n<li>Verstellbarer Griff 2x 90\u00b0<\/li>\n<li>Anti-Dreh-Schutz<\/li>\n<li>Schnell wechselbarer Radschutz ohne Werkzeug<\/li>\n<li>Schnelle und einfache Einstellung<\/li>\n<li>Direktk\u00fchlung f\u00fcr hohe \u00dcberlastf\u00e4higkeit und lange Lebensdauer<\/li>\n<li>Geeignet f\u00fcr Schnellspannmutter SDS<\/li>\n<li>Handgriff links und rechts zum Montieren<\/li>\n<\/ul>\n<p><strong>Technische Daten<\/strong><\/p>\n<ul>\n<li>Leistung &#8211; 2400 W<\/li>\n<li>Gewindegr\u00f6\u00dfe &#8211; M 14<\/li>\n<li>Scheibentyp zum Schleifen oder Schmirgeln &#8211; TYPE27<\/li>\n<li>Scheibe zum Schneiden &#8211; TYPE42<\/li>\n<li>Leerlaufdrehzahl &#8211; 0-6.500 \/min<\/li>\n<li>Durchmesser &#8211; 230 mm<\/li>\n<li>Gewicht &#8211; 4,9 kg<\/li>\n<\/ul>\n<p><strong>Umfang der Lieferung<\/strong><\/p>\n<ul>\n<li>Keyang DG924AVT Winkelschleifer 230mm 2400W<\/li>\n<li>1 x Schutzh\u00fclle<\/li>\n<li>1 x Handgriff<\/li>\n<li>1 x Spannmutter<\/li>\n<li>1 x Schl\u00fcssel<\/li>\n<li>Geliefert in einer Schachtel<\/li>\n<\/ul>\n","protected":false},"excerpt":{"rendered":"<table>\n<tbody>\n<tr>\n<td class=\"echotable\"><a href=\"https:\/\/www.kem-europe.eu\/wp-content\/uploads\/2018\/02\/Untitled-1-1.jpg\"><img decoding=\"async\" class=\"alignnone wp-image-24330 size-full\" src=\"https:\/\/www.kem-europe.eu\/wp-content\/uploads\/2018\/02\/Untitled-1-1.jpg\" alt=\"Symbool\" width=\"57\" height=\"57\" \/><\/a>Doppelte Isolierung<a href=\"https:\/\/www.kem-europe.eu\/wp-content\/uploads\/2018\/02\/Untitled-1-1.jpg\"><br \/>\n<\/a><\/td>\n<td class=\"echotable\"><a href=\"https:\/\/www.kem-europe.eu\/wp-content\/uploads\/2018\/02\/15-1.jpg\"><img decoding=\"async\" class=\"alignnone wp-image-24320 size-full\" src=\"https:\/\/www.kem-europe.eu\/wp-content\/uploads\/2018\/02\/15-1.jpg\" alt=\"Symbool\" width=\"57\" height=\"57\" \/><\/a>Sanfter Start<\/td>\n<\/tr>\n<tr>\n<td class=\"echotable\"><a href=\"https:\/\/www.kem-europe.eu\/wp-content\/uploads\/2018\/02\/11-1.jpg\"><img decoding=\"async\" class=\"alignnone wp-image-24316 size-full\" src=\"https:\/\/www.kem-europe.eu\/wp-content\/uploads\/2018\/02\/11-1.jpg\" alt=\"Symbool Keyang\" width=\"57\" height=\"57\" \/><\/a>Seitlicher Griff<\/td>\n<td class=\"echotable\"><a href=\"https:\/\/www.kem-europe.eu\/wp-content\/uploads\/2018\/02\/14-1.jpg\"><img decoding=\"async\" class=\"alignnone wp-image-24319 size-full\" src=\"https:\/\/www.kem-europe.eu\/wp-content\/uploads\/2018\/02\/14-1.jpg\" alt=\"Symbool Keyang\" width=\"57\" height=\"57\" \/><\/a>Auto-Stopp-Kohleb\u00fcrsten<\/td>\n<\/tr>\n<\/tbody>\n<\/table>\n<p><strong><br \/>\nEine vollst\u00e4ndige \u00dcbersicht \u00fcber die verschiedenen Symbole finden Sie <a href=\"https:\/\/www.keyangtools.com\/de\/keyang-symbolik\/\">hier<\/a>!<\/strong><\/p>\n<p><strong>\u00a0<\/strong><\/p>\n<p><strong>Umfang der Lieferung<\/strong><\/p>\n<ul>\n<li>Keyang DG924AVT Winkelschleifer 230mm 2400W<\/li>\n<li>1 x Schutzh\u00fclle<\/li>\n<li>1 x Handgriff<\/li>\n<li>1 x Spannmutter<\/li>\n<li>1 x Schl\u00fcssel<\/li>\n<li>Geliefert in einer Schachtel<\/li>\n<\/ul>\n","protected":false},"featured_media":27422,"comment_status":"closed","ping_status":"closed","template":"","meta":[],"product_brand":[],"product_cat":[1207,1208],"product_tag":[],"class_list":{"0":"post-56635","1":"product","2":"type-product","3":"status-publish","4":"has-post-thumbnail","6":"product_cat-maschinen","7":"product_cat-winkelschleifer","8":"pif-has-gallery","10":"first","11":"onbackorder","12":"purchasable","13":"product-type-simple"},"_links":{"self":[{"href":"https:\/\/www.keyangtools.com\/de\/wp-json\/wp\/v2\/product\/56635","targetHints":{"allow":["GET"]}}],"collection":[{"href":"https:\/\/www.keyangtools.com\/de\/wp-json\/wp\/v2\/product"}],"about":[{"href":"https:\/\/www.keyangtools.com\/de\/wp-json\/wp\/v2\/types\/product"}],"replies":[{"embeddable":true,"href":"https:\/\/www.keyangtools.com\/de\/wp-json\/wp\/v2\/comments?post=56635"}],"wp:featuredmedia":[{"embeddable":true,"href":"https:\/\/www.keyangtools.com\/de\/wp-json\/wp\/v2\/media\/27422"}],"wp:attachment":[{"href":"https:\/\/www.keyangtools.com\/de\/wp-json\/wp\/v2\/media?parent=56635"}],"wp:term":[{"taxonomy":"product_brand","embeddable":true,"href":"https:\/\/www.keyangtools.com\/de\/wp-json\/wp\/v2\/product_brand?post=56635"},{"taxonomy":"product_cat","embeddable":true,"href":"https:\/\/www.keyangtools.com\/de\/wp-json\/wp\/v2\/product_cat?post=56635"},{"taxonomy":"product_tag","embeddable":true,"href":"https:\/\/www.keyangtools.com\/de\/wp-json\/wp\/v2\/product_tag?post=56635"}],"curies":[{"name":"wp","href":"https:\/\/api.w.org\/{rel}","templated":true}]}}