{"id":56637,"date":"2021-03-24T08:25:07","date_gmt":"2021-03-24T07:25:07","guid":{"rendered":"https:\/\/www.keyangtools.com\/product\/keyang-kh5000m-meisselhammer-1050w-sds-max\/"},"modified":"2024-01-12T17:48:54","modified_gmt":"2024-01-12T16:48:54","slug":"keyang-kh5000m-meisselhammer-1050w-sds-max","status":"publish","type":"product","link":"https:\/\/www.keyangtools.com\/de\/produkt\/keyang-kh5000m-meisselhammer-1050w-sds-max\/","title":{"rendered":"Keyang KH5000M Meisselhammer &#8211; 1050W &#8211; SDS Max"},"content":{"rendered":"<p><em><strong>Warum Keyang w\u00e4hlen?<\/strong><\/em><\/p>\n<p>Die koreanische Marke stellt seit mehr als 40 Jahren hochwertige Maschinen f\u00fcr die Industrie und das Baugewerbe her. Seit \u00fcber 25 Jahren produziert sie auch f\u00fcr mehrere A-Marken auf dem europ\u00e4ischen Markt (u. a. Kress &amp; Spit). Keyang hebt sich von seinen Mitbewerbern ab, indem es ausgezeichnete Qualit\u00e4t zu einem vern\u00fcnftigen Preis liefert. Ausgehend von einer f\u00fchrenden Position auf dem koreanischen Markt begann das Unternehmen, sich auch auf den europ\u00e4ischen Markt zu konzentrieren. In relativ kurzer Zeit hat sich die koreanische Marke zu einem vertrauensw\u00fcrdigen Namen in der Baubranche entwickelt. Das hat nichts mit geschicktem Marketing zu tun, sondern mit der \u00dcberzeugung, dass man mit kleinen Schritten hoch hinaus kann im Gesch\u00e4ft.<\/p>\n<p><strong>Warum sollten Sie sich f\u00fcr den Keyang KH5000M entscheiden?<\/strong><\/p>\n<p>Das KH5000M ist in Bezug auf Qualit\u00e4t und Gebrauch absolut vergleichbar mit anderen A-Marken auf dem Markt. Wir wagen sogar zu behaupten, dass der Keyang KH5000M in vielen F\u00e4llen von h\u00f6herer Qualit\u00e4t ist. Dank seines ausgekl\u00fcgelten Designs ist dieses Ger\u00e4t sehr langlebig und eine lange Lebensdauer ist garantiert.<\/p>\n<p><strong>Eigenschaften Keyang KH5000M Abbruchhammer &#8211; 1050W &#8211; SDS Max<\/strong><\/p>\n<ul>\n<li>Absolute A-Qualit\u00e4t mit 3 Jahren Herstellergarantie<\/li>\n<li>Ergonomisches, kompaktes und schlankes Design f\u00fcr mehr Kontrolle und einfaches Arbeiten auf engstem Raum<\/li>\n<li>Die weiche Gummibeschichtung des Griffs reduziert die \u00dcbertragung von<\/li>\n<li>Vibrationen auf die H\u00e4nde und sorgt so f\u00fcr weniger Erm\u00fcdung im Dauereinsatz<\/li>\n<li>Ideal f\u00fcr leichte Abbrucharbeiten, die Vorbereitung von Oberfl\u00e4chen oder die Herstellung von Gr\u00e4ben und Durchgangsl\u00f6chern in Stein, Mauerwerk und Leichtbeton<\/li>\n<li>Hervorragendes Verh\u00e4ltnis von Leistung und Gewicht: 7,5 Joule Schlagenergie bei einem 5 kg Hammer<\/li>\n<li>Aktives Vibrationskontrollsystem mit schwimmend gelagertem hinteren Griff und gepolstertem seitlichen Griff reduziert Vibrationen<\/li>\n<li>Der vordere Griff kann um 360\u00b0 gedreht und in verschiedenen Winkeln arretiert werden<\/li>\n<li>Der Mei\u00dfel kann in 12 verschiedenen Positionen arretiert werden, um je nach Anwendung den besten Winkel zu finden<\/li>\n<li>Elektronische B\u00fcrstenverschlei\u00df-\/Wartungsanzeige<\/li>\n<\/ul>\n<p><strong>Technische Daten<\/strong><\/p>\n<ul>\n<li>Leistung &#8211; 1050 W<\/li>\n<li>Hubfrequenz ohne Last &#8211; 3500 \/min<\/li>\n<li>Schlagkraft &#8211; 7,5 Joule<\/li>\n<li>Gewicht &#8211; 5,4 kg<\/li>\n<li>Schmierung &#8211; vet<\/li>\n<li>Bohrfutter &#8211; SDS-Max<\/li>\n<\/ul>\n<p><strong>Umfang der Lieferung<\/strong><\/p>\n<ul>\n<li>Keyang KH5000M Meisselhammer &#8211; 1050W &#8211; SDS Max<\/li>\n<li>1x Schmierfett<\/li>\n<li>1x Einstellbarer Anti-Vibrations-Seitengriff<\/li>\n<li>Geliefert in einem Koffer<\/li>\n<\/ul>\n","protected":false},"excerpt":{"rendered":"<p>https:\/\/www.youtube.com\/embed\/-DpgUy1v4E0<\/p>\n<p>&nbsp;<\/p>\n<p>&nbsp;<\/p>\n<p><strong>Umfang der Lieferung<\/strong><\/p>\n<ul>\n<li>Keyang KH5000M Meisselhammer &#8211; 1050W &#8211; SDS Max<\/li>\n<li>1x Schmierfett<\/li>\n<li>1x Einstellbarer Anti-Vibrations-Seitengriff<\/li>\n<li>Geliefert in einem Koffer<\/li>\n<\/ul>\n<p>&nbsp;<\/p>\n","protected":false},"featured_media":27471,"comment_status":"closed","ping_status":"closed","template":"","meta":[],"product_brand":[],"product_cat":[1206,1207],"product_tag":[],"class_list":{"0":"post-56637","1":"product","2":"type-product","3":"status-publish","4":"has-post-thumbnail","6":"product_cat-vibrationsarmer-hackhammer","7":"product_cat-maschinen","9":"first","10":"instock","11":"purchasable","12":"product-type-simple"},"_links":{"self":[{"href":"https:\/\/www.keyangtools.com\/de\/wp-json\/wp\/v2\/product\/56637","targetHints":{"allow":["GET"]}}],"collection":[{"href":"https:\/\/www.keyangtools.com\/de\/wp-json\/wp\/v2\/product"}],"about":[{"href":"https:\/\/www.keyangtools.com\/de\/wp-json\/wp\/v2\/types\/product"}],"replies":[{"embeddable":true,"href":"https:\/\/www.keyangtools.com\/de\/wp-json\/wp\/v2\/comments?post=56637"}],"wp:featuredmedia":[{"embeddable":true,"href":"https:\/\/www.keyangtools.com\/de\/wp-json\/wp\/v2\/media\/27471"}],"wp:attachment":[{"href":"https:\/\/www.keyangtools.com\/de\/wp-json\/wp\/v2\/media?parent=56637"}],"wp:term":[{"taxonomy":"product_brand","embeddable":true,"href":"https:\/\/www.keyangtools.com\/de\/wp-json\/wp\/v2\/product_brand?post=56637"},{"taxonomy":"product_cat","embeddable":true,"href":"https:\/\/www.keyangtools.com\/de\/wp-json\/wp\/v2\/product_cat?post=56637"},{"taxonomy":"product_tag","embeddable":true,"href":"https:\/\/www.keyangtools.com\/de\/wp-json\/wp\/v2\/product_tag?post=56637"}],"curies":[{"name":"wp","href":"https:\/\/api.w.org\/{rel}","templated":true}]}}