{"id":56658,"date":"2021-03-23T16:07:31","date_gmt":"2021-03-23T15:07:31","guid":{"rendered":"https:\/\/www.keyangtools.com\/product\/keyang-phd283b-kombihammer-800w-sds\/"},"modified":"2024-01-12T17:53:55","modified_gmt":"2024-01-12T16:53:55","slug":"keyang-phd283b-kombihammer-800w-sds","status":"publish","type":"product","link":"https:\/\/www.keyangtools.com\/de\/produkt\/keyang-phd283b-kombihammer-800w-sds\/","title":{"rendered":"Keyang PHD283B Kombihammer &#8211; 800W &#8211; SDS+"},"content":{"rendered":"<p><strong>Warum Keyang w\u00e4hlen?<\/strong><br \/>\nDie koreanische Marke stellt seit mehr als 40 Jahren hochwertige Maschinen f\u00fcr die Industrie und das Baugewerbe her. Seit \u00fcber 25 Jahren produziert sie auch f\u00fcr mehrere A-Marken auf dem europ\u00e4ischen Markt (u. a. Kress &amp; Spit). Keyang hebt sich von seinen Mitbewerbern ab, indem es ausgezeichnete Qualit\u00e4t zu einem vern\u00fcnftigen Preis liefert. Ausgehend von einer f\u00fchrenden Position auf dem koreanischen Markt begann das Unternehmen, sich auch auf den europ\u00e4ischen Markt zu konzentrieren. In relativ kurzer Zeit hat sich die koreanische Marke zu einem vertrauensw\u00fcrdigen Namen in der Baubranche entwickelt. Das hat nichts mit geschicktem Marketing zu tun, sondern mit der \u00dcberzeugung, dass man mit kleinen Schritten hoch hinaus kann im Gesch\u00e4ft.<\/p>\n<p><strong>Warum einen Combihammer Keyang 800W w\u00e4hlen?<\/strong><br \/>\nDer gro\u00dfe Unterschied zwischen einem Bohrhammer und einem Kombihammer besteht darin, dass ein Kombihammer mit einem Drehstopp ausgestattet ist. Wenn ein Spitzmei\u00dfel oder ein Flachmei\u00dfel mit SDS-Anschluss eingesetzt wird, kann er daher auch f\u00fcr leichte Abbrucharbeiten verwendet werden. Mit einem Kombihammer k\u00f6nnen Sie zum Beispiel die Fliesen in Ihrem Badezimmer abschlagen. Ein Kombihammer eignet sich zum Bohren in Hartgestein und Hartbeton. Im Vergleich zur Schlagbohrmaschine ist die Hammerfunktion des Kombihammers viel st\u00e4rker und kann unabh\u00e4ngig von der Drehzahl gesteuert werden.<\/p>\n<p><strong>Eigenschaften Keyang PHD283B Kombihammer &#8211; 800W &#8211; SDS+<\/strong><\/p>\n<p>Der Keyang PHD283B CombiHammer ist ideal zum Bohren von Anker- und Befestigungsl\u00f6chern von 4-28 mm in Beton und Mauerwerk. Mei\u00dfelfunktion in verschiedenen Positionen einstellbar. Die Sicherheitskupplung verhindert Sch\u00e4den und Verletzungen durch die Kraft, die entsteht, wenn der Bohrer zu klemmen droht. Ergonomischer Griff mit Gummibeschichtung f\u00fcr einen h\u00f6heren Bedienungskomfort. Drehstopp f\u00fcr leichtes Mei\u00dfeln in Stein, weichem Mauerwerk und in begrenztem Umfang in Leichtbeton.<\/p>\n<p>Dank der Verarbeitung und Qualit\u00e4t der Komponenten dieser Maschine steht sie in einem Atemzug mit Maschinen wie der DUSS P16 SDS und der HILTI TE 3-C. Die besonders lange Lebensdauer und Leistung machen diese Maschine zum K\u00f6nig im 2kg-Segment. Lassen Sie sich also nicht vom Preis t\u00e4uschen!<\/p>\n<ul>\n<li>SDS-Plus-Aufnahmebohrer auf Knopfdruck<\/li>\n<li>Beste Bohrleistung auf dem Markt<\/li>\n<li>Sicherheitsschieber gegen \u00dcberlastung<\/li>\n<li>3 Betriebsartenschalter (Bohrer, Hammer, Mei\u00dfel)<\/li>\n<li>Vorw\u00e4rts-\/R\u00fcckw\u00e4rtslauf<\/li>\n<li>Sanftanlauf<\/li>\n<li>Sicherheitskupplung verhindert Sch\u00e4den und Verletzungen durch die Kraft, die entsteht, wenn der Bohrer zu klemmen droht<\/li>\n<li>6 verschiedene G\u00e4nge<\/li>\n<li>Getrennter Hammer- und Bohrmodus<\/li>\n<li>Reduzierte Vibrationen durch VCS<\/li>\n<\/ul>\n<p><strong>Anwendungen<\/strong><\/p>\n<ul>\n<li>Mei\u00dfeln<\/li>\n<li>Bohren und Hammerbohren in Beton und Mauerwerk<\/li>\n<\/ul>\n<p><strong>Test-Ergebnisse<\/strong><\/p>\n<p><img decoding=\"async\" class=\"size-full wp-image-32334 alignleft\" src=\"https:\/\/www.keyangtools.com\/wp-content\/uploads\/2021\/03\/test-diagram-2.png\" alt=\"\" width=\"818\" height=\"571\" srcset=\"https:\/\/www.keyangtools.com\/wp-content\/uploads\/2021\/03\/test-diagram-2.png 818w, https:\/\/www.keyangtools.com\/wp-content\/uploads\/2021\/03\/test-diagram-2-300x209.png 300w, https:\/\/www.keyangtools.com\/wp-content\/uploads\/2021\/03\/test-diagram-2-768x536.png 768w, https:\/\/www.keyangtools.com\/wp-content\/uploads\/2021\/03\/test-diagram-2-560x391.png 560w\" sizes=\"(max-width: 818px) 100vw, 818px\" \/><\/p>\n<p>&nbsp;<\/p>\n<p>&nbsp;<\/p>\n<p>&nbsp;<\/p>\n<p>&nbsp;<\/p>\n<p>&nbsp;<\/p>\n<p>&nbsp;<\/p>\n<p>&nbsp;<\/p>\n<p>&nbsp;<\/p>\n<p>&nbsp;<\/p>\n<p>&nbsp;<\/p>\n<p>&nbsp;<\/p>\n<p>&nbsp;<\/p>\n<p>&nbsp;<\/p>\n<p>&nbsp;<\/p>\n<p>&nbsp;<\/p>\n<p>&nbsp;<\/p>\n<p>&nbsp;<\/p>\n<p>&nbsp;<\/p>\n<ul>\n<li>Geh\u00f6rt zu den schnellsten Kombih\u00e4mmern in der 2KG\/Klasse Kombihammer mit Seitenstiel, bewiesen durch verschiedene Testbedingungen.<\/li>\n<li>Deutlich l\u00e4ngere Lebensdauer als vergleichbare Kombih\u00e4mmer &#8211; Verschiedene Tests haben gezeigt, dass der PHD283B eine vergleichbare Geschwindigkeit hat, h\u00f6rbar leiser ist, weniger vibriert und die Temperatur relativ niedriger halten kann als vergleichbare Kombih\u00e4mmer, was zu einer deutlich l\u00e4ngeren Lebensdauer f\u00fchrt.<\/li>\n<li>Leiser als vergleichbare Kombih\u00e4mmer mit Seitengriff.<\/li>\n<\/ul>\n<hr \/>\n<p>&nbsp;<\/p>\n<p><strong>Technische Daten<\/strong><\/p>\n<ul>\n<li>Leistung &#8211; 800 W<\/li>\n<li>Leerlaufdrehzahl &#8211; 0~1.250 Rpm<\/li>\n<li>Schl\u00e4ge pro Minute &#8211; 0~1.100 Spm<\/li>\n<li>Schlagkraft &#8211; 3,2 Joule<\/li>\n<li>Gewicht &#8211; 2,9 kg<\/li>\n<li>Max. Kapazit\u00e4t Beton &#8211; 28 mm<\/li>\n<li>Max. Kapazit\u00e4t Stahl &#8211; 13 mm<\/li>\n<li>Max. Kapazit\u00e4t Beton &#8211; 30 mm<\/li>\n<li>Bohrfutter &#8211; SDS+<\/li>\n<\/ul>\n<p><strong>Umfang der Lieferung<\/strong><\/p>\n<ul>\n<li>Keyang PHD283B Kombihammer &#8211; 800W &#8211; SDS+<\/li>\n<li>1 x Verstellbarer Seitengriff<\/li>\n<li>1 x Tiefenanschlag<\/li>\n<li>Wird im Koffer geliefert<\/li>\n<\/ul>\n<h2 style=\"text-align: center;\"><strong>Siehe auch den &#8217;schnelleren&#8216; Keyang HD26-2T Kombihammer &#8211; 850W<\/strong><\/h2>\n","protected":false},"excerpt":{"rendered":"<h3>Der leistungsst\u00e4rkste und effizienteste Kombihammer auf seinem Markt!<\/h3>\n<h3>Die Maschine, die Sie von der Kraft von Keyang \u00fcberzeugt!<\/h3>\n<hr \/>\n<h3>Ideales Preis-\/Leistungsverh\u00e4ltnis!<\/h3>\n<table>\n<tbody>\n<tr>\n<td class=\"echotable\"><a href=\"https:\/\/www.kem-europe.eu\/wp-content\/uploads\/2018\/02\/Untitled-1-1.jpg\"><img decoding=\"async\" class=\"alignnone size-full wp-image-24330\" src=\"https:\/\/www.kem-europe.eu\/wp-content\/uploads\/2018\/02\/Untitled-1-1.jpg\" alt=\"\" width=\"57\" height=\"57\" \/><\/a>Doppelte Isolierung<\/td>\n<td class=\"echotable\"><a href=\"https:\/\/www.kem-europe.eu\/wp-content\/uploads\/2018\/02\/Untitled-2-1.jpg\"><img decoding=\"async\" class=\"alignnone size-full wp-image-24331\" src=\"https:\/\/www.kem-europe.eu\/wp-content\/uploads\/2018\/02\/Untitled-2-1.jpg\" alt=\"\" width=\"57\" height=\"57\" \/><\/a>Geschwindigkeitskontrolle<\/td>\n<\/tr>\n<tr>\n<td class=\"echotable\"><a href=\"https:\/\/www.kem-europe.eu\/wp-content\/uploads\/2018\/02\/4-1.jpg\"><img decoding=\"async\" class=\"alignnone size-full wp-image-24309\" src=\"https:\/\/www.kem-europe.eu\/wp-content\/uploads\/2018\/02\/4-1.jpg\" alt=\"\" width=\"57\" height=\"57\" \/><\/a>Umgekehrte Drehung<\/td>\n<td class=\"echotable\"><a href=\"https:\/\/www.kem-europe.eu\/wp-content\/uploads\/2018\/02\/9-1.jpg\"><img decoding=\"async\" class=\"alignnone size-full wp-image-24314\" src=\"https:\/\/www.kem-europe.eu\/wp-content\/uploads\/2018\/02\/9-1.jpg\" alt=\"\" width=\"57\" height=\"57\" \/><\/a>Aufprallkupplung<\/td>\n<\/tr>\n<\/tbody>\n<tbody>\n<tr>\n<td class=\"echotable\"><a href=\"https:\/\/www.kem-europe.eu\/wp-content\/uploads\/2018\/02\/10-1.jpg\"><img decoding=\"async\" class=\"alignnone size-full wp-image-24315\" src=\"https:\/\/www.kem-europe.eu\/wp-content\/uploads\/2018\/02\/10-1.jpg\" alt=\"\" width=\"57\" height=\"57\" \/><\/a>Tiefenstopper<\/td>\n<td class=\"echotable\"><a href=\"https:\/\/www.kem-europe.eu\/wp-content\/uploads\/2018\/02\/11-1.jpg\"><img decoding=\"async\" class=\"alignnone size-full wp-image-24316\" src=\"https:\/\/www.kem-europe.eu\/wp-content\/uploads\/2018\/02\/11-1.jpg\" alt=\"\" width=\"57\" height=\"57\" \/><\/a>Seitlicher Griff<\/td>\n<\/tr>\n<tr>\n<td class=\"echotable\"><a href=\"https:\/\/www.kem-europe.eu\/wp-content\/uploads\/2018\/02\/20-1.jpg\"><img decoding=\"async\" class=\"alignnone size-full wp-image-24325\" src=\"https:\/\/www.kem-europe.eu\/wp-content\/uploads\/2018\/02\/20-1.jpg\" alt=\"\" width=\"57\" height=\"57\" \/><\/a>SDS plus<\/td>\n<td class=\"echotable\"><a href=\"https:\/\/www.kem-europe.eu\/wp-content\/uploads\/2018\/02\/14-1.jpg\"><img decoding=\"async\" class=\"alignnone size-full wp-image-24319\" src=\"https:\/\/www.kem-europe.eu\/wp-content\/uploads\/2018\/02\/14-1.jpg\" alt=\"\" width=\"57\" height=\"57\" \/><\/a>Auto-Stopp-Kohleb\u00fcrsten<\/td>\n<\/tr>\n<tr>\n<td class=\"echotable\"><a href=\"https:\/\/www.kem-europe.eu\/wp-content\/uploads\/2018\/02\/13-1.jpg\"><img decoding=\"async\" class=\"alignnone size-full wp-image-24318\" src=\"https:\/\/www.kem-europe.eu\/wp-content\/uploads\/2018\/02\/13-1.jpg\" alt=\"\" width=\"57\" height=\"57\" \/><\/a>Koffer<\/td>\n<\/tr>\n<\/tbody>\n<\/table>\n<p>&nbsp;<\/p>\n<p><strong>Eine vollst\u00e4ndige \u00dcbersicht \u00fcber die verschiedenen Symbole finden Sie <a href=\"https:\/\/www.keyangtools.com\/de\/keyang-symbolik\/\">hier<\/a>!<\/strong><\/p>\n<p>&nbsp;<\/p>\n<p id=\"tw-target-text\" class=\"tw-data-text tw-text-large tw-ta\" dir=\"ltr\" data-placeholder=\"Vertaling\"><strong><span class=\"Y2IQFc\" lang=\"de\">Lieferumfang <\/span><\/strong><\/p>\n<ul>\n<li class=\"tw-data-text tw-text-large tw-ta\" dir=\"ltr\" data-placeholder=\"Vertaling\"><span class=\"Y2IQFc\" lang=\"de\">Keyang PHD283B Kombihammer \u2013 800 W \u2013 SDS+<\/span><\/li>\n<li class=\"tw-data-text tw-text-large tw-ta\" dir=\"ltr\" data-placeholder=\"Vertaling\"><span class=\"Y2IQFc\" lang=\"de\">1 x verstellbarer Seitengriff <\/span><\/li>\n<li class=\"tw-data-text tw-text-large tw-ta\" dir=\"ltr\" data-placeholder=\"Vertaling\"><span class=\"Y2IQFc\" lang=\"de\">1 x Tiefenanschlag <\/span><\/li>\n<li class=\"tw-data-text tw-text-large tw-ta\" dir=\"ltr\" data-placeholder=\"Vertaling\"><span class=\"Y2IQFc\" lang=\"de\">Lieferung im Koffer<\/span><\/li>\n<\/ul>\n","protected":false},"featured_media":30785,"comment_status":"closed","ping_status":"closed","template":"","meta":[],"product_brand":[],"product_cat":[1203,1207],"product_tag":[],"class_list":{"0":"post-56658","1":"product","2":"type-product","3":"status-publish","4":"has-post-thumbnail","6":"product_cat-kombihammer","7":"product_cat-maschinen","8":"pif-has-gallery","10":"first","11":"onbackorder","12":"purchasable","13":"product-type-simple"},"_links":{"self":[{"href":"https:\/\/www.keyangtools.com\/de\/wp-json\/wp\/v2\/product\/56658","targetHints":{"allow":["GET"]}}],"collection":[{"href":"https:\/\/www.keyangtools.com\/de\/wp-json\/wp\/v2\/product"}],"about":[{"href":"https:\/\/www.keyangtools.com\/de\/wp-json\/wp\/v2\/types\/product"}],"replies":[{"embeddable":true,"href":"https:\/\/www.keyangtools.com\/de\/wp-json\/wp\/v2\/comments?post=56658"}],"wp:featuredmedia":[{"embeddable":true,"href":"https:\/\/www.keyangtools.com\/de\/wp-json\/wp\/v2\/media\/30785"}],"wp:attachment":[{"href":"https:\/\/www.keyangtools.com\/de\/wp-json\/wp\/v2\/media?parent=56658"}],"wp:term":[{"taxonomy":"product_brand","embeddable":true,"href":"https:\/\/www.keyangtools.com\/de\/wp-json\/wp\/v2\/product_brand?post=56658"},{"taxonomy":"product_cat","embeddable":true,"href":"https:\/\/www.keyangtools.com\/de\/wp-json\/wp\/v2\/product_cat?post=56658"},{"taxonomy":"product_tag","embeddable":true,"href":"https:\/\/www.keyangtools.com\/de\/wp-json\/wp\/v2\/product_tag?post=56658"}],"curies":[{"name":"wp","href":"https:\/\/api.w.org\/{rel}","templated":true}]}}