{"id":56669,"date":"2018-02-12T12:05:18","date_gmt":"2018-02-12T11:05:18","guid":{"rendered":"https:\/\/www.keyangtools.com\/product\/keyang-dw18bla-accu-universele-slagmoersleutel-slagschroevendraaier-18v-5-0ah\/"},"modified":"2024-01-12T17:57:18","modified_gmt":"2024-01-12T16:57:18","slug":"keyang-dw18bla-akku-universal-schlagschrauber-18v-5-0ah","status":"publish","type":"product","link":"https:\/\/www.keyangtools.com\/de\/produkt\/keyang-dw18bla-akku-universal-schlagschrauber-18v-5-0ah\/","title":{"rendered":"Keyang DW18BLA Akku Universal-Schlagschrauber &#8211; 18V &#8211; 5.0Ah"},"content":{"rendered":"<p><strong>Warum Keyang w\u00e4hlen?<\/strong><\/p>\n<p>Die koreanische Marke stellt seit mehr als 40 Jahren hochwertige Maschinen f\u00fcr die Industrie und das Baugewerbe her. Seit \u00fcber 25 Jahren produziert sie auch f\u00fcr mehrere A-Marken auf dem europ\u00e4ischen Markt (u. a. Kress &amp; Spit). Keyang hebt sich von seinen Mitbewerbern ab, indem es ausgezeichnete Qualit\u00e4t zu einem vern\u00fcnftigen Preis liefert. Ausgehend von einer f\u00fchrenden Position auf dem koreanischen Markt begann das Unternehmen, sich auch auf den europ\u00e4ischen Markt zu konzentrieren. In relativ kurzer Zeit hat sich die koreanische Marke zu einem vertrauensw\u00fcrdigen Namen in der Baubranche entwickelt. Das hat nichts mit geschicktem Marketing zu tun, sondern mit der \u00dcberzeugung, dass man mit kleinen Schritten hoch hinaus kann im Gesch\u00e4ft.<\/p>\n<p><strong>Warum sollten Sie sich f\u00fcr den Keyang DW18BLA entscheiden?<\/strong><\/p>\n<p>In puncto Qualit\u00e4t und Handhabung ist der DW18BLA absolut vergleichbar mit den Schlagschraubern der anderen A-Marken auf dem Markt. Durch die ausgekl\u00fcgelte Konstruktion ist diese Maschine sehr robust und eine lange Lebensdauer ist garantiert.<\/p>\n<p><strong>Eigenschaften Keyang DW18BLA Accu Universal-Schlagschrauber &#8211; 18V &#8211; 5.0Ah<\/strong><\/p>\n<ul>\n<li>Hocheffizienter b\u00fcrstenloser Motor (BLDC) &#8211; \u00dcberarbeiteter BLDC<\/li>\n<li>Akkuschlagschrauber mit Design der zweiten Generation<br \/>\n&#8211; 17% mehr Drehmoment<br \/>\n&#8211; 9% schneller<\/li>\n<\/ul>\n<p>Verf\u00fcgt \u00fcber 2 Modi:<\/p>\n<ul>\n<li>ASC, der ein maximales Drehmoment von 170 Nm bei 2600 U\/min aufweist.<\/li>\n<li>Bohrmodus, mit maximal 210 Nm und 3200 U\/min<br \/>\n&#8211; Der Bohrer-Modus erm\u00f6glicht eine pr\u00e4zise Steuerung<\/li>\n<li>B\u00fcrstenlos<\/li>\n<li>Automatische Stoppsteuerung bei \u00dcberlastung zur Vermeidung von Schneckensch\u00e4den<\/li>\n<li>3-Gang<\/li>\n<li>LED-Beleuchtung<\/li>\n<li>Batterieanzeige<\/li>\n<li>1 Sek. One-Shot-Funktion<\/li>\n<li>Hochgeschwindigkeits-Schlagbohren<\/li>\n<li>Magnetischer Bithalter<\/li>\n<li>Kompakte Bauweise<\/li>\n<li>Ergonomischer Griff<\/li>\n<li>Ladeger\u00e4t (50 Min.)<\/li>\n<\/ul>\n<p><strong>Technische Daten<\/strong><\/p>\n<ul>\n<li>Spannung &#8211; 18 V<\/li>\n<li>Drehmoment &#8211; 210 Nm<\/li>\n<li>Geschwindigkeit &#8211; 0-3000 U\/min<\/li>\n<li>Schlagfrequenz &#8211; 0-3200 \/min<\/li>\n<li>Gewicht &#8211; 1,65 kg<\/li>\n<li>Aufwicklung &#8211; 1\/4&#8220; (Sechskant)<\/li>\n<li>Akku &#8211; 5,0 Ah Lithium-Ionen<\/li>\n<\/ul>\n<p><strong>Umfang der Lieferung<\/strong><\/p>\n<ul>\n<li>2x 18V Li-ion 5.0Ah Akku<\/li>\n<li>1x Ladeger\u00e4t<\/li>\n<li>1x Koffer<\/li>\n<\/ul>\n","protected":false},"excerpt":{"rendered":"<h2><em>Verbesserte Qualit\u00e4t und Haltbarkeit<\/em><\/h2>\n<table>\n<tbody>\n<tr>\n<td class=\"echotable\"><img decoding=\"async\" class=\"alignnone size-full wp-image-24330\" src=\"https:\/\/www.kem-europe.eu\/wp-content\/uploads\/2018\/02\/Untitled-1-1.jpg\" alt=\"\" width=\"57\" height=\"57\" \/>Doppelte Isolierung<\/td>\n<td class=\"echotable\"><a href=\"https:\/\/www.kem-europe.eu\/wp-content\/uploads\/2018\/02\/Untitled-2-1.jpg\"><img decoding=\"async\" class=\"alignnone size-full wp-image-24331\" src=\"https:\/\/www.kem-europe.eu\/wp-content\/uploads\/2018\/02\/Untitled-2-1.jpg\" alt=\"\" width=\"57\" height=\"57\" \/><\/a>Geschwindigkeitskontrolle<\/td>\n<\/tr>\n<tr>\n<td class=\"echotable\"><a href=\"https:\/\/www.kem-europe.eu\/wp-content\/uploads\/2018\/02\/4-1.jpg\"><img decoding=\"async\" class=\"alignnone size-full wp-image-24309\" src=\"https:\/\/www.kem-europe.eu\/wp-content\/uploads\/2018\/02\/4-1.jpg\" alt=\"\" width=\"57\" height=\"57\" \/><\/a>Umgekehrte Drehung<\/td>\n<td class=\"echotable\"><a href=\"https:\/\/www.kem-europe.eu\/wp-content\/uploads\/2018\/02\/7-1.jpg\"><img decoding=\"async\" class=\"alignnone size-full wp-image-24312\" src=\"https:\/\/www.kem-europe.eu\/wp-content\/uploads\/2018\/02\/7-1.jpg\" alt=\"\" width=\"57\" height=\"57\" \/><\/a>Hohe Drehzahlen<\/td>\n<\/tr>\n<\/tbody>\n<tbody>\n<tr>\n<td class=\"echotable\"><a href=\"https:\/\/www.kem-europe.eu\/wp-content\/uploads\/2018\/02\/8-1.jpg\"><img decoding=\"async\" class=\"alignnone size-full wp-image-24313\" src=\"https:\/\/www.kem-europe.eu\/wp-content\/uploads\/2018\/02\/8-1.jpg\" alt=\"\" width=\"57\" height=\"57\" \/><\/a>Niedrige Drehzahl<\/td>\n<td class=\"echotable\"><a href=\"https:\/\/www.kem-europe.eu\/wp-content\/uploads\/2018\/02\/18-1.jpg\"><img decoding=\"async\" class=\"alignnone size-full wp-image-24323\" src=\"https:\/\/www.kem-europe.eu\/wp-content\/uploads\/2018\/02\/18-1.jpg\" alt=\"\" width=\"57\" height=\"57\" \/><\/a>Auswirkungen<\/td>\n<\/tr>\n<tr>\n<td class=\"echotable\"><a href=\"https:\/\/www.kem-europe.eu\/wp-content\/uploads\/2018\/02\/13-1.jpg\"><img decoding=\"async\" class=\"alignnone size-full wp-image-24318\" src=\"https:\/\/www.kem-europe.eu\/wp-content\/uploads\/2018\/02\/13-1.jpg\" alt=\"\" width=\"57\" height=\"57\" \/><\/a>Koffer<\/td>\n<td class=\"echotable\"><a href=\"https:\/\/www.kem-europe.eu\/wp-content\/uploads\/2018\/02\/22-1.jpg\"><img decoding=\"async\" class=\"alignnone size-full wp-image-24327\" src=\"https:\/\/www.kem-europe.eu\/wp-content\/uploads\/2018\/02\/22-1.jpg\" alt=\"\" width=\"57\" height=\"57\" \/><\/a>BLDC-Motor<\/td>\n<\/tr>\n<\/tbody>\n<\/table>\n<p>&nbsp;<\/p>\n<p><strong>Eine vollst\u00e4ndige \u00dcbersicht \u00fcber die verschiedenen Symbole finden Sie <a href=\"https:\/\/www.keyangtools.com\/de\/keyang-symbolik\/\">hier<\/a>!<\/strong><\/p>\n[embed]https:\/\/youtu.be\/oaqklX2fqlU?t=9[\/embed]\n<p><strong>Lieferumfang<\/strong><\/p>\n<ul>\n<li>Keyang DW18BLA Accu Universal-Schlagschrauber &#8211; 18V &#8211; 5.0Ah<\/li>\n<li>2x Akku 18V Li-ion 5.0Ah<\/li>\n<li>1x Ladeger\u00e4t<\/li>\n<li>Wird im Koffer geliefert<\/li>\n<\/ul>\n","protected":false},"featured_media":24276,"comment_status":"closed","ping_status":"closed","template":"","meta":[],"product_brand":[],"product_cat":[1220,1197],"product_tag":[],"class_list":{"0":"post-56669","1":"product","2":"type-product","3":"status-publish","4":"has-post-thumbnail","6":"product_cat-akku-universal-schlagbohrschrauber","7":"product_cat-akkubetriebene-maschinen","8":"pif-has-gallery","10":"first","11":"instock","12":"purchasable","13":"product-type-simple"},"_links":{"self":[{"href":"https:\/\/www.keyangtools.com\/de\/wp-json\/wp\/v2\/product\/56669","targetHints":{"allow":["GET"]}}],"collection":[{"href":"https:\/\/www.keyangtools.com\/de\/wp-json\/wp\/v2\/product"}],"about":[{"href":"https:\/\/www.keyangtools.com\/de\/wp-json\/wp\/v2\/types\/product"}],"replies":[{"embeddable":true,"href":"https:\/\/www.keyangtools.com\/de\/wp-json\/wp\/v2\/comments?post=56669"}],"wp:featuredmedia":[{"embeddable":true,"href":"https:\/\/www.keyangtools.com\/de\/wp-json\/wp\/v2\/media\/24276"}],"wp:attachment":[{"href":"https:\/\/www.keyangtools.com\/de\/wp-json\/wp\/v2\/media?parent=56669"}],"wp:term":[{"taxonomy":"product_brand","embeddable":true,"href":"https:\/\/www.keyangtools.com\/de\/wp-json\/wp\/v2\/product_brand?post=56669"},{"taxonomy":"product_cat","embeddable":true,"href":"https:\/\/www.keyangtools.com\/de\/wp-json\/wp\/v2\/product_cat?post=56669"},{"taxonomy":"product_tag","embeddable":true,"href":"https:\/\/www.keyangtools.com\/de\/wp-json\/wp\/v2\/product_tag?post=56669"}],"curies":[{"name":"wp","href":"https:\/\/api.w.org\/{rel}","templated":true}]}}