{"id":33291,"date":"2022-08-30T14:55:21","date_gmt":"2022-08-30T12:55:21","guid":{"rendered":"https:\/\/www.keyangtools.com\/?page_id=33291"},"modified":"2022-09-16T10:38:44","modified_gmt":"2022-09-16T08:38:44","slug":"symbolika-keyang","status":"publish","type":"page","link":"https:\/\/www.keyangtools.com\/pl\/symbolika-keyang\/","title":{"rendered":"Symbolika Keyang"},"content":{"rendered":"<p>&nbsp;<\/p>\n<table>\n<tbody>\n<tr>\n<td class=\"echotable\"><strong>Symbol<\/strong><\/td>\n<td class=\"echotable\"><strong>Oznaczenie<\/strong><\/td>\n<td class=\"echotable\"><strong>Uwagi<\/strong><\/td>\n<\/tr>\n<\/tbody>\n<tbody>\n<tr>\n<td class=\"echotable\"><img decoding=\"async\" class=\"alignnone wp-image-24335 size-full\" src=\"https:\/\/www.kem-europe.eu\/wp-content\/uploads\/2021\/06\/26.jpg\" alt=\"\" width=\"57\" height=\"57\" \/><\/td>\n<td class=\"echotable\">Sta\u0142a pr\u0119dko\u015b\u0107<\/td>\n<td class=\"echotable\">\n<div id=\"resulttxt\" class=\"mt-translation-content\">Sta\u0142a pr\u0119dko\u015b\u0107 na wale, nawet je\u015bli pr\u0119dko\u015b\u0107 obrotowa silnika zmienia si\u0119 nieznacznie.<\/div>\n<\/td>\n<\/tr>\n<\/tbody>\n<tbody>\n<tr>\n<td class=\"echotable\"><img decoding=\"async\" class=\"alignnone wp-image-24328 size-full\" src=\"https:\/\/www.kem-europe.eu\/wp-content\/uploads\/2018\/02\/23.jpg\" alt=\"\" width=\"57\" height=\"57\" \/><\/td>\n<td class=\"echotable\">Kontrola<br \/>\nautomatycznego zatrzymania<\/td>\n<td class=\"echotable\">Zatrzymuje maszyn\u0119 po poluzowaniu nakr\u0119tek. Zapobiega to lataniu nakr\u0119tek dooko\u0142a, co jest szczeg\u00f3lnie wygodne i bezpieczne podczas prac na wysoko\u015bci.<\/td>\n<\/tr>\n<\/tbody>\n<tbody>\n<tr>\n<td class=\"echotable\"><img decoding=\"async\" class=\"alignnone wp-image-24336 size-full\" src=\"https:\/\/www.kem-europe.eu\/wp-content\/uploads\/2021\/06\/27.jpg\" alt=\"\" width=\"57\" height=\"57\" \/><\/td>\n<td class=\"echotable\">\n<div id=\"resulttxt\" class=\"mt-translation-content\">Automatyczna regulacja pr\u0119dko\u015bci (\u015bruby)<\/div>\n<\/td>\n<td class=\"echotable\">Zatrzymuje maszyn\u0119, gdy \u015bruby znajduj\u0105 si\u0119 w materiale. Zapobiega to uszkodzeniu obrabianego przedmiotu i pozwala na szybsz\u0105 prac\u0119.<\/td>\n<\/tr>\n<\/tbody>\n<tbody>\n<tr>\n<td class=\"echotable\"><img decoding=\"async\" class=\"alignnone wp-image-24329 size-full\" src=\"https:\/\/www.kem-europe.eu\/wp-content\/uploads\/2018\/02\/24.jpg\" alt=\"\" width=\"57\" height=\"57\" \/><\/td>\n<td class=\"echotable\">BLAC-silnik<\/td>\n<td class=\"echotable\">Silnik bezszczotkowy na napi\u0119cie sieciowe.<\/td>\n<\/tr>\n<\/tbody>\n<tbody>\n<tr>\n<td class=\"echotable\"><img decoding=\"async\" class=\"alignnone wp-image-24327 size-full\" src=\"https:\/\/www.kem-europe.eu\/wp-content\/uploads\/2018\/02\/22-1.jpg\" alt=\"\" width=\"57\" height=\"57\" \/><\/td>\n<td class=\"echotable\">BLDC-silnik<\/td>\n<td class=\"echotable\">Silnik bezszczotkowy z akumulatorem.<\/td>\n<\/tr>\n<\/tbody>\n<tbody>\n<tr>\n<td class=\"echotable\"><img decoding=\"async\" class=\"alignnone wp-image-24330 size-full\" src=\"https:\/\/www.kem-europe.eu\/wp-content\/uploads\/2018\/02\/Untitled-1-1.jpg\" alt=\"\" width=\"57\" height=\"57\" \/><\/td>\n<td class=\"echotable\">Podw\u00f3jna izolacja<\/td>\n<td class=\"echotable\">Maszyna z podw\u00f3jn\u0105 izolacj\u0105: nie wymaga uziemionej wtyczki.<\/td>\n<\/tr>\n<\/tbody>\n<tbody>\n<tr>\n<td class=\"echotable\"><img decoding=\"async\" class=\"alignnone wp-image-24331 size-full\" src=\"https:\/\/www.kem-europe.eu\/wp-content\/uploads\/2018\/02\/Untitled-2-1.jpg\" alt=\"\" width=\"57\" height=\"57\" \/><\/td>\n<td class=\"echotable\">Regulacja pr\u0119dko\u015bci<\/td>\n<td class=\"echotable\">\n<div id=\"resulttxt\" class=\"mt-translation-content\">Regulowana pr\u0119dko\u015b\u0107<\/div>\n<\/td>\n<\/tr>\n<\/tbody>\n<tbody>\n<tr>\n<td class=\"echotable\"><img decoding=\"async\" class=\"alignnone wp-image-24307 size-full\" src=\"https:\/\/www.kem-europe.eu\/wp-content\/uploads\/2018\/02\/2-1.jpg\" alt=\"\" width=\"57\" height=\"57\" \/><\/td>\n<td class=\"echotable\">Elektryczna regulacja pr\u0119dko\u015bci<\/td>\n<td class=\"echotable\">\n<div id=\"resulttxt\" class=\"mt-translation-content\">Regulatory pr\u0119dko\u015bci obrotowej jako zainstalowane w silnikach elektrycznych s\u0105 cz\u0119sto wyposa\u017cone w czujniki, kt\u00f3re w spos\u00f3b ci\u0105g\u0142y rejestruj\u0105 pr\u0119dko\u015b\u0107 obrotow\u0105. Je\u015bli warto\u015b\u0107 rzeczywista odbiega od zdefiniowanej warto\u015bci docelowej, nast\u0119puje regulacja pr\u0119dko\u015bci, przy czym obie warto\u015bci s\u0105 do siebie dopasowywane.<\/div>\n<\/td>\n<\/tr>\n<\/tbody>\n<tbody>\n<tr>\n<td class=\"echotable\"><img decoding=\"async\" class=\"alignnone wp-image-24308 size-full\" src=\"https:\/\/www.kem-europe.eu\/wp-content\/uploads\/2018\/02\/3-1.jpg\" alt=\"\" width=\"57\" height=\"57\" \/><\/td>\n<td class=\"echotable\">Niewielka waga<\/td>\n<td class=\"echotable\">\n<div id=\"resulttxt\" class=\"mt-translation-content\">Lekka maszyna do d\u0142ugotrwa\u0142ego, ergonomicznego u\u017cytkowania.<\/div>\n<\/td>\n<\/tr>\n<\/tbody>\n<tbody>\n<tr>\n<td class=\"echotable\"><img decoding=\"async\" class=\"alignnone wp-image-24309 size-full\" src=\"https:\/\/www.kem-europe.eu\/wp-content\/uploads\/2018\/02\/4-1.jpg\" alt=\"\" width=\"57\" height=\"57\" \/><\/td>\n<td class=\"echotable\">Wsteczna rotacja<\/td>\n<td class=\"echotable\">\n<div id=\"resulttxt\" class=\"mt-translation-content\">Maszyna skr\u0119ca w lewo i w prawo.<\/div>\n<\/td>\n<\/tr>\n<\/tbody>\n<tbody>\n<tr>\n<td class=\"echotable\"><img decoding=\"async\" class=\"alignnone wp-image-24310 size-full\" src=\"https:\/\/www.kem-europe.eu\/wp-content\/uploads\/2018\/02\/5-1.jpg\" alt=\"\" width=\"57\" height=\"57\" \/><\/td>\n<td class=\"echotable\">Elektryczny hamulec<\/td>\n<td class=\"echotable\">\n<div id=\"resulttxt\" class=\"mt-translation-content\">Hamowany silnik zapewnia natychmiastowe zatrzymanie maszyny po zwolnieniu ci\u0105gnika. Dzi\u0119ki temu zwi\u0119ksza si\u0119 bezpiecze\u0144stwo.<\/div>\n<\/td>\n<\/tr>\n<\/tbody>\n<tbody>\n<tr>\n<td class=\"echotable\"><img decoding=\"async\" class=\"alignnone wp-image-24312 size-full\" src=\"https:\/\/www.kem-europe.eu\/wp-content\/uploads\/2018\/02\/7-1.jpg\" alt=\"\" width=\"57\" height=\"57\" \/><\/td>\n<td class=\"echotable\">Wysoki RPM<\/td>\n<td class=\"echotable\">Wysoka pr\u0119dko\u015b\u0107<\/td>\n<\/tr>\n<\/tbody>\n<tbody>\n<tr>\n<td class=\"echotable\"><img decoding=\"async\" class=\"alignnone wp-image-24313 size-full\" src=\"https:\/\/www.kem-europe.eu\/wp-content\/uploads\/2018\/02\/8-1.jpg\" alt=\"\" width=\"57\" height=\"57\" \/><\/td>\n<td class=\"echotable\">Niski RPM<\/td>\n<td class=\"echotable\">Niska pr\u0119dko\u015b\u0107<\/td>\n<\/tr>\n<\/tbody>\n<tbody>\n<tr>\n<td class=\"echotable\"><img decoding=\"async\" class=\"alignnone wp-image-24314 size-full\" src=\"https:\/\/www.kem-europe.eu\/wp-content\/uploads\/2018\/02\/9-1.jpg\" alt=\"\" width=\"57\" height=\"57\" \/><\/td>\n<td class=\"echotable\">Sprz\u0119g\u0142o udarowe<\/td>\n<td class=\"echotable\">Maszyna z mechanizem udarowym<\/td>\n<\/tr>\n<\/tbody>\n<tbody>\n<tr>\n<td class=\"echotable\"><img decoding=\"async\" class=\"alignnone wp-image-24315 size-full\" src=\"https:\/\/www.kem-europe.eu\/wp-content\/uploads\/2018\/02\/10-1.jpg\" alt=\"\" width=\"57\" height=\"57\" \/><\/td>\n<td class=\"echotable\">Ogranicznik g\u0142\u0119boko\u015bci<\/td>\n<td class=\"echotable\">\n<div id=\"resulttxt\" class=\"mt-translation-content\">Aby wszystkie otwory by\u0142y jednakowo g\u0142\u0119bokie, mo\u017cna u\u017cy\u0107 ogranicznika g\u0142\u0119boko\u015bci na wiertarce.<\/div>\n<\/td>\n<\/tr>\n<\/tbody>\n<tbody>\n<tr>\n<td class=\"echotable\"><img decoding=\"async\" class=\"alignnone wp-image-24316 size-full\" src=\"https:\/\/www.kem-europe.eu\/wp-content\/uploads\/2018\/02\/11-1.jpg\" alt=\"\" width=\"57\" height=\"57\" \/><\/td>\n<td class=\"echotable\">Uchwyt boczny<\/td>\n<td class=\"echotable\">\u00a0&#8211;<\/td>\n<\/tr>\n<\/tbody>\n<tbody>\n<tr>\n<td class=\"echotable\"><img decoding=\"async\" class=\"alignnone wp-image-24317 size-full\" src=\"https:\/\/www.kem-europe.eu\/wp-content\/uploads\/2018\/02\/12-2.jpg\" alt=\"\" width=\"57\" height=\"57\" \/><\/td>\n<td class=\"echotable\">Niskie drgania<\/td>\n<td class=\"echotable\">Pozwala u\u017cytkownikowi na d\u0142u\u017csz\u0105 komfortow\u0105 prac\u0119 dzi\u0119ki mniejszym wibracjom.<\/td>\n<\/tr>\n<\/tbody>\n<tbody>\n<tr>\n<td class=\"echotable\"><img decoding=\"async\" class=\"alignnone wp-image-24318 size-full\" src=\"https:\/\/www.kem-europe.eu\/wp-content\/uploads\/2018\/02\/13-1.jpg\" alt=\"\" width=\"57\" height=\"57\" \/><\/td>\n<td class=\"echotable\">Walizka<\/td>\n<td class=\"echotable\">Dostarczany z plastikow\u0105 walizk\u0105<\/td>\n<\/tr>\n<\/tbody>\n<tbody>\n<tr>\n<td class=\"echotable\"><img decoding=\"async\" class=\"alignnone wp-image-24319 size-full\" src=\"https:\/\/www.kem-europe.eu\/wp-content\/uploads\/2018\/02\/14-1.jpg\" alt=\"\" width=\"57\" height=\"57\" \/><\/td>\n<td class=\"echotable\">Szczotki w\u0119glowe z automatycznym<br \/>\nzatrzymaniem<\/td>\n<td class=\"echotable\">Szczotki w\u0119glowe z automatycznym zatrzymaniem zapobiegaj\u0105 uszkodzeniu maszyny. Szczotki w\u0119glowe s\u0105 cz\u0119\u015bci\u0105 zu\u017cywaln\u0105, kt\u00f3ra przewodzi pr\u0105d pomi\u0119dzy ruchomymi i nieruchomymi cz\u0119\u015bciami w silniku maszyny. Czujnik jest aktywowany, gdy szczotka w\u0119glowa jest prawie zu\u017cyta. W\u00f3wczas maszyna przestaje pracowa\u0107, aby zapobiec problemom elektrycznym.<\/td>\n<\/tr>\n<\/tbody>\n<tbody>\n<tr>\n<td class=\"echotable\"><img decoding=\"async\" class=\"alignnone wp-image-24320 size-full\" src=\"https:\/\/www.kem-europe.eu\/wp-content\/uploads\/2018\/02\/15-1.jpg\" alt=\"\" width=\"57\" height=\"57\" \/><\/td>\n<td class=\"echotable\">Mi\u0119kki start<\/td>\n<td class=\"echotable\">Dzi\u0119ki mi\u0119kkiemu startowi nie wyst\u0119puje pr\u0105d szczytowy, kt\u00f3ry powoduje przepalenie bezpiecznik\u00f3w w liczniku po w\u0142\u0105czeniu maszyny.<\/td>\n<\/tr>\n<\/tbody>\n<tbody>\n<tr>\n<td class=\"echotable\"><img decoding=\"async\" class=\"alignnone wp-image-24322 size-full\" src=\"https:\/\/www.kem-europe.eu\/wp-content\/uploads\/2018\/02\/17-1.jpg\" alt=\"\" width=\"57\" height=\"57\" \/><\/td>\n<td class=\"echotable\">\n<div id=\"resulttxt\" class=\"mt-translation-content\">Uchwyt szybkomocuj\u0105cy<\/div>\n<\/td>\n<td class=\"echotable\">G\u0142owica szybkomocuj\u0105ca, beznarz\u0119dziowe blokowanie wierte\u0142 w g\u0142owicy<\/td>\n<\/tr>\n<\/tbody>\n<tbody>\n<tr>\n<td class=\"echotable\"><img decoding=\"async\" class=\"alignnone wp-image-24323 size-full\" src=\"https:\/\/www.kem-europe.eu\/wp-content\/uploads\/2018\/02\/18-1.jpg\" alt=\"\" width=\"57\" height=\"57\" \/><\/td>\n<td class=\"echotable\">Oddzia\u0142ywanie (Nacisk)<\/td>\n<td class=\"echotable\">\n<div id=\"resulttxt\" class=\"mt-translation-content\">Dzia\u0142a z mechanizmem udarowym<\/div>\n<\/td>\n<\/tr>\n<\/tbody>\n<tbody>\n<tr>\n<td class=\"echotable\"><img decoding=\"async\" class=\"alignnone wp-image-24324 size-full\" src=\"https:\/\/www.kem-europe.eu\/wp-content\/uploads\/2018\/02\/19-1.jpg\" alt=\"\" width=\"57\" height=\"57\" \/><\/td>\n<td class=\"echotable\">SDS Max<\/td>\n<td class=\"echotable\">Ko\u0144c\u00f3wka SDS MAX<\/td>\n<\/tr>\n<\/tbody>\n<tbody>\n<tr>\n<td class=\"echotable\"><img decoding=\"async\" class=\"alignnone wp-image-24325 size-full\" src=\"https:\/\/www.kem-europe.eu\/wp-content\/uploads\/2018\/02\/20-1.jpg\" alt=\"\" width=\"57\" height=\"57\" \/><\/td>\n<td class=\"echotable\">SDS Plus<\/td>\n<td class=\"echotable\">Ko\u0144c\u00f3wka SDS +<\/td>\n<\/tr>\n<\/tbody>\n<tbody>\n<tr>\n<td class=\"echotable\"><img decoding=\"async\" class=\"alignnone wp-image-24326 size-full\" src=\"https:\/\/www.kem-europe.eu\/wp-content\/uploads\/2018\/02\/21-1.jpg\" alt=\"\" width=\"57\" height=\"57\" \/><\/td>\n<td class=\"echotable\">Sze\u015bciok\u0105tny<\/td>\n<td class=\"echotable\">\n<p id=\"tw-target-text\" class=\"tw-data-text tw-text-large XcVN5d tw-ta\" dir=\"ltr\" data-placeholder=\"Vertaling\">Sze\u015bciok\u0105tny ma 6 bok\u00f3w, kt\u00f3re s\u0105 utrzymywane w miejscu przez g\u0142owic\u0119 wiert\u0142a. Zapewnia to wysoki moment obrotowy.<\/p>\n<\/td>\n<\/tr>\n<\/tbody>\n<\/table>\n","protected":false},"excerpt":{"rendered":"<p>&nbsp; Symbol Oznaczenie Uwagi Sta\u0142a pr\u0119dko\u015b\u0107 Sta\u0142a pr\u0119dko\u015b\u0107 na wale, nawet je\u015bli pr\u0119dko\u015b\u0107 obrotowa silnika zmienia si\u0119 nieznacznie. Kontrola automatycznego zatrzymania Zatrzymuje maszyn\u0119 po poluzowaniu nakr\u0119tek. Zapobiega to lataniu nakr\u0119tek dooko\u0142a, co jest szczeg\u00f3lnie wygodne i bezpieczne podczas prac na wysoko\u015bci. Automatyczna regulacja pr\u0119dko\u015bci (\u015bruby)&#8230;<\/p>\n","protected":false},"author":11,"featured_media":0,"parent":0,"menu_order":0,"comment_status":"closed","ping_status":"closed","template":"","meta":{"footnotes":""},"class_list":["post-33291","page","type-page","status-publish","hentry"],"_links":{"self":[{"href":"https:\/\/www.keyangtools.com\/pl\/wp-json\/wp\/v2\/pages\/33291","targetHints":{"allow":["GET"]}}],"collection":[{"href":"https:\/\/www.keyangtools.com\/pl\/wp-json\/wp\/v2\/pages"}],"about":[{"href":"https:\/\/www.keyangtools.com\/pl\/wp-json\/wp\/v2\/types\/page"}],"author":[{"embeddable":true,"href":"https:\/\/www.keyangtools.com\/pl\/wp-json\/wp\/v2\/users\/11"}],"replies":[{"embeddable":true,"href":"https:\/\/www.keyangtools.com\/pl\/wp-json\/wp\/v2\/comments?post=33291"}],"version-history":[{"count":5,"href":"https:\/\/www.keyangtools.com\/pl\/wp-json\/wp\/v2\/pages\/33291\/revisions"}],"predecessor-version":[{"id":33426,"href":"https:\/\/www.keyangtools.com\/pl\/wp-json\/wp\/v2\/pages\/33291\/revisions\/33426"}],"wp:attachment":[{"href":"https:\/\/www.keyangtools.com\/pl\/wp-json\/wp\/v2\/media?parent=33291"}],"curies":[{"name":"wp","href":"https:\/\/api.w.org\/{rel}","templated":true}]}}