{"id":34071,"date":"2011-07-14T19:45:29","date_gmt":"2011-07-14T19:45:29","guid":{"rendered":"https:\/\/www.keyangtools.com\/o-nas\/"},"modified":"2022-12-15T11:46:00","modified_gmt":"2022-12-15T10:46:00","slug":"o-nas","status":"publish","type":"page","link":"https:\/\/www.keyangtools.com\/pl\/o-nas\/","title":{"rendered":"O nas"},"content":{"rendered":"<p>\r\n<section class=\"sh-section sh-section-e7f4287906f1605487d8b1f2e83f8594 fw-main-row sh-section-visibility-everywhere\">\r\n\t\r\n\t\r\n\t<div class=\"sh-section-container container-fluid\">\r\n\t\t<div class=\"fw-row\">\n\t\r\n<div class=\"sh-column sh-column-9c85697309dd2e59eea7b8ab77caaf9f fw-col-xs-12 fw-col-sm-6 sh-column-mobile-padding\" >\r\n\r\n\t\r\n\t<div class=\"sh-column-wrapper\">\r\n\t\t\r\n<div class=\"sh-heading  \" id=\"heading-3b4d62c4722bccf3a1b42a0b280697e5\">\r\n\t<div class=\"sh-element-margin\">\r\n\r\n\t\t\r\n\t\t\t<h3 class=\"sh-heading-content size-l text-center\">\r\n\t\t\t\tBADANIA & ROZW\u00d3J\t\t\t<\/h3>\r\n\r\n\t\t\r\n\t<\/div>\r\n<\/div>\r\n\r\n<div class=\"sh-empty-space\" id=\"empty-space-317d6aa26c030260d4ab854b4b49ce1f\"><\/div>\r\n\r\n<div id=\"divider-0f4f3779e4e93c39f7cedfcb1390ae38\" class=\"sh-divider sh-divider-center sh-divider-content-none\">\r\n\t\t\t<div class=\"sh-divider-line\"><\/div>\r\n\t<\/div>\r\n\r\n<div id=\"text-block-dc06be16fea35fffb4c65b6aa8f99557\" class=\"sh-text-block\">\r\n\t<p><strong>Centrum Bada\u0144 i Rozwoju Keyang nap\u0119dza nasz\u0105 przysz\u0142o\u015b\u0107, poniewa\u017c stosujemy innowacyjne podej\u015bcie do rozwoju nowych produkt\u00f3w. Celem Keyang jest osi\u0105gni\u0119cie pe\u0142nej satysfakcji klienta i wierzymy, \u017ce rozw\u00f3j nowych produkt\u00f3w jest kluczowym zadaniem w osi\u0105gni\u0119ciu tego celu.<\/strong><\/p><p>Jako wiod\u0105ca firma w dziedzinie krajowych elektronarz\u0119dzi i silnik\u00f3w, Keyang za\u0142o\u017cy\u0142 swoje Centrum Bada\u0144 i Rozwoju w 1989 roku. Ci\u0105g\u0142e inwestycje w badania i rozw\u00f3j zwi\u0119kszy\u0142y mo\u017cliwo\u015bci technologiczne firmy. Skupienie si\u0119 na tworzeniu najlepszych produkt\u00f3w pozwoli\u0142o nie tylko udoskonali\u0107 istniej\u0105ce produkty, ale tak\u017ce umo\u017cliwi\u0142o firmie Keyang rozszerzenie dzia\u0142alno\u015bci na bran\u017ce zwi\u0105zane z e-mobilno\u015bci\u0105, zdrowiem i rekreacj\u0105.<\/p><\/div>\r\n\r\n<div class=\"sh-empty-space\" id=\"empty-space-bd4a6704c0168a97653046b4134d5fe6\"><\/div>\r\n\t<\/div>\r\n\r\n\r\n\t\t\r\n\r\n<\/div>\r\n\r\n<div class=\"sh-column sh-column-33bcebd1bd4dc6a7324ac74e77934f34 fw-col-xs-12 fw-col-sm-6 sh-column-mobile-padding\" >\r\n\r\n\t\t\t<script type=\"text\/javascript\">\r\n\t\t\tjQuery(document).ready(function($) {\r\n\t\t\t\t\t\t\t\t\r\n\t\t\t\t\t$('.sh-column-33bcebd1bd4dc6a7324ac74e77934f34').vide({\r\n\t\t\t\t\t\tmp4: '',\r\n\t\t\t\t\t\twebm: '',\r\n\t\t\t\t\t\togv: '',\r\n\t\t\t\t\t\tposter: ''\r\n\t\t\t\t\t});\r\n\r\n\t\t\t\t\t\t\t});\r\n\t\t<\/script>\r\n\t\r\n\t<div class=\"sh-column-wrapper\">\r\n\t\t\r\n<div id=\"text-block-f31b754e3d7455f37d3f37db618e10ab\" class=\"sh-text-block\">\r\n\t<p><div style=\"width: 1272px;\" class=\"wp-video\"><video class=\"wp-video-shortcode\" id=\"video-34071-1\" width=\"1272\" height=\"720\" autoplay preload=\"auto\" controls=\"controls\"><source type=\"video\/mp4\" src=\"https:\/\/www.keyangtools.com\/wp-content\/uploads\/2016\/04\/Keyang-Power-Tools.m4v?_=1\" \/><a href=\"https:\/\/www.keyangtools.com\/wp-content\/uploads\/2016\/04\/Keyang-Power-Tools.m4v\">https:\/\/www.keyangtools.com\/wp-content\/uploads\/2016\/04\/Keyang-Power-Tools.m4v<\/a><\/video><\/div><\/p><\/div>\r\n\t<\/div>\r\n\r\n\r\n\t\t\r\n\r\n<\/div>\r\n<\/div>\n\n\t<\/div>\r\n<\/section>\r\n\r\n<section class=\"sh-section sh-section-59ad2591c064479c1f5c0e3253a18a68 fw-main-row sh-section-visibility-everywhere\">\r\n\t\r\n\t\r\n\t<div class=\"sh-section-container container-fluid\">\r\n\t\t<div class=\"fw-row\">\n\t\r\n<div class=\"sh-column sh-column-c3fc9c94e5de3a182ce107833a432f44 fw-col-xs-12 fw-col-sm-6\" >\r\n\r\n\t\r\n\t<div class=\"sh-column-wrapper\">\r\n\t\t\t<\/div>\r\n\r\n\r\n\t\t\r\n\r\n<\/div>\r\n\r\n<div class=\"sh-column sh-column-b0612bc75d7fa1e2915067c1d9c095c5 fw-col-xs-12 fw-col-sm-6 sh-column-mobile-padding\" >\r\n\r\n\t\r\n\t<div class=\"sh-column-wrapper\">\r\n\t\t\r\n<div class=\"sh-heading  \" id=\"heading-150dea0fa22d567e8fd352371b9f0e00\">\r\n\t<div class=\"sh-element-margin\">\r\n\r\n\t\t\r\n\t\t\t<h3 class=\"sh-heading-content size-l text-center\">\r\n\t\t\t\tHISTORIA\t\t\t<\/h3>\r\n\r\n\t\t\r\n\t<\/div>\r\n<\/div>\r\n\r\n<div class=\"sh-empty-space\" id=\"empty-space-a551df3b7f85e28f50e5aef20306302e\"><\/div>\r\n\r\n<div id=\"divider-073d861d9f852faf33b2c4e1d5399701\" class=\"sh-divider sh-divider-center sh-divider-content-none\">\r\n\t\t\t<div class=\"sh-divider-line\"><\/div>\r\n\t<\/div>\r\n\r\n<div id=\"text-block-3a7efc85600b433d49bdc7d4ccdf9b49\" class=\"sh-text-block\">\r\n\t<p><strong>Dzi\u0119ki ci\u0105g\u0142ym ulepszeniom i innowacjom, KEYANG d\u0105\u017cy do bycia wiod\u0105c\u0105 firm\u0105 na \u015bwiecie...<\/strong><\/p><p>Korea\u0144ski Keyang Power Tools jest od ponad 30 lat producentem wysokiej jako\u015bci maszyn dla budownictwa i przemys\u0142u. Ponad 15 lat produkuj\u0105 dla r\u00f3\u017cnych marek na rynku europejskim. Keyang zapewnia doskona\u0142\u0105 jako\u015b\u0107 za uczciw\u0105 cen\u0119.<\/p><p>Firma Keyangs rozpocz\u0119\u0142a dzia\u0142alno\u015b\u0107 w bran\u017cy elektronarz\u0119dzi w 1977 roku. Nast\u0119pnie poszerzyli lini\u0119 produkt\u00f3w jako wysokiej jako\u015bci profesjonalny producent konkuruj\u0105c z najlepszymi na \u015bwiecie. Obecnie posiadaj\u0105 w ofercie ponad 120 r\u00f3\u017cnorodnych narz\u0119dzi: przewodowych i bezprzewodowych.<\/p><\/div>\r\n\r\n<div class=\"sh-empty-space\" id=\"empty-space-01fcf73231fb535e9826bf698438e5ec\"><\/div>\r\n\t<\/div>\r\n\r\n\r\n\t\t\r\n\r\n<\/div>\r\n<\/div>\n\n\t<\/div>\r\n<\/section>\r\n\r\n<section class=\"sh-section sh-section-95ed19e71aac6112bf333113562968f8 fw-main-row sh-section-visibility-everywhere\">\r\n\t\r\n\t\r\n\t<div class=\"sh-section-container container-fluid\">\r\n\t\t<div class=\"fw-row\">\n\t\r\n<div class=\"sh-column sh-column-85b6d1b0c32c59f826269c47d0e47a2c fw-col-xs-12 fw-col-sm-6 sh-column-mobile-padding\" >\r\n\r\n\t\r\n\t<div class=\"sh-column-wrapper\">\r\n\t\t\r\n<div class=\"sh-heading  \" id=\"heading-fed87f77650889391b8a4290f407184c\">\r\n\t<div class=\"sh-element-margin\">\r\n\r\n\t\t\r\n\t\t\t<h3 class=\"sh-heading-content size-l text-center\">\r\n\t\t\t\tWIZJA\t\t\t<\/h3>\r\n\r\n\t\t\r\n\t<\/div>\r\n<\/div>\r\n\r\n<div class=\"sh-empty-space\" id=\"empty-space-ef4252ad01568421cc79183f1b5b1ceb\"><\/div>\r\n\r\n<div id=\"divider-09045a61ab601e228de8f66deb0728e3\" class=\"sh-divider sh-divider-center sh-divider-content-none\">\r\n\t\t\t<div class=\"sh-divider-line\"><\/div>\r\n\t<\/div>\r\n\r\n<div id=\"text-block-b0e1fdc76c00ff408ebef6818321f05e\" class=\"sh-text-block\">\r\n\t<p>Dzi\u0119ki ci\u0105g\u0142ym ulepszeniom i innowacjom, Keyang d\u0105\u017cy do tego, aby sta\u0107 si\u0119\u00a0 wiod\u0105c\u0105 firm\u0105 na \u015bwiecie. W oparciu o zdobyte do\u015bwiadczenia i opracowane technologie, Keyang w ci\u0105gu ostatnich 30 lat mocno ugruntowa\u0142 swoj\u0105 pozycj\u0119 jako profesjonalny producent elektronarz\u0119dzi.<\/p><p>Tak szeroki zakres i sprawdzona jako\u015b\u0107 sprawi\u0142y, \u017ce obecna pozycja KEYANG na rynku krajowym w Korei to \"Top Seller\". Poza Kore\u0105, wsp\u00f3\u0142pracuj\u0105 z najlepszymi \u015bwiatowymi producentami i sprzedawcami detalicznymi pod w\u0142asnymi nazwami.<\/p><\/div>\r\n\t<\/div>\r\n\r\n\r\n\t\t\r\n\r\n<\/div>\r\n\r\n<div class=\"sh-column sh-column-f416a409f39e284ea5666ae056aab1ab fw-col-xs-12 fw-col-sm-6 sh-column-mobile-padding\" >\r\n\r\n\t\r\n\t<div class=\"sh-column-wrapper\">\r\n\t\t\t<\/div>\r\n\r\n\r\n\t\t\r\n\r\n<\/div>\r\n<\/div>\n\n\t<\/div>\r\n<\/section>\r\n\r\n<section class=\"sh-section sh-section-f57abbb9e9d43c28630ea925f114ba7d fw-main-row sh-section-visibility-everywhere\">\r\n\t\r\n\t\r\n\t<div class=\"sh-section-container container-fluid\">\r\n\t\t<div class=\"fw-row\">\n\t\r\n<div class=\"sh-column sh-column-a98adba02aedb30998f8ba41fec6eeee fw-col-xs-12 fw-col-sm-6 sh-column-mobile-padding\" >\r\n\r\n\t\r\n\t<div class=\"sh-column-wrapper\">\r\n\t\t\t<\/div>\r\n\r\n\r\n\t\t\r\n\r\n<\/div>\r\n\r\n<div class=\"sh-column sh-column-2eb90c9532b3e8940d5972e99db94974 fw-col-xs-12 fw-col-sm-6 sh-column-mobile-padding\" >\r\n\r\n\t\r\n\t<div class=\"sh-column-wrapper\">\r\n\t\t\r\n<div class=\"sh-heading  \" id=\"heading-cfc645abd7393802b9f373e490dd5952\">\r\n\t<div class=\"sh-element-margin\">\r\n\r\n\t\t\r\n\t\t\t<h3 class=\"sh-heading-content size-l text-center\">\r\n\t\t\t\tDO\u015aWIADCZENIE\t\t\t<\/h3>\r\n\r\n\t\t\r\n\t<\/div>\r\n<\/div>\r\n\r\n<div class=\"sh-empty-space\" id=\"empty-space-b58bdfc2db2036bb91844c5da0d9ffb4\"><\/div>\r\n\r\n<div id=\"divider-7402603eef24ad8c11efe085bf89ab66\" class=\"sh-divider sh-divider-center sh-divider-content-none\">\r\n\t\t\t<div class=\"sh-divider-line\"><\/div>\r\n\t<\/div>\r\n\r\n<div id=\"text-block-d98032e3ffdd47f925801c81eae845ed\" class=\"sh-text-block\">\r\n\t<div id=\"text-block-4c7de920f821dfdb5264eb34c88f9e9e\" class=\"sh-text-block\"><p>Dzi\u0119ki sprawdzonej jako\u015bci i wydajno\u015bci profesjonalnych elektronarz\u0119dzi w Korei, KEYANG prowadzi dzia\u0142alno\u015b\u0107 badawcz\u0105 na rynku zagranicznym i dostarcza do g\u0142\u00f3wnych graczy markowych w globalnym przemy\u015ble elektronarz\u0119dzi. Aby uzyska\u0107 wi\u0119cej informacji, zapraszamy do kontaktu.<\/p><\/div><div id=\"empty-space-2ebe6d51ce8dadfa5d4e42f83a531e15\" class=\"sh-empty-space\"><\/div><\/div>\r\n\r\n<div class=\"sh-empty-space\" id=\"empty-space-767797e34958242895154c32a6b26fb2\"><\/div>\r\n\t<\/div>\r\n\r\n\r\n\t\t\r\n\r\n<\/div>\r\n<\/div>\n\n\t<\/div>\r\n<\/section>\r\n<\/p>\n","protected":false},"excerpt":{"rendered":"<p>BADANIA &#038; ROZW\u00d3J Centrum Bada\u0144 i Rozwoju Keyang nap\u0119dza nasz\u0105 przysz\u0142o\u015b\u0107, poniewa\u017c stosujemy innowacyjne podej\u015bcie do rozwoju nowych produkt\u00f3w. Celem Keyang jest osi\u0105gni\u0119cie pe\u0142nej satysfakcji klienta i wierzymy, \u017ce rozw\u00f3j nowych produkt\u00f3w jest kluczowym zadaniem w osi\u0105gni\u0119ciu tego celu.Jako wiod\u0105ca firma w dziedzinie krajowych elektronarz\u0119dzi&#8230;<\/p>\n","protected":false},"author":6,"featured_media":0,"parent":0,"menu_order":1,"comment_status":"open","ping_status":"open","template":"","meta":{"footnotes":""},"class_list":["post-34071","page","type-page","status-publish","hentry"],"_links":{"self":[{"href":"https:\/\/www.keyangtools.com\/pl\/wp-json\/wp\/v2\/pages\/34071","targetHints":{"allow":["GET"]}}],"collection":[{"href":"https:\/\/www.keyangtools.com\/pl\/wp-json\/wp\/v2\/pages"}],"about":[{"href":"https:\/\/www.keyangtools.com\/pl\/wp-json\/wp\/v2\/types\/page"}],"author":[{"embeddable":true,"href":"https:\/\/www.keyangtools.com\/pl\/wp-json\/wp\/v2\/users\/6"}],"replies":[{"embeddable":true,"href":"https:\/\/www.keyangtools.com\/pl\/wp-json\/wp\/v2\/comments?post=34071"}],"version-history":[{"count":3,"href":"https:\/\/www.keyangtools.com\/pl\/wp-json\/wp\/v2\/pages\/34071\/revisions"}],"predecessor-version":[{"id":34119,"href":"https:\/\/www.keyangtools.com\/pl\/wp-json\/wp\/v2\/pages\/34071\/revisions\/34119"}],"wp:attachment":[{"href":"https:\/\/www.keyangtools.com\/pl\/wp-json\/wp\/v2\/media?parent=34071"}],"curies":[{"name":"wp","href":"https:\/\/api.w.org\/{rel}","templated":true}]}}