{"id":32483,"date":"2022-04-15T15:10:22","date_gmt":"2022-04-15T13:10:22","guid":{"rendered":"https:\/\/www.keyangtools.com\/product\/32483\/"},"modified":"2023-08-21T15:01:35","modified_gmt":"2023-08-21T13:01:35","slug":"keyang-iw20bl-1000-akumulatorowy-klucz-udarowy-18v-20v-max","status":"publish","type":"product","link":"https:\/\/www.keyangtools.com\/pl\/produkty\/keyang-iw20bl-1000-akumulatorowy-klucz-udarowy-18v-20v-max\/","title":{"rendered":"Keyang IW20BL-1000 Akumulatorowy klucz udarowy 18V"},"content":{"rendered":"<p><img decoding=\"async\" class=\"aligncenter wp-image-32493 size-full\" src=\"https:\/\/www.keyangtools.com\/wp-content\/uploads\/2022\/07\/IW20BL-1000-PL.png\" alt=\"Klucz udarowy akumulatorowy Keyang IW20BL-1000 18V - 20V max\" width=\"817\" height=\"4480\" srcset=\"https:\/\/www.keyangtools.com\/wp-content\/uploads\/2022\/07\/IW20BL-1000-PL.png 817w, https:\/\/www.keyangtools.com\/wp-content\/uploads\/2022\/07\/IW20BL-1000-PL-187x1024.png 187w, https:\/\/www.keyangtools.com\/wp-content\/uploads\/2022\/07\/IW20BL-1000-PL-768x4211.png 768w, https:\/\/www.keyangtools.com\/wp-content\/uploads\/2022\/07\/IW20BL-1000-PL-280x1536.png 280w, https:\/\/www.keyangtools.com\/wp-content\/uploads\/2022\/07\/IW20BL-1000-PL-560x3071.png 560w\" sizes=\"(max-width: 817px) 100vw, 817px\" \/><\/p>\n","protected":false},"excerpt":{"rendered":"<p><strong><em><span style=\"font-size: 21px;\">Ulepszona jako\u015b\u0107 i trwa\u0142o\u015b\u0107!<\/span><\/em><\/strong><\/p>\n<p>&nbsp;<\/p>\n<p><strong>Zakres dostawy<\/strong><\/p>\n<ul>\n<li>Keyang IW20BL-1000 Akumulatorowy klucz udarowy 18V<\/li>\n<li>2 x Li-ion Akumulator 5.0 Ah<\/li>\n<li>1 x Szybko\u0142adowarka<\/li>\n<li>Dostarczany w walizce<\/li>\n<\/ul>\n","protected":false},"featured_media":32487,"comment_status":"closed","ping_status":"closed","template":"","meta":[],"product_brand":[],"product_cat":[1145,1153],"product_tag":[],"class_list":{"0":"post-32483","1":"product","2":"type-product","3":"status-publish","4":"has-post-thumbnail","6":"product_cat-akumulatorowe-maszyny","7":"product_cat-akumulatorowy-klucz-udarowy","9":"first","10":"onbackorder","11":"shipping-taxable","12":"purchasable","13":"product-type-simple"},"_links":{"self":[{"href":"https:\/\/www.keyangtools.com\/pl\/wp-json\/wp\/v2\/product\/32483","targetHints":{"allow":["GET"]}}],"collection":[{"href":"https:\/\/www.keyangtools.com\/pl\/wp-json\/wp\/v2\/product"}],"about":[{"href":"https:\/\/www.keyangtools.com\/pl\/wp-json\/wp\/v2\/types\/product"}],"replies":[{"embeddable":true,"href":"https:\/\/www.keyangtools.com\/pl\/wp-json\/wp\/v2\/comments?post=32483"}],"wp:featuredmedia":[{"embeddable":true,"href":"https:\/\/www.keyangtools.com\/pl\/wp-json\/wp\/v2\/media\/32487"}],"wp:attachment":[{"href":"https:\/\/www.keyangtools.com\/pl\/wp-json\/wp\/v2\/media?parent=32483"}],"wp:term":[{"taxonomy":"product_brand","embeddable":true,"href":"https:\/\/www.keyangtools.com\/pl\/wp-json\/wp\/v2\/product_brand?post=32483"},{"taxonomy":"product_cat","embeddable":true,"href":"https:\/\/www.keyangtools.com\/pl\/wp-json\/wp\/v2\/product_cat?post=32483"},{"taxonomy":"product_tag","embeddable":true,"href":"https:\/\/www.keyangtools.com\/pl\/wp-json\/wp\/v2\/product_tag?post=32483"}],"curies":[{"name":"wp","href":"https:\/\/api.w.org\/{rel}","templated":true}]}}