{"id":32503,"date":"2022-01-15T10:53:37","date_gmt":"2022-01-15T09:53:37","guid":{"rendered":"https:\/\/www.keyangtools.com\/product\/keyang-asd1800l-akumulatorowa-wkretarka-do-suchej-zabudowy-18v-body\/"},"modified":"2024-01-15T08:50:18","modified_gmt":"2024-01-15T07:50:18","slug":"keyang-asd1800l-akumulatorowa-wkretarka-do-suchej-zabudowy-18v-body","status":"publish","type":"product","link":"https:\/\/www.keyangtools.com\/pl\/produkty\/keyang-asd1800l-akumulatorowa-wkretarka-do-suchej-zabudowy-18v-body\/","title":{"rendered":"Keyang ASD1800L Akumulatorowa wkr\u0119tarka do suchej zabudowy &#8211; 18V &#8211; KORPUS"},"content":{"rendered":"<p><strong>Cechy Keyang ASD1800L Akumulatorowej wkr\u0119tarki do suchej zabudowy &#8211; 18V &#8211; KORPUS<\/strong><\/p>\n<ul>\n<li>Magazynek na wkr\u0119ty z ta\u015bm\u0105<\/li>\n<li>\u0141atwa regulacja g\u0142\u0119boko\u015bci wkr\u0119t\u00f3w<\/li>\n<\/ul>\n<p><strong>Dane techniczne<\/strong><\/p>\n<ul>\n<li>Napi\u0119cie: &#8211; 18 V<\/li>\n<li>Pr\u0119dko\u015b\u0107 bez obci\u0105\u017cenia &#8211; 0-5000 \/min<\/li>\n<li>Moment obrotowy &#8211; 100 Nm<\/li>\n<li>Maksymalna pojemno\u015b\u0107 \u015bruby &#8211; 20-57 mm<\/li>\n<li>D\u0142ugo\u015b\u0107 ko\u0144c\u00f3wki &#8211; 130,5 mm &#8211; \u00d85 mm<\/li>\n<li>Waga &#8211; 1,5 kg<\/li>\n<li>\u0141\u0105czna liczba \u015brub &#8211; 800<\/li>\n<li>Nap\u0119d &#8211; 1\/4&#8221; (sze\u015bciok\u0105tny)<\/li>\n<\/ul>\n<p><strong>Zakres dostawy<\/strong><\/p>\n<ul>\n<li>Akumulatorowa wkr\u0119tarka do suchej zabudowy \/Korpus\/<\/li>\n<li>W opakowaniu<\/li>\n<li>Dostarczana z magazynkiem<\/li>\n<\/ul>\n<hr \/>\n<p><strong>Dlaczego warto wybra\u0107 Keyang?<\/strong><\/p>\n<p>Korea\u0144ska marka produkuje od ponad 40 lat wysokiej jako\u015bci maszyny dla sektora przemys\u0142owego i budowlanego. Od ponad 25 lat produkuje r\u00f3wnie\u017c dla kilku marek A na rynku europejskim (w tym Kress &amp; Spit). Keyang przewy\u017csza swoich konkurent\u00f3w, dostarczaj\u0105c doskona\u0142\u0105 jako\u015b\u0107 w rozs\u0105dnej cenie. Z pozycji lidera na rynku korea\u0144skim, firma zacz\u0119\u0142a koncentrowa\u0107 si\u0119 r\u00f3wnie\u017c na rynku europejskim. W stosunkowo kr\u00f3tkim czasie korea\u0144ska marka sta\u0142a si\u0119 zaufan\u0105 mark\u0105 w sektorze budowlanym. Nie ma to nic wsp\u00f3lnego ze sprytnym marketingiem, ale z wiar\u0105, \u017ce ma\u0142ymi krokami mo\u017cna zaj\u015b\u0107 wysoko w biznesie.<\/p>\n<p><strong>Dlaczego warto wybra\u0107 Keyang ASD1800L?<\/strong><\/p>\n<p>Doskona\u0142y sprz\u0119t za bardzo nisk\u0105 cen\u0119. Bardzo kompletna wkr\u0119tarka zbudowana z my\u015bl\u0105 o wygodnej i szczeg\u00f3lnie szybkiej pracy. Z prost\u0105 regulacj\u0105 d\u0142ugo\u015bci wkr\u0119tu, mo\u017cliwo\u015bci\u0105 regulacji pog\u0142\u0119biania wkr\u0119tu i uchylnym magazynkiem na wkr\u0119ty. Gumowany uchwyt u\u0142atwia obs\u0142ug\u0119 maszyny jedn\u0105 r\u0119k\u0105, pozostawiaj\u0105c drug\u0105 woln\u0105 do podtrzymywania np. p\u0142yt gipsowych. Z klipsem do paska, wska\u017anikiem napi\u0119cia baterii i opcjonalnym okr\u0105g\u0142ym mocowaniem do mi\u0119kkich materia\u0142\u00f3w.<\/p>\n<p>&nbsp;<\/p>\n","protected":false},"excerpt":{"rendered":"<table>\n<tbody>\n<tr>\n<td class=\"echotable\"><a href=\"https:\/\/www.kem-europe.eu\/wp-content\/uploads\/2018\/02\/4-1.jpg\"><img decoding=\"async\" class=\"alignnone size-full wp-image-24309\" src=\"https:\/\/www.kem-europe.eu\/wp-content\/uploads\/2018\/02\/4-1.jpg\" alt=\"\" width=\"57\" height=\"57\" \/><\/a>Obr\u00f3t wsteczny<\/td>\n<td class=\"echotable\"><a href=\"https:\/\/www.kem-europe.eu\/wp-content\/uploads\/2018\/02\/7-1.jpg\"><img decoding=\"async\" class=\"alignnone size-full wp-image-24312\" src=\"https:\/\/www.kem-europe.eu\/wp-content\/uploads\/2018\/02\/7-1.jpg\" alt=\"\" width=\"57\" height=\"57\" \/><\/a>Wysokie obroty<\/td>\n<\/tr>\n<\/tbody>\n<tbody>\n<tr>\n<td class=\"echotable\"><a href=\"https:\/\/www.kem-europe.eu\/wp-content\/uploads\/2018\/02\/8-1.jpg\"><img decoding=\"async\" class=\"alignnone size-full wp-image-24313\" src=\"https:\/\/www.kem-europe.eu\/wp-content\/uploads\/2018\/02\/8-1.jpg\" alt=\"\" width=\"57\" height=\"57\" \/><\/a>Niskie obroty na min.<\/td>\n<td class=\"echotable\"><a href=\"https:\/\/www.kem-europe.eu\/wp-content\/uploads\/2018\/02\/15-1.jpg\"><img decoding=\"async\" class=\"alignnone size-full wp-image-24320\" src=\"https:\/\/www.kem-europe.eu\/wp-content\/uploads\/2018\/02\/15-1.jpg\" alt=\"\" width=\"57\" height=\"57\" \/><\/a>Mi\u0119kki start<\/td>\n<\/tr>\n<tr>\n<td class=\"echotable\"><a href=\"https:\/\/www.kem-europe.eu\/wp-content\/uploads\/2018\/02\/13-1.jpg\"><img decoding=\"async\" class=\"alignnone size-full wp-image-24318\" src=\"https:\/\/www.kem-europe.eu\/wp-content\/uploads\/2018\/02\/13-1.jpg\" alt=\"\" width=\"57\" height=\"57\" \/><\/a>Walizka<\/td>\n<td class=\"echotable\"><a href=\"https:\/\/www.kem-europe.eu\/wp-content\/uploads\/2018\/02\/3-1.jpg\"><img decoding=\"async\" class=\"alignnone size-full wp-image-24308\" src=\"https:\/\/www.kem-europe.eu\/wp-content\/uploads\/2018\/02\/3-1.jpg\" alt=\"\" width=\"57\" height=\"57\" \/><\/a>Lekka waga<\/td>\n<\/tr>\n<\/tbody>\n<\/table>\n<p><strong>Aby uzyska\u0107 pe\u0142ny przegl\u0105d r\u00f3\u017cnych symboli, kliknij tutaj!<\/strong><\/p>\n<p><strong>Zakres dostawy<\/strong><\/p>\n<ul>\n<li>Keyang ASD1800L Akumulatorowa wkr\u0119tarka do suchej zabudowy \u2013 KORPUS<\/li>\n<li>Dostarczana z magazynkiem<\/li>\n<li>Dostarczana w opakowaniu<\/li>\n<\/ul>\n<p>&nbsp;<\/p>\n","protected":false},"featured_media":32504,"comment_status":"closed","ping_status":"closed","template":"","meta":[],"product_brand":[],"product_cat":[1145],"product_tag":[],"class_list":{"0":"post-32503","1":"product","2":"type-product","3":"status-publish","4":"has-post-thumbnail","6":"product_cat-akumulatorowe-maszyny","7":"pif-has-gallery","9":"first","10":"onbackorder","11":"shipping-taxable","12":"purchasable","13":"product-type-simple"},"_links":{"self":[{"href":"https:\/\/www.keyangtools.com\/pl\/wp-json\/wp\/v2\/product\/32503","targetHints":{"allow":["GET"]}}],"collection":[{"href":"https:\/\/www.keyangtools.com\/pl\/wp-json\/wp\/v2\/product"}],"about":[{"href":"https:\/\/www.keyangtools.com\/pl\/wp-json\/wp\/v2\/types\/product"}],"replies":[{"embeddable":true,"href":"https:\/\/www.keyangtools.com\/pl\/wp-json\/wp\/v2\/comments?post=32503"}],"wp:featuredmedia":[{"embeddable":true,"href":"https:\/\/www.keyangtools.com\/pl\/wp-json\/wp\/v2\/media\/32504"}],"wp:attachment":[{"href":"https:\/\/www.keyangtools.com\/pl\/wp-json\/wp\/v2\/media?parent=32503"}],"wp:term":[{"taxonomy":"product_brand","embeddable":true,"href":"https:\/\/www.keyangtools.com\/pl\/wp-json\/wp\/v2\/product_brand?post=32503"},{"taxonomy":"product_cat","embeddable":true,"href":"https:\/\/www.keyangtools.com\/pl\/wp-json\/wp\/v2\/product_cat?post=32503"},{"taxonomy":"product_tag","embeddable":true,"href":"https:\/\/www.keyangtools.com\/pl\/wp-json\/wp\/v2\/product_tag?post=32503"}],"curies":[{"name":"wp","href":"https:\/\/api.w.org\/{rel}","templated":true}]}}