{"id":32517,"date":"2021-11-23T16:48:18","date_gmt":"2021-11-23T15:48:18","guid":{"rendered":"https:\/\/www.keyangtools.com\/product\/keyang-kdh-125a-oslona-przeciwpylowa-5-125-mm-szlifierki\/"},"modified":"2023-07-03T11:30:05","modified_gmt":"2023-07-03T09:30:05","slug":"keyang-kdh-125a-oslona-przeciwpylowa-5-125-mm-szlifierki","status":"publish","type":"product","link":"https:\/\/www.keyangtools.com\/pl\/produkty\/keyang-kdh-125a-oslona-przeciwpylowa-5-125-mm-szlifierki\/","title":{"rendered":"Keyang KDH-125A Os\u0142ona przeciwpy\u0142owa 5&#8221; \/ 125 mm szlifierki"},"content":{"rendered":"<p><strong>Cechy Keyang KDH-125A Os\u0142ony przeciwpy\u0142owej 5&#8221; \/ 125 mm szlifierki<\/strong><\/p>\n<ul>\n<li>\n<div id=\"resulttxt\" class=\"mt-translation-content\">Lekka i wytrzyma\u0142a os\u0142ona przeciwpy\u0142owa<\/div>\n<\/li>\n<li>\n<div id=\"resulttxt\" class=\"mt-translation-content\">Zaprojektowana do pracy bez py\u0142u<\/div>\n<\/li>\n<li>\n<div id=\"resulttxt\" class=\"mt-translation-content\">Os\u0142ona ta pasuje do wszystkich szlifierek k\u0105towych Keyang do 125 mm<\/div>\n<\/li>\n<li>\n<div id=\"resulttxt\" class=\"mt-translation-content\">Mo\u017cliwo\u015b\u0107 pracy przy \u015bcianie i w naro\u017cnikach dzi\u0119ki mo\u017cliwo\u015bci odsuni\u0119cia przodu<\/div>\n<\/li>\n<li>\n<div id=\"resulttxt\" class=\"mt-translation-content\">Do stosowania z w\u0119\u017cami o \u015brednicy: 32, 38 i 45 mm<\/div>\n<\/li>\n<\/ul>\n<p><strong>Opis techniczny<\/strong><\/p>\n<ul>\n<li>Materia\u0142 &#8211; Twardy plastik<\/li>\n<li>\u015arednica &#8211; 100-125 mm<\/li>\n<li>Kolor &#8211; Czarny\/Czerwony<\/li>\n<li>Wymiary &#8211; 200 x 150 x 90 mm<\/li>\n<li>Waga &#8211; 185 gr<\/li>\n<\/ul>\n<p><strong>Zakres dostawy<\/strong><\/p>\n<ul>\n<li>Pokrowiec na kurz<\/li>\n<li>Adapter do odkurzacza<\/li>\n<li>Szczotka<\/li>\n<\/ul>\n","protected":false},"excerpt":{"rendered":"<p><strong>Zakres dostawy<\/strong><\/p>\n<ul>\n<li>Pokrowiec na kurz<\/li>\n<li>\n<div id=\"resulttxt\" class=\"mt-translation-content\">Adapter do odkurzacza<\/div>\n<\/li>\n<li>Szczotka<\/li>\n<\/ul>\n","protected":false},"featured_media":32522,"comment_status":"closed","ping_status":"closed","template":"","meta":[],"product_brand":[],"product_cat":[1176],"product_tag":[],"class_list":{"0":"post-32517","1":"product","2":"type-product","3":"status-publish","4":"has-post-thumbnail","6":"product_cat-pozostale","7":"pif-has-gallery","9":"first","10":"onbackorder","11":"shipping-taxable","12":"purchasable","13":"product-type-simple"},"_links":{"self":[{"href":"https:\/\/www.keyangtools.com\/pl\/wp-json\/wp\/v2\/product\/32517","targetHints":{"allow":["GET"]}}],"collection":[{"href":"https:\/\/www.keyangtools.com\/pl\/wp-json\/wp\/v2\/product"}],"about":[{"href":"https:\/\/www.keyangtools.com\/pl\/wp-json\/wp\/v2\/types\/product"}],"replies":[{"embeddable":true,"href":"https:\/\/www.keyangtools.com\/pl\/wp-json\/wp\/v2\/comments?post=32517"}],"wp:featuredmedia":[{"embeddable":true,"href":"https:\/\/www.keyangtools.com\/pl\/wp-json\/wp\/v2\/media\/32522"}],"wp:attachment":[{"href":"https:\/\/www.keyangtools.com\/pl\/wp-json\/wp\/v2\/media?parent=32517"}],"wp:term":[{"taxonomy":"product_brand","embeddable":true,"href":"https:\/\/www.keyangtools.com\/pl\/wp-json\/wp\/v2\/product_brand?post=32517"},{"taxonomy":"product_cat","embeddable":true,"href":"https:\/\/www.keyangtools.com\/pl\/wp-json\/wp\/v2\/product_cat?post=32517"},{"taxonomy":"product_tag","embeddable":true,"href":"https:\/\/www.keyangtools.com\/pl\/wp-json\/wp\/v2\/product_tag?post=32517"}],"curies":[{"name":"wp","href":"https:\/\/api.w.org\/{rel}","templated":true}]}}