{"id":32528,"date":"2021-08-11T09:36:40","date_gmt":"2021-08-11T07:36:40","guid":{"rendered":"https:\/\/www.keyangtools.com\/product\/keyang-rs20blh-30v-akumulatorowa-pila-szablasta-18v-5-0-ah\/"},"modified":"2024-01-15T08:49:45","modified_gmt":"2024-01-15T07:49:45","slug":"keyang-rs20blh-30v-akumulatorowa-pila-szablasta-18v-5-0-ah","status":"publish","type":"product","link":"https:\/\/www.keyangtools.com\/pl\/produkty\/keyang-rs20blh-30v-akumulatorowa-pila-szablasta-18v-5-0-ah\/","title":{"rendered":"Keyang RS20BLH-30V Akumulatorowa pi\u0142a szablasta 18V 5.0 Ah"},"content":{"rendered":"<p><img decoding=\"async\" class=\"aligncenter wp-image-32792 size-full\" src=\"https:\/\/www.keyangtools.com\/wp-content\/uploads\/2022\/07\/RS20blh-30v-18_07_2022-18_07_2022.png\" alt=\"Pi\u0142a t\u0142okowa RS20BLH-30V 18V\" width=\"850\" height=\"8110\" srcset=\"https:\/\/www.keyangtools.com\/wp-content\/uploads\/2022\/07\/RS20blh-30v-18_07_2022-18_07_2022.png 850w, https:\/\/www.keyangtools.com\/wp-content\/uploads\/2022\/07\/RS20blh-30v-18_07_2022-18_07_2022-768x7328.png 768w, https:\/\/www.keyangtools.com\/wp-content\/uploads\/2022\/07\/RS20blh-30v-18_07_2022-18_07_2022-161x1536.png 161w, https:\/\/www.keyangtools.com\/wp-content\/uploads\/2022\/07\/RS20blh-30v-18_07_2022-18_07_2022-560x5343.png 560w\" sizes=\"(max-width: 850px) 100vw, 850px\" \/><\/p>\n","protected":false},"excerpt":{"rendered":"<p><strong>Dlaczego warto wybra\u0107 Keyang?<\/strong><\/p>\n<p>Korea\u0144ska marka produkuje od ponad 40 lat wysokiej jako\u015bci maszyny dla sektora przemys\u0142owego i budowlanego. Od ponad 25 lat produkuje r\u00f3wnie\u017c dla kilku marek A na rynku europejskim (w tym Kress &amp; Spit). Keyang przewy\u017csza swoich konkurent\u00f3w, dostarczaj\u0105c doskona\u0142\u0105 jako\u015b\u0107 w rozs\u0105dnej cenie. Z pozycji lidera na rynku korea\u0144skim, firma zacz\u0119\u0142a koncentrowa\u0107 si\u0119 r\u00f3wnie\u017c na rynku europejskim. W stosunkowo kr\u00f3tkim czasie korea\u0144ska marka sta\u0142a si\u0119 zaufan\u0105 mark\u0105 w sektorze budowlanym. Nie ma to nic wsp\u00f3lnego ze sprytnym marketingiem, ale z wiar\u0105, \u017ce ma\u0142ymi krokami mo\u017cna zaj\u015b\u0107 wysoko w biznesie.<\/p>\n<p>Maszyna ta oferuje ulepszony skok w por\u00f3wnaniu z jednor\u0119cznym RS18LO: 18 mm vs 30 mm. RS20BLH-30V ma zar\u00f3wno niskie, jak i wysokie obroty, aby jak najlepiej dostosowa\u0107 si\u0119 do zadania ci\u0119cia. Wymiana pi\u0142 t\u0142okowych nigdy nie by\u0142a \u0142atwiejsza w historii pi\u0142 t\u0142okowych Keyang. Jak w przypadku wi\u0119kszo\u015bci maszyn Keyang, RS20BLH-30V mo\u017cna zam\u00f3wi\u0107 jako kompletny zestaw lub tylko jako korpus.<\/p>\n<p>&nbsp;<\/p>\n<p><strong>Zakres dostawy<\/strong><\/p>\n<ul>\n<li>Keyang RS20BLH-30V Akumulatorowa pi\u0142a szablasta 18V 5,0Ah<\/li>\n<li>1 x Szybko\u0142adowarka<\/li>\n<li>2 x Akumulator Li-ion 5,0 Ah<\/li>\n<li>Dostarczana w opakowaniu<\/li>\n<\/ul>\n","protected":false},"featured_media":32532,"comment_status":"closed","ping_status":"closed","template":"","meta":[],"product_brand":[],"product_cat":[1159],"product_tag":[],"class_list":{"0":"post-32528","1":"product","2":"type-product","3":"status-publish","4":"has-post-thumbnail","6":"product_cat-akumulatorowa-pila-szablasta","7":"pif-has-gallery","9":"first","10":"onbackorder","11":"shipping-taxable","12":"purchasable","13":"product-type-simple"},"_links":{"self":[{"href":"https:\/\/www.keyangtools.com\/pl\/wp-json\/wp\/v2\/product\/32528","targetHints":{"allow":["GET"]}}],"collection":[{"href":"https:\/\/www.keyangtools.com\/pl\/wp-json\/wp\/v2\/product"}],"about":[{"href":"https:\/\/www.keyangtools.com\/pl\/wp-json\/wp\/v2\/types\/product"}],"replies":[{"embeddable":true,"href":"https:\/\/www.keyangtools.com\/pl\/wp-json\/wp\/v2\/comments?post=32528"}],"wp:featuredmedia":[{"embeddable":true,"href":"https:\/\/www.keyangtools.com\/pl\/wp-json\/wp\/v2\/media\/32532"}],"wp:attachment":[{"href":"https:\/\/www.keyangtools.com\/pl\/wp-json\/wp\/v2\/media?parent=32528"}],"wp:term":[{"taxonomy":"product_brand","embeddable":true,"href":"https:\/\/www.keyangtools.com\/pl\/wp-json\/wp\/v2\/product_brand?post=32528"},{"taxonomy":"product_cat","embeddable":true,"href":"https:\/\/www.keyangtools.com\/pl\/wp-json\/wp\/v2\/product_cat?post=32528"},{"taxonomy":"product_tag","embeddable":true,"href":"https:\/\/www.keyangtools.com\/pl\/wp-json\/wp\/v2\/product_tag?post=32528"}],"curies":[{"name":"wp","href":"https:\/\/api.w.org\/{rel}","templated":true}]}}