{"id":32540,"date":"2021-08-09T08:51:09","date_gmt":"2021-08-09T06:51:09","guid":{"rendered":"https:\/\/www.keyangtools.com\/product\/keyang-dg20blh-125pv-akumulatorowa-szlifierka-katowa-z-przelacznikiem-lopatkowym-1000w-korpus\/"},"modified":"2023-07-03T11:42:03","modified_gmt":"2023-07-03T09:42:03","slug":"keyang-dg20blh-125pv-akumulatorowa-szlifierka-katowa-z-przelacznikiem-lopatkowym-1000w-korpus","status":"publish","type":"product","link":"https:\/\/www.keyangtools.com\/pl\/produkty\/keyang-dg20blh-125pv-akumulatorowa-szlifierka-katowa-z-przelacznikiem-lopatkowym-1000w-korpus\/","title":{"rendered":"Keyang DG20BLH-125PV Akumulatorowa szlifierka k\u0105towa z prze\u0142\u0105cznikiem \u0142opatkowym 1000W &#8211; KORPUS"},"content":{"rendered":"<p><img decoding=\"async\" class=\"wp-image-33190 size-full\" src=\"https:\/\/www.keyangtools.com\/wp-content\/uploads\/2022\/08\/DG20BLH-125PV-BODY-PLnieuwe.png\" alt=\"Keyang DG20BLH-125PV Akumulatorowa szlifierka k\u0105towa z prze\u0142\u0105cznikiem \u0142opatkowym 1000W - KORPUS\" width=\"850\" height=\"7524\" srcset=\"https:\/\/www.keyangtools.com\/wp-content\/uploads\/2022\/08\/DG20BLH-125PV-BODY-PLnieuwe.png 850w, https:\/\/www.keyangtools.com\/wp-content\/uploads\/2022\/08\/DG20BLH-125PV-BODY-PLnieuwe-34x300.png 34w, https:\/\/www.keyangtools.com\/wp-content\/uploads\/2022\/08\/DG20BLH-125PV-BODY-PLnieuwe-768x6798.png 768w, https:\/\/www.keyangtools.com\/wp-content\/uploads\/2022\/08\/DG20BLH-125PV-BODY-PLnieuwe-560x4957.png 560w\" sizes=\"(max-width: 850px) 100vw, 850px\" \/><\/p>\n<p>W odpowiedzi na \u015bwiatowe trendy w zakresie bezpiecze\u0144stwa pracy firma Keyang opracowa\u0142a 2-stopniow\u0105 szlifierk\u0119 k\u0105tow\u0105 z prze\u0142\u0105cznikiem \u0142opatkowym do akumulatorowych szlifierek k\u0105towych. Ten typ wy\u0142\u0105cznika spe\u0142nia zwi\u0119kszone wymagania dotycz\u0105ce bezpiecze\u0144stwa w coraz wi\u0119kszej liczbie miejsc pracy. Konstrukcja sprawia, \u017ce jest bardzo ma\u0142o prawdopodobne, \u017ce urz\u0105dzenie w\u0142\u0105czy si\u0119 bez zamiaru, a ponadto wy\u0142\u0105cza si\u0119 natychmiast po zwolnieniu wy\u0142\u0105cznika. Wydajny akumulator o mocy por\u00f3wnywalnej do szlifierki przewodowej o mocy 1000W.<\/p>\n<p><em><strong>Najwa\u017cniejsze cechy :<\/strong><\/em><\/p>\n<p>3 pr\u0119dko\u015bci<br \/>\nUchwyt antywibracyjny<br \/>\nUlepszona funkcja bezpiecze\u0144stwa<br \/>\nPrze\u0142\u0105cznik \u0142opatkowy &#8211; prze\u0142\u0105cznik bezpiecze\u0144stwa<br \/>\nKompaktowa i lekka<br \/>\nSilnik BLDC &#8211; seria High Performance Keyang Power Tools<\/p>\n<hr \/>\n<p><em style=\"font-size: 20px;\"><strong>Keyang Power Tools<\/strong><\/em><\/p>\n<div id=\"text-block-dc06be16fea35fffb4c65b6aa8f99557\" class=\"sh-text-block\">\n<p>Centrum badawczo-rozwojowe Keyang nap\u0119dza ich przysz\u0142o\u015b\u0107, poniewa\u017c opracowuj\u0105 innowacyjne podej\u015bcia do tworzenia nowych produkt\u00f3w. Keyang d\u0105\u017cy do pe\u0142nej satysfakcji klienta i uwa\u017ca, \u017ce rozw\u00f3j nowych produkt\u00f3w jest kluczowym zadaniem dla osi\u0105gni\u0119cia tego celu. Jako wiod\u0105ca firma w dziedzinie elektronarz\u0119dzi domowych i silnik\u00f3w, Keyang za\u0142o\u017cy\u0142 swoje centrum badawczo-rozwojowe w 1989 roku. Ich ci\u0105g\u0142e inwestycje w badania i rozw\u00f3j zwi\u0119kszy\u0142y ich mo\u017cliwo\u015bci technologiczne. Ta koncentracja na tworzeniu najlepszych produkt\u00f3w nie tylko udoskonali\u0142a nasze istniej\u0105ce produkty, ale tak\u017ce umo\u017cliwi\u0142a Keyangowi ekspansj\u0119 na bran\u017c\u0119 e-mobilno\u015bci, zdrowia i rekreacji.<\/p>\n<p>&nbsp;<\/p>\n<p>&nbsp;<\/p>\n<\/div>\n","protected":false},"excerpt":{"rendered":"<p><strong>Dlaczego warto wybra\u0107 Keyang?<\/strong><\/p>\n<p>W odpowiedzi na \u015bwiatowe trendy w zakresie bezpiecze\u0144stwa pracy firma Keyang opracowa\u0142a 2-stopniowy prze\u0142\u0105cznik \u0142opatkowy do akumulatorowych szlifierek k\u0105towych. Ten typ wy\u0142\u0105cznika spe\u0142nia zwi\u0119kszone wymagania dotycz\u0105ce bezpiecze\u0144stwa w coraz wi\u0119kszej liczbie miejsc pracy. Konstrukcja sprawia, \u017ce w\u0142\u0105czenie maszyny bez zamiaru jest bardzo ma\u0142o prawdopodobne, a ponadto natychmiast wy\u0142\u0105cza si\u0119 po zwolnieniu w\u0142\u0105cznika. Wydajny akumulator o mocy por\u00f3wnywalnej do szlifierki przewodowej o mocy 1000W.<\/p>\n<p><strong>Zakres dostawy<\/strong><\/p>\n<ul>\n<li>Keyang DG20BLH-125PV Akumulatorowa szlifierka k\u0105towa z prze\u0142\u0105cznikiem \u0142opatkowym 18V \u2013 KORPUS<\/li>\n<li>1x Klucz<\/li>\n<li>1x Instrukcja<\/li>\n<li>1x Nakr\u0119tka zabezpieczaj\u0105ca<\/li>\n<li>1x Uchwyt boczny<\/li>\n<li>1x Nakr\u0119tka tulejowa<\/li>\n<li>Dostarczana w walizce<\/li>\n<\/ul>\n<p>&nbsp;<\/p>\n","protected":false},"featured_media":32546,"comment_status":"closed","ping_status":"closed","template":"","meta":[],"product_brand":[],"product_cat":[1146],"product_tag":[],"class_list":{"0":"post-32540","1":"product","2":"type-product","3":"status-publish","4":"has-post-thumbnail","6":"product_cat-akumulatorowe-szlifierki-katowe","7":"pif-has-gallery","9":"first","10":"onbackorder","11":"shipping-taxable","12":"purchasable","13":"product-type-simple"},"_links":{"self":[{"href":"https:\/\/www.keyangtools.com\/pl\/wp-json\/wp\/v2\/product\/32540","targetHints":{"allow":["GET"]}}],"collection":[{"href":"https:\/\/www.keyangtools.com\/pl\/wp-json\/wp\/v2\/product"}],"about":[{"href":"https:\/\/www.keyangtools.com\/pl\/wp-json\/wp\/v2\/types\/product"}],"replies":[{"embeddable":true,"href":"https:\/\/www.keyangtools.com\/pl\/wp-json\/wp\/v2\/comments?post=32540"}],"wp:featuredmedia":[{"embeddable":true,"href":"https:\/\/www.keyangtools.com\/pl\/wp-json\/wp\/v2\/media\/32546"}],"wp:attachment":[{"href":"https:\/\/www.keyangtools.com\/pl\/wp-json\/wp\/v2\/media?parent=32540"}],"wp:term":[{"taxonomy":"product_brand","embeddable":true,"href":"https:\/\/www.keyangtools.com\/pl\/wp-json\/wp\/v2\/product_brand?post=32540"},{"taxonomy":"product_cat","embeddable":true,"href":"https:\/\/www.keyangtools.com\/pl\/wp-json\/wp\/v2\/product_cat?post=32540"},{"taxonomy":"product_tag","embeddable":true,"href":"https:\/\/www.keyangtools.com\/pl\/wp-json\/wp\/v2\/product_tag?post=32540"}],"curies":[{"name":"wp","href":"https:\/\/api.w.org\/{rel}","templated":true}]}}