{"id":32553,"date":"2021-08-07T08:34:20","date_gmt":"2021-08-07T06:34:20","guid":{"rendered":"https:\/\/www.keyangtools.com\/product\/keyang-js135-750v-wyrzynarka-135-mm-750w\/"},"modified":"2024-01-15T08:49:27","modified_gmt":"2024-01-15T07:49:27","slug":"keyang-js135-750v-wyrzynarka-135-mm-750w","status":"publish","type":"product","link":"https:\/\/www.keyangtools.com\/pl\/produkty\/keyang-js135-750v-wyrzynarka-135-mm-750w\/","title":{"rendered":"Keyang JS135-750V Wyrzynarka 135 mm &#8211; 750W"},"content":{"rendered":"<p><img decoding=\"async\" class=\"aligncenter wp-image-32871 size-full\" src=\"https:\/\/www.keyangtools.com\/wp-content\/uploads\/2022\/07\/JS135-750V-PL_19_08_2022-1.png\" alt=\"JS135-750V Wyrzynarka Keyang\" width=\"850\" height=\"6295\" srcset=\"https:\/\/www.keyangtools.com\/wp-content\/uploads\/2022\/07\/JS135-750V-PL_19_08_2022-1.png 850w, https:\/\/www.keyangtools.com\/wp-content\/uploads\/2022\/07\/JS135-750V-PL_19_08_2022-1-768x5688.png 768w, https:\/\/www.keyangtools.com\/wp-content\/uploads\/2022\/07\/JS135-750V-PL_19_08_2022-1-560x4147.png 560w\" sizes=\"(max-width: 850px) 100vw, 850px\" \/><\/p>\n","protected":false},"excerpt":{"rendered":"<p><strong>Dlaczego warto wybra\u0107 Keyang?<\/strong><\/p>\n<p>Korea\u0144ska marka produkuje od ponad 40 lat wysokiej jako\u015bci maszyny dla sektora przemys\u0142owego i budowlanego. Od ponad 25 lat produkuje r\u00f3wnie\u017c dla kilku marek A na rynku europejskim (w tym Kress &amp; Spit). Keyang przewy\u017csza swoich konkurent\u00f3w, dostarczaj\u0105c doskona\u0142\u0105 jako\u015b\u0107 w rozs\u0105dnej cenie. Z pozycji lidera na rynku korea\u0144skim, firma zacz\u0119\u0142a koncentrowa\u0107 si\u0119 r\u00f3wnie\u017c na rynku europejskim. W stosunkowo kr\u00f3tkim czasie korea\u0144ska marka sta\u0142a si\u0119 zaufan\u0105 mark\u0105 w sektorze budowlanym. Nie ma to nic wsp\u00f3lnego ze sprytnym marketingiem, ale z wiar\u0105, \u017ce ma\u0142ymi krokami mo\u017cna zaj\u015b\u0107 wysoko w biznesie.<\/p>\n<p>Jak zapewne zauwa\u017cy\u0142e\u015b, wyrzynarka ta posiada mocny silnik 750W (wraz ze szczotkami w\u0119glowymi), co stawia j\u0105 w wy\u017cszym segmencie wyrzynarek akumulatorowych pod wzgl\u0119dem mo\u017cliwo\u015bci ci\u0119cia i pr\u0119dko\u015bci. Pi\u0142a posiada z ty\u0142u regulacj\u0119 pr\u0119dko\u015bci obrotowej od 600 do 2800 obr\/min oraz prze\u0142\u0105cznik do zmiennej pr\u0119dko\u015bci. JS135-750V posiada d\u0142ugo\u015b\u0107 skoku 26mm z mo\u017cliwo\u015bci\u0105 ci\u0119cia 10mm w stali i 135mm w drewnie. Z boku znajduj\u0105 si\u0119 prze\u0142\u0105czniki m.in. funkcji nadmuchu i prze\u0142\u0105cznik blokady. Waga urz\u0105dzenia wynosi 3,2 kg. Wn\u0119trze opisywane jest jako nieskomplikowane i solidne, z trwa\u0142\u0105 aluminiow\u0105 skrzyni\u0105 bieg\u00f3w i \u0142atwymi w utrzymaniu elementami.<\/p>\n<p><strong>Zakres dostawy<\/strong><\/p>\n<ul>\n<li>Keyang JS135-750V Wyrzynarka 135 mm \u2013 750W<\/li>\n<li>1x Instrukcja<\/li>\n<li>1x Klucz imbusowy<\/li>\n<li>1x Szczotka w\u0119glowa<\/li>\n<li>1x Gw\u00f3\u017ad\u017a<\/li>\n<li>Dostarczana w opakowaniu<\/li>\n<\/ul>\n","protected":false},"featured_media":32556,"comment_status":"closed","ping_status":"closed","template":"","meta":[],"product_brand":[],"product_cat":[1171],"product_tag":[],"class_list":{"0":"post-32553","1":"product","2":"type-product","3":"status-publish","4":"has-post-thumbnail","6":"product_cat-wyrzynarka","7":"pif-has-gallery","9":"first","10":"onbackorder","11":"shipping-taxable","12":"purchasable","13":"product-type-simple"},"_links":{"self":[{"href":"https:\/\/www.keyangtools.com\/pl\/wp-json\/wp\/v2\/product\/32553","targetHints":{"allow":["GET"]}}],"collection":[{"href":"https:\/\/www.keyangtools.com\/pl\/wp-json\/wp\/v2\/product"}],"about":[{"href":"https:\/\/www.keyangtools.com\/pl\/wp-json\/wp\/v2\/types\/product"}],"replies":[{"embeddable":true,"href":"https:\/\/www.keyangtools.com\/pl\/wp-json\/wp\/v2\/comments?post=32553"}],"wp:featuredmedia":[{"embeddable":true,"href":"https:\/\/www.keyangtools.com\/pl\/wp-json\/wp\/v2\/media\/32556"}],"wp:attachment":[{"href":"https:\/\/www.keyangtools.com\/pl\/wp-json\/wp\/v2\/media?parent=32553"}],"wp:term":[{"taxonomy":"product_brand","embeddable":true,"href":"https:\/\/www.keyangtools.com\/pl\/wp-json\/wp\/v2\/product_brand?post=32553"},{"taxonomy":"product_cat","embeddable":true,"href":"https:\/\/www.keyangtools.com\/pl\/wp-json\/wp\/v2\/product_cat?post=32553"},{"taxonomy":"product_tag","embeddable":true,"href":"https:\/\/www.keyangtools.com\/pl\/wp-json\/wp\/v2\/product_tag?post=32553"}],"curies":[{"name":"wp","href":"https:\/\/api.w.org\/{rel}","templated":true}]}}