{"id":32574,"date":"2021-06-23T16:24:58","date_gmt":"2021-06-23T14:24:58","guid":{"rendered":"https:\/\/www.keyangtools.com\/product\/keyang-ktb-02-torba-na-narzedzia-300-x-170-x-220-mm\/"},"modified":"2023-07-03T12:00:03","modified_gmt":"2023-07-03T10:00:03","slug":"keyang-ktb-02-torba-na-narzedzia-300-x-170-x-220-mm","status":"publish","type":"product","link":"https:\/\/www.keyangtools.com\/pl\/produkty\/keyang-ktb-02-torba-na-narzedzia-300-x-170-x-220-mm\/","title":{"rendered":"Keyang KTB-02 Torba na narz\u0119dzia &#8211; 300 x 170 x 220 mm"},"content":{"rendered":"<p><strong>Cechy Keyang KTB-02 Torby na narz\u0119dzia &#8211; 300 x 170 x 220 mm<\/strong><\/p>\n<ul>\n<li>\n<div id=\"resulttxt\" class=\"mt-translation-content\">Torba narz\u0119dziowa odpowiednia dla wszystkich Twoich narz\u0119dzi<\/div>\n<\/li>\n<li>\n<div id=\"resulttxt\" class=\"mt-translation-content\">Wiele wewn\u0119trznych i zewn\u0119trznych kieszeni do przechowywania<\/div>\n<\/li>\n<li>\n<div id=\"resulttxt\" class=\"mt-translation-content\">Niezawodna i trwa\u0142a podk\u0142adka na rami\u0119 z materia\u0142u odpornego na tarcie<\/div>\n<\/li>\n<\/ul>\n<p><strong>Opis techniczny<\/strong><\/p>\n<ul>\n<li>Wymiary &#8211; 300 x 170 x 220 mm<\/li>\n<li>Maksymalny ci\u0119\u017car \u0142adunku &#8211; 10 kg<\/li>\n<\/ul>\n<p><b>Zakres dostawy<\/b><\/p>\n<ul>\n<li>Keyang KTB-02 Torba na narz\u0119dzia &#8211; 300 x 170 x 220 mm<\/li>\n<\/ul>\n","protected":false},"excerpt":{"rendered":"<p><strong>Zakres dostawy<\/strong><\/p>\n<ul>\n<li>Keyang KTB-02 Torba na narz\u0119dzia o wymiarach 300 x 170 x 220 mm<\/li>\n<\/ul>\n","protected":false},"featured_media":32575,"comment_status":"closed","ping_status":"closed","template":"","meta":[],"product_brand":[],"product_cat":[1177,1176],"product_tag":[],"class_list":{"0":"post-32574","1":"product","2":"type-product","3":"status-publish","4":"has-post-thumbnail","6":"product_cat-akcesoria","7":"product_cat-pozostale","8":"pif-has-gallery","10":"first","11":"onbackorder","12":"shipping-taxable","13":"purchasable","14":"product-type-simple"},"_links":{"self":[{"href":"https:\/\/www.keyangtools.com\/pl\/wp-json\/wp\/v2\/product\/32574","targetHints":{"allow":["GET"]}}],"collection":[{"href":"https:\/\/www.keyangtools.com\/pl\/wp-json\/wp\/v2\/product"}],"about":[{"href":"https:\/\/www.keyangtools.com\/pl\/wp-json\/wp\/v2\/types\/product"}],"replies":[{"embeddable":true,"href":"https:\/\/www.keyangtools.com\/pl\/wp-json\/wp\/v2\/comments?post=32574"}],"wp:featuredmedia":[{"embeddable":true,"href":"https:\/\/www.keyangtools.com\/pl\/wp-json\/wp\/v2\/media\/32575"}],"wp:attachment":[{"href":"https:\/\/www.keyangtools.com\/pl\/wp-json\/wp\/v2\/media?parent=32574"}],"wp:term":[{"taxonomy":"product_brand","embeddable":true,"href":"https:\/\/www.keyangtools.com\/pl\/wp-json\/wp\/v2\/product_brand?post=32574"},{"taxonomy":"product_cat","embeddable":true,"href":"https:\/\/www.keyangtools.com\/pl\/wp-json\/wp\/v2\/product_cat?post=32574"},{"taxonomy":"product_tag","embeddable":true,"href":"https:\/\/www.keyangtools.com\/pl\/wp-json\/wp\/v2\/product_tag?post=32574"}],"curies":[{"name":"wp","href":"https:\/\/api.w.org\/{rel}","templated":true}]}}