{"id":32578,"date":"2021-06-23T15:12:09","date_gmt":"2021-06-23T13:12:09","guid":{"rendered":"https:\/\/www.keyangtools.com\/product\/keyang-ktb-01-torba-na-narzedzia-450-x-270-x-320-mm\/"},"modified":"2023-07-03T12:02:19","modified_gmt":"2023-07-03T10:02:19","slug":"keyang-ktb-01-torba-na-narzedzia-450-x-270-x-320-mm","status":"publish","type":"product","link":"https:\/\/www.keyangtools.com\/pl\/produkty\/keyang-ktb-01-torba-na-narzedzia-450-x-270-x-320-mm\/","title":{"rendered":"Keyang KTB-01 Torba na narz\u0119dzia &#8211; 450 x 270 x 320 mm"},"content":{"rendered":"<p><strong>Cechy Keyang KTB-01 Torby na narz\u0119dzia &#8211; 450 x 270 x 320 mm<\/strong><\/p>\n<ul>\n<li>\n<div id=\"resulttxt\" class=\"mt-translation-content\">Torba narz\u0119dziowa odpowiednia dla wszystkich Twoich narz\u0119dzi<\/div>\n<\/li>\n<li>\n<div id=\"resulttxt\" class=\"mt-translation-content\">Niezawodna trwa\u0142o\u015b\u0107 dzi\u0119ki materia\u0142owi odpornemu na tarcie<\/div>\n<\/li>\n<li>\n<div id=\"resulttxt\" class=\"mt-translation-content\">Wygodne dopasowanie dzi\u0119ki podk\u0142adkom na ramionach<\/div>\n<\/li>\n<li>\n<div id=\"resulttxt\" class=\"mt-translation-content\">R\u00f3\u017cne przegr\u00f3dki wewn\u0119trzne i zewn\u0119trzne<\/div>\n<\/li>\n<\/ul>\n<div id=\"resulttxt\" class=\"mt-translation-content\"><strong>Opis techniczny<\/strong><\/div>\n<ul>\n<li>Wymiary &#8211; 450 x 270 x 320 mm<\/li>\n<li>Maksymalny ci\u0119\u017car \u0142adunku &#8211; 12 kg<\/li>\n<\/ul>\n<p><strong>Zakres dostawy<\/strong><\/p>\n<ul>\n<li>Keyang KTB-01 Torba na narz\u0119dzia &#8211; 450 x 270 x 320 mm<\/li>\n<\/ul>\n","protected":false},"excerpt":{"rendered":"<p><strong>Zakres dostawy<\/strong><\/p>\n<ul>\n<li>Keyang KTB-01 Torba na narz\u0119dzia o wymiarach 450 x 270 x 320 mm<\/li>\n<\/ul>\n","protected":false},"featured_media":32579,"comment_status":"closed","ping_status":"closed","template":"","meta":[],"product_brand":[],"product_cat":[1177,1176],"product_tag":[],"class_list":{"0":"post-32578","1":"product","2":"type-product","3":"status-publish","4":"has-post-thumbnail","6":"product_cat-akcesoria","7":"product_cat-pozostale","8":"pif-has-gallery","10":"first","11":"onbackorder","12":"shipping-taxable","13":"purchasable","14":"product-type-simple"},"_links":{"self":[{"href":"https:\/\/www.keyangtools.com\/pl\/wp-json\/wp\/v2\/product\/32578","targetHints":{"allow":["GET"]}}],"collection":[{"href":"https:\/\/www.keyangtools.com\/pl\/wp-json\/wp\/v2\/product"}],"about":[{"href":"https:\/\/www.keyangtools.com\/pl\/wp-json\/wp\/v2\/types\/product"}],"replies":[{"embeddable":true,"href":"https:\/\/www.keyangtools.com\/pl\/wp-json\/wp\/v2\/comments?post=32578"}],"wp:featuredmedia":[{"embeddable":true,"href":"https:\/\/www.keyangtools.com\/pl\/wp-json\/wp\/v2\/media\/32579"}],"wp:attachment":[{"href":"https:\/\/www.keyangtools.com\/pl\/wp-json\/wp\/v2\/media?parent=32578"}],"wp:term":[{"taxonomy":"product_brand","embeddable":true,"href":"https:\/\/www.keyangtools.com\/pl\/wp-json\/wp\/v2\/product_brand?post=32578"},{"taxonomy":"product_cat","embeddable":true,"href":"https:\/\/www.keyangtools.com\/pl\/wp-json\/wp\/v2\/product_cat?post=32578"},{"taxonomy":"product_tag","embeddable":true,"href":"https:\/\/www.keyangtools.com\/pl\/wp-json\/wp\/v2\/product_tag?post=32578"}],"curies":[{"name":"wp","href":"https:\/\/api.w.org\/{rel}","templated":true}]}}