{"id":32586,"date":"2021-05-06T12:46:25","date_gmt":"2021-05-06T10:46:25","guid":{"rendered":"https:\/\/www.keyangtools.com\/product\/keyang-kdh-82-adapter-do-oddsysania-pylu-do-roznych-maszyn-keyang\/"},"modified":"2022-08-31T21:40:52","modified_gmt":"2022-08-31T19:40:52","slug":"keyang-kdh-82-adapter-do-oddsysania-pylu-do-roznych-maszyn-keyang","status":"publish","type":"product","link":"https:\/\/www.keyangtools.com\/pl\/produkty\/keyang-kdh-82-adapter-do-oddsysania-pylu-do-roznych-maszyn-keyang\/","title":{"rendered":"Keyang KDH-82 Adapter do oddsysania py\u0142u do r\u00f3\u017cnych maszyn Keyang"},"content":{"rendered":"<p><strong>Cechy Keyang KDH-82 Adapter do oddsysania py\u0142u do r\u00f3\u017cnych maszyn Keyang\u00a0<\/strong><\/p>\n<ul>\n<li>Keyang KDH-82 jest adapterem do oddsysania py\u0142u do r\u00f3\u017cnych maszyn Keyang:\n<ul>\n<li>PHD283<\/li>\n<li>HD18BL<\/li>\n<\/ul>\n<\/li>\n<\/ul>\n","protected":false},"excerpt":{"rendered":"<p><strong>Zakres dostawy<\/strong><\/p>\n<ul>\n<li>Keyang KDH-82 Adapter do oddsysania py\u0142u do r\u00f3\u017cnych maszyn Keyang\n<ul>\n<li><strong>UWAGA! Maszyna nie jest do\u0142\u0105czona!<\/strong><\/li>\n<\/ul>\n<\/li>\n<\/ul>\n","protected":false},"featured_media":32587,"comment_status":"closed","ping_status":"closed","template":"","meta":[],"product_brand":[],"product_cat":[1174,1163,1170],"product_tag":[],"class_list":{"0":"post-32586","1":"product","2":"type-product","3":"status-publish","4":"has-post-thumbnail","6":"product_cat-mlot-udarowy","7":"product_cat-urzadzenia","8":"product_cat-wiertarka-udarowa","10":"first","11":"onbackorder","12":"shipping-taxable","13":"purchasable","14":"product-type-simple"},"_links":{"self":[{"href":"https:\/\/www.keyangtools.com\/pl\/wp-json\/wp\/v2\/product\/32586","targetHints":{"allow":["GET"]}}],"collection":[{"href":"https:\/\/www.keyangtools.com\/pl\/wp-json\/wp\/v2\/product"}],"about":[{"href":"https:\/\/www.keyangtools.com\/pl\/wp-json\/wp\/v2\/types\/product"}],"replies":[{"embeddable":true,"href":"https:\/\/www.keyangtools.com\/pl\/wp-json\/wp\/v2\/comments?post=32586"}],"wp:featuredmedia":[{"embeddable":true,"href":"https:\/\/www.keyangtools.com\/pl\/wp-json\/wp\/v2\/media\/32587"}],"wp:attachment":[{"href":"https:\/\/www.keyangtools.com\/pl\/wp-json\/wp\/v2\/media?parent=32586"}],"wp:term":[{"taxonomy":"product_brand","embeddable":true,"href":"https:\/\/www.keyangtools.com\/pl\/wp-json\/wp\/v2\/product_brand?post=32586"},{"taxonomy":"product_cat","embeddable":true,"href":"https:\/\/www.keyangtools.com\/pl\/wp-json\/wp\/v2\/product_cat?post=32586"},{"taxonomy":"product_tag","embeddable":true,"href":"https:\/\/www.keyangtools.com\/pl\/wp-json\/wp\/v2\/product_tag?post=32586"}],"curies":[{"name":"wp","href":"https:\/\/api.w.org\/{rel}","templated":true}]}}