{"id":32671,"date":"2021-03-24T09:53:37","date_gmt":"2021-03-24T08:53:37","guid":{"rendered":"https:\/\/www.keyangtools.com\/product\/keyang-rs18l-o-akumulatorowa-pila-szablasta-korpus\/"},"modified":"2023-07-04T11:07:32","modified_gmt":"2023-07-04T09:07:32","slug":"keyang-rs18l-o-akumulatorowa-pila-szablasta-korpus","status":"publish","type":"product","link":"https:\/\/www.keyangtools.com\/pl\/produkty\/keyang-rs18l-o-akumulatorowa-pila-szablasta-korpus\/","title":{"rendered":"Keyang RS18L-O Akumulatorowa pi\u0142a szablasta &#8211; KORPUS"},"content":{"rendered":"<div id=\"product-45971\" class=\"post-45971 product type-product status-publish has-post-thumbnail product_cat-accu-reciprozaag product_cat-accu-machines product_cat-accu-decoupeerzaag first onbackorder sale taxable shipping-taxable purchasable product-type-simple\">\n<div class=\"woocommerce-tabs\">\n<div id=\"tab-description\" class=\"panel entry-content\">\n<div class=\"row\">\n<div class=\"large-8 xlarge-6 large-centered xlarge-centered columns\">\n<div id=\"product-45983\" class=\"post-45983 product type-product status-publish has-post-thumbnail product_cat-accu-reciprozaag product_cat-accu-machines product_cat-accu-decoupeerzaag first onbackorder sale taxable shipping-taxable purchasable product-type-simple\">\n<div class=\"woocommerce-tabs\">\n<div id=\"tab-description\" class=\"panel entry-content\">\n<div class=\"row\">\n<div class=\"large-8 xlarge-6 large-centered xlarge-centered columns\">\n<p><strong>Cechy Keyang RS18L-O Akumulatorowej pi\u0142y szablastej &#8211; KORPUS<\/strong><\/p>\n<ul>\n<li>Wysoce wydajny silnik bezszczotkowy (BLDC)<\/li>\n<li>Nadaje si\u0119 r\u00f3wnie\u017c do wyrzynarek<\/li>\n<li>Zabezpieczenie przed przeci\u0105\u017ceniem<\/li>\n<li>System antywibracyjny<\/li>\n<li>O\u015bwietlenie LED<\/li>\n<li>Ergonomiczny uchwyt<\/li>\n<li>Wska\u017anik na\u0142adowania baterii<\/li>\n<li>\u0141adowarka (50 min.)<\/li>\n<\/ul>\n<p><strong>Opis techniczny<\/strong><\/p>\n<ul>\n<li>Zasilanie &#8211; 18 V<\/li>\n<li>Bateria &#8211; 5,0 Ah Litowo-jonowa<\/li>\n<li>Pr\u0119dko\u015b\u0107 bez obci\u0105\u017cenia &#8211; 0-3400 RPM<\/li>\n<li>D\u0142ugo\u015b\u0107 skoku &#8211; 19 mm<\/li>\n<li>Maks. pojemno\u015b\u0107 drewna &#8211; 50 mm<\/li>\n<li>Waga &#8211; 2,5 kg<\/li>\n<\/ul>\n<p><strong>Zakres dostawy<\/strong><\/p>\n<ul>\n<li>Keyang RS18L-O Akumulatorowa pi\u0142a szablasta &#8211; KORPUS<\/li>\n<li>Dostarczana w opakowaniu<\/li>\n<\/ul>\n<\/div>\n<\/div>\n<\/div>\n<\/div>\n<\/div>\n<\/div>\n<\/div>\n<\/div>\n<\/div>\n<\/div>\n","protected":false},"excerpt":{"rendered":"<p><strong>Zakres dostawy<\/strong><\/p>\n<ul>\n<li>Keyang RS18L-O Akumulatorowa pi\u0142a szablasta &#8211; KORPUS<\/li>\n<li>Dostarczana w opakowaniu<\/li>\n<\/ul>\n","protected":false},"featured_media":32672,"comment_status":"closed","ping_status":"closed","template":"","meta":[],"product_brand":[],"product_cat":[1159],"product_tag":[],"class_list":{"0":"post-32671","1":"product","2":"type-product","3":"status-publish","4":"has-post-thumbnail","6":"product_cat-akumulatorowa-pila-szablasta","7":"pif-has-gallery","9":"first","10":"instock","11":"purchasable","12":"product-type-simple"},"_links":{"self":[{"href":"https:\/\/www.keyangtools.com\/pl\/wp-json\/wp\/v2\/product\/32671","targetHints":{"allow":["GET"]}}],"collection":[{"href":"https:\/\/www.keyangtools.com\/pl\/wp-json\/wp\/v2\/product"}],"about":[{"href":"https:\/\/www.keyangtools.com\/pl\/wp-json\/wp\/v2\/types\/product"}],"replies":[{"embeddable":true,"href":"https:\/\/www.keyangtools.com\/pl\/wp-json\/wp\/v2\/comments?post=32671"}],"wp:featuredmedia":[{"embeddable":true,"href":"https:\/\/www.keyangtools.com\/pl\/wp-json\/wp\/v2\/media\/32672"}],"wp:attachment":[{"href":"https:\/\/www.keyangtools.com\/pl\/wp-json\/wp\/v2\/media?parent=32671"}],"wp:term":[{"taxonomy":"product_brand","embeddable":true,"href":"https:\/\/www.keyangtools.com\/pl\/wp-json\/wp\/v2\/product_brand?post=32671"},{"taxonomy":"product_cat","embeddable":true,"href":"https:\/\/www.keyangtools.com\/pl\/wp-json\/wp\/v2\/product_cat?post=32671"},{"taxonomy":"product_tag","embeddable":true,"href":"https:\/\/www.keyangtools.com\/pl\/wp-json\/wp\/v2\/product_tag?post=32671"}],"curies":[{"name":"wp","href":"https:\/\/api.w.org\/{rel}","templated":true}]}}