{"id":32680,"date":"2021-03-24T09:52:10","date_gmt":"2021-03-24T08:52:10","guid":{"rendered":"https:\/\/www.keyangtools.com\/product\/keyang-did1202l-wkretarka-udarowa-10-8v-korpus\/"},"modified":"2023-07-04T11:36:46","modified_gmt":"2023-07-04T09:36:46","slug":"keyang-did1202l-wkretarka-udarowa-10-8v-korpus","status":"publish","type":"product","link":"https:\/\/www.keyangtools.com\/pl\/produkty\/keyang-did1202l-wkretarka-udarowa-10-8v-korpus\/","title":{"rendered":"Keyang DID1202L wkr\u0119tarka udarowa 10.8V &#8211; KORPUS"},"content":{"rendered":"<p><strong>Cechy Keyang DID1202L Akumulatorowej wkr\u0119tarki udarowej 10.8V &#8211; KORPUS<br \/>\n<\/strong><\/p>\n<ul>\n<li>Mocny silnik 10,8 V<\/li>\n<li>Ergonomiczna konstrukcja<\/li>\n<li>Bateria litowo-jonowa<\/li>\n<li>2 Pr\u0119dko\u015bci<\/li>\n<li>Najmniejszy ci\u0119\u017car w swojej klasie<\/li>\n<li>Wiercenie i wkr\u0119canie w najtwardszych materia\u0142ach<\/li>\n<li>Wyposa\u017cona w regulacj\u0119 wysokiej i niskiej pr\u0119dko\u015bci oraz momentu obrotowego<\/li>\n<li>Wbudowane o\u015bwietlenie LED<\/li>\n<\/ul>\n<p><strong>Opis techniczny<\/strong><\/p>\n<ul>\n<li>Moc &#8211; 10,8V<\/li>\n<li>Pr\u0119dko\u015b\u0107 obrotowa bez obci\u0105\u017cenia &#8211; 0-2400 \/min<\/li>\n<li>Cz\u0119stotliwo\u015b\u0107 udaru &#8211; 0-3000 \/min<\/li>\n<li>Moment obrotowy &#8211; 100 Nm<\/li>\n<li>Uchwyt &#8211; 1\/4&#8243; sze\u015bciok\u0105tny (6,35 mm)<\/li>\n<li>Waga &#8211; 0,9 kg<\/li>\n<\/ul>\n<p><strong>Zakres dostawy<\/strong><\/p>\n<ul>\n<li>Keyang DID1202L Wkr\u0119tarka udarowa 10.8V &#8211; KORPUS<\/li>\n<li>Dostarczana w walizce<\/li>\n<\/ul>\n","protected":false},"excerpt":{"rendered":"<table>\n<tbody>\n<tr>\n<td class=\"echotable\"><a href=\"https:\/\/www.kem-europe.eu\/wp-content\/uploads\/2018\/02\/4-1.jpg\"><img decoding=\"async\" class=\"alignnone size-full wp-image-24309\" src=\"https:\/\/www.kem-europe.eu\/wp-content\/uploads\/2018\/02\/4-1.jpg\" alt=\"\" width=\"57\" height=\"57\" \/><\/a>Zmiana rotacji<\/td>\n<td class=\"echotable\"><a href=\"https:\/\/www.kem-europe.eu\/wp-content\/uploads\/2018\/02\/7-1.jpg\"><img decoding=\"async\" class=\"alignnone size-full wp-image-24312\" src=\"https:\/\/www.kem-europe.eu\/wp-content\/uploads\/2018\/02\/7-1.jpg\" alt=\"\" width=\"57\" height=\"57\" \/><\/a> Wysokie obroty na min.<\/td>\n<\/tr>\n<\/tbody>\n<tbody>\n<tr>\n<td class=\"echotable\"><a href=\"https:\/\/www.kem-europe.eu\/wp-content\/uploads\/2018\/02\/8-1.jpg\"><img decoding=\"async\" class=\"alignnone size-full wp-image-24313\" src=\"https:\/\/www.kem-europe.eu\/wp-content\/uploads\/2018\/02\/8-1.jpg\" alt=\"\" width=\"57\" height=\"57\" \/><\/a>Niskie obroty na min.<\/td>\n<td class=\"echotable\"><a href=\"https:\/\/www.kem-europe.eu\/wp-content\/uploads\/2018\/02\/17-1.jpg\"><img decoding=\"async\" class=\"alignnone size-full wp-image-24322\" src=\"https:\/\/www.kem-europe.eu\/wp-content\/uploads\/2018\/02\/17-1.jpg\" alt=\"\" width=\"57\" height=\"57\" \/><\/a>Uchwyt szybkozamykaj\u0105cy<\/td>\n<\/tr>\n<tr>\n<td class=\"echotable\"><a href=\"https:\/\/www.kem-europe.eu\/wp-content\/uploads\/2018\/02\/13-1.jpg\"><img decoding=\"async\" class=\"alignnone size-full wp-image-24318\" src=\"https:\/\/www.kem-europe.eu\/wp-content\/uploads\/2018\/02\/13-1.jpg\" alt=\"\" width=\"57\" height=\"57\" \/><\/a>Walizka<\/td>\n<td class=\"echotable\"><a href=\"https:\/\/www.kem-europe.eu\/wp-content\/uploads\/2018\/02\/Untitled-2-1.jpg\"><img decoding=\"async\" class=\"alignnone size-full wp-image-24331\" src=\"https:\/\/www.kem-europe.eu\/wp-content\/uploads\/2018\/02\/Untitled-2-1.jpg\" alt=\"\" width=\"57\" height=\"57\" \/><\/a>Regulacja pr\u0119dko\u015bci<\/td>\n<\/tr>\n<\/tbody>\n<\/table>\n<p>&nbsp;<\/p>\n<p><strong>Aby uzyska\u0107 pe\u0142ny przegl\u0105d r\u00f3\u017cnych symboli, kliknij <a href=\"https:\/\/www.keyangtools.com\/pl\/symbolika-keyang\/\">tutaj<\/a>!<\/strong><\/p>\n<p><strong>Zakres dostawy<\/strong><\/p>\n<ul>\n<li>Keyang DID1202L Wkr\u0119tarka udarowa 10.8V &#8211; KORPUS<\/li>\n<li>Dostarczana w walizce<\/li>\n<\/ul>\n<p>&nbsp;<\/p>\n","protected":false},"featured_media":32681,"comment_status":"closed","ping_status":"closed","template":"","meta":[],"product_brand":[],"product_cat":[1152],"product_tag":[],"class_list":{"0":"post-32680","1":"product","2":"type-product","3":"status-publish","4":"has-post-thumbnail","6":"product_cat-akumulatorowa-wkretarka-udarowa","7":"pif-has-gallery","9":"first","10":"onbackorder","11":"purchasable","12":"product-type-simple"},"_links":{"self":[{"href":"https:\/\/www.keyangtools.com\/pl\/wp-json\/wp\/v2\/product\/32680","targetHints":{"allow":["GET"]}}],"collection":[{"href":"https:\/\/www.keyangtools.com\/pl\/wp-json\/wp\/v2\/product"}],"about":[{"href":"https:\/\/www.keyangtools.com\/pl\/wp-json\/wp\/v2\/types\/product"}],"replies":[{"embeddable":true,"href":"https:\/\/www.keyangtools.com\/pl\/wp-json\/wp\/v2\/comments?post=32680"}],"wp:featuredmedia":[{"embeddable":true,"href":"https:\/\/www.keyangtools.com\/pl\/wp-json\/wp\/v2\/media\/32681"}],"wp:attachment":[{"href":"https:\/\/www.keyangtools.com\/pl\/wp-json\/wp\/v2\/media?parent=32680"}],"wp:term":[{"taxonomy":"product_brand","embeddable":true,"href":"https:\/\/www.keyangtools.com\/pl\/wp-json\/wp\/v2\/product_brand?post=32680"},{"taxonomy":"product_cat","embeddable":true,"href":"https:\/\/www.keyangtools.com\/pl\/wp-json\/wp\/v2\/product_cat?post=32680"},{"taxonomy":"product_tag","embeddable":true,"href":"https:\/\/www.keyangtools.com\/pl\/wp-json\/wp\/v2\/product_tag?post=32680"}],"curies":[{"name":"wp","href":"https:\/\/api.w.org\/{rel}","templated":true}]}}