{"id":32696,"date":"2021-03-24T09:46:47","date_gmt":"2021-03-24T08:46:47","guid":{"rendered":"https:\/\/www.keyangtools.com\/product\/keyang-dluto-plaskie-kh-6500-32x400mm\/"},"modified":"2023-07-03T13:32:33","modified_gmt":"2023-07-03T11:32:33","slug":"keyang-dluto-plaskie-kh-6500-32x400mm","status":"publish","type":"product","link":"https:\/\/www.keyangtools.com\/pl\/produkty\/keyang-dluto-plaskie-kh-6500-32x400mm\/","title":{"rendered":"Keyang D\u0142uto p\u0142askie KH-6500 &#8211; 32x400mm"},"content":{"rendered":"<p><strong>Cechy Keyang D\u0142uta p\u0142askiego KH-6500 &#8211; 32x400mm<\/strong><\/p>\n<ul>\n<li>Keyang D\u0142uto p\u0142askie KH-6500 &#8211; 32x400mm<\/li>\n<\/ul>\n","protected":false},"excerpt":{"rendered":"<p><strong>Zakres dostawy<\/strong><\/p>\n<ul>\n<li>Keyang D\u0142uto p\u0142askie KH-6500 &#8211; 32x400mm<\/li>\n<\/ul>\n","protected":false},"featured_media":32697,"comment_status":"closed","ping_status":"closed","template":"","meta":[],"product_brand":[],"product_cat":[1177,1176],"product_tag":[],"class_list":{"0":"post-32696","1":"product","2":"type-product","3":"status-publish","4":"has-post-thumbnail","6":"product_cat-akcesoria","7":"product_cat-pozostale","9":"first","10":"instock","11":"shipping-taxable","12":"purchasable","13":"product-type-simple"},"_links":{"self":[{"href":"https:\/\/www.keyangtools.com\/pl\/wp-json\/wp\/v2\/product\/32696","targetHints":{"allow":["GET"]}}],"collection":[{"href":"https:\/\/www.keyangtools.com\/pl\/wp-json\/wp\/v2\/product"}],"about":[{"href":"https:\/\/www.keyangtools.com\/pl\/wp-json\/wp\/v2\/types\/product"}],"replies":[{"embeddable":true,"href":"https:\/\/www.keyangtools.com\/pl\/wp-json\/wp\/v2\/comments?post=32696"}],"wp:featuredmedia":[{"embeddable":true,"href":"https:\/\/www.keyangtools.com\/pl\/wp-json\/wp\/v2\/media\/32697"}],"wp:attachment":[{"href":"https:\/\/www.keyangtools.com\/pl\/wp-json\/wp\/v2\/media?parent=32696"}],"wp:term":[{"taxonomy":"product_brand","embeddable":true,"href":"https:\/\/www.keyangtools.com\/pl\/wp-json\/wp\/v2\/product_brand?post=32696"},{"taxonomy":"product_cat","embeddable":true,"href":"https:\/\/www.keyangtools.com\/pl\/wp-json\/wp\/v2\/product_cat?post=32696"},{"taxonomy":"product_tag","embeddable":true,"href":"https:\/\/www.keyangtools.com\/pl\/wp-json\/wp\/v2\/product_tag?post=32696"}],"curies":[{"name":"wp","href":"https:\/\/api.w.org\/{rel}","templated":true}]}}