{"id":32706,"date":"2021-03-24T09:31:56","date_gmt":"2021-03-24T08:31:56","guid":{"rendered":"https:\/\/www.keyangtools.com\/product\/keyang-dmv16k-wiertarka-udarowa-720w\/"},"modified":"2023-07-04T11:31:47","modified_gmt":"2023-07-04T09:31:47","slug":"keyang-dmv16k-wiertarka-udarowa-720w","status":"publish","type":"product","link":"https:\/\/www.keyangtools.com\/pl\/produkty\/keyang-dmv16k-wiertarka-udarowa-720w\/","title":{"rendered":"Keyang DMV16K Wiertarka udarowa &#8211; 720W"},"content":{"rendered":"<p><strong>Cechy Keyang DMV16K wiertarki udarowej &#8211; 720W<br \/>\n<\/strong><\/p>\n<ul>\n<li>Bezstopniowe ustalanie pr\u0119dko\u015bci wiercenia<\/li>\n<li>Oddzielny tryb pracy m\u0142ota i wiert\u0142a<\/li>\n<li>O\u015bwietlenie LED<\/li>\n<li>Podw\u00f3jna izolacja<\/li>\n<\/ul>\n<p><strong>Opis techniczny<\/strong><\/p>\n<ul>\n<li>Moc &#8211; 720W<\/li>\n<li>Pr\u0119dko\u015b\u0107 bez obci\u0105\u017cenia &#8211; 0-3000 \/min<\/li>\n<li>Cz\u0119stotliwo\u015b\u0107 skok\u00f3w bez obci\u0105\u017cenia &#8211; 0 &#8211; 48.000 \/min<\/li>\n<li>Waga &#8211; 1,9 kg<\/li>\n<li>Nagrywanie &#8211; uchwyt szybkomocuj\u0105cy 16mm<\/li>\n<li>Max. pojemno\u015b\u0107 betonu &#8211; 16 mm<\/li>\n<li>Maks. no\u015bno\u015b\u0107 stali &#8211; 12 mm<\/li>\n<li>Uchwyt szybkomocuj\u0105cy &#8211; 13mm<\/li>\n<\/ul>\n<p><strong>Zakres dostawy<\/strong><\/p>\n<ul>\n<li>Keyang DMV16K Wiertarka udarowa &#8211; 720W<\/li>\n<li>1 x Uchwyt<\/li>\n<li>1 x Ogranicznik g\u0142\u0119boko\u015bci<\/li>\n<li>Dostarczana w walizce<\/li>\n<\/ul>\n","protected":false},"excerpt":{"rendered":"<p><strong>Zakres dostawy<\/strong><\/p>\n<ul>\n<li>Keyang DMV16K Wiertarka udarowa &#8211; 720W<\/li>\n<li>1 x Uchwyt<\/li>\n<li>1 x Ogranicznik g\u0142\u0119boko\u015bci<\/li>\n<li>Dostarczana w walizce<\/li>\n<\/ul>\n","protected":false},"featured_media":32707,"comment_status":"closed","ping_status":"closed","template":"","meta":[],"product_brand":[],"product_cat":[1163,1170],"product_tag":[],"class_list":{"0":"post-32706","1":"product","2":"type-product","3":"status-publish","4":"has-post-thumbnail","6":"product_cat-urzadzenia","7":"product_cat-wiertarka-udarowa","9":"first","10":"instock","11":"purchasable","12":"product-type-simple"},"_links":{"self":[{"href":"https:\/\/www.keyangtools.com\/pl\/wp-json\/wp\/v2\/product\/32706","targetHints":{"allow":["GET"]}}],"collection":[{"href":"https:\/\/www.keyangtools.com\/pl\/wp-json\/wp\/v2\/product"}],"about":[{"href":"https:\/\/www.keyangtools.com\/pl\/wp-json\/wp\/v2\/types\/product"}],"replies":[{"embeddable":true,"href":"https:\/\/www.keyangtools.com\/pl\/wp-json\/wp\/v2\/comments?post=32706"}],"wp:featuredmedia":[{"embeddable":true,"href":"https:\/\/www.keyangtools.com\/pl\/wp-json\/wp\/v2\/media\/32707"}],"wp:attachment":[{"href":"https:\/\/www.keyangtools.com\/pl\/wp-json\/wp\/v2\/media?parent=32706"}],"wp:term":[{"taxonomy":"product_brand","embeddable":true,"href":"https:\/\/www.keyangtools.com\/pl\/wp-json\/wp\/v2\/product_brand?post=32706"},{"taxonomy":"product_cat","embeddable":true,"href":"https:\/\/www.keyangtools.com\/pl\/wp-json\/wp\/v2\/product_cat?post=32706"},{"taxonomy":"product_tag","embeddable":true,"href":"https:\/\/www.keyangtools.com\/pl\/wp-json\/wp\/v2\/product_tag?post=32706"}],"curies":[{"name":"wp","href":"https:\/\/api.w.org\/{rel}","templated":true}]}}