{"id":32708,"date":"2021-03-24T09:31:13","date_gmt":"2021-03-24T08:31:13","guid":{"rendered":"https:\/\/www.keyangtools.com\/product\/keyang-did1202l-wkretarka-udarowa-10-8v-2-0ah\/"},"modified":"2023-07-04T11:37:56","modified_gmt":"2023-07-04T09:37:56","slug":"keyang-did1202l-wkretarka-udarowa-10-8v-2-0ah","status":"publish","type":"product","link":"https:\/\/www.keyangtools.com\/pl\/produkty\/keyang-did1202l-wkretarka-udarowa-10-8v-2-0ah\/","title":{"rendered":"Keyang DID1202L Wkr\u0119tarka udarowa &#8211; 10.8V &#8211; 2.0Ah"},"content":{"rendered":"<p><strong>Cechy Keyang DID1202L wkr\u0119tarki udarowej &#8211; 10.8V &#8211; 2.0Ah<br \/>\n<\/strong><\/p>\n<ul>\n<li>Silnik o wysokiej wydajno\u015bci<\/li>\n<li>Lekka i ergonomiczna konstrukcja<\/li>\n<li>Akumulator litowo-jonowy<\/li>\n<li>Wbudowane o\u015bwietlenie LED<\/li>\n<li>Wska\u017anik Akumulatora<\/li>\n<li>\u0141adowarka (60 min.)<\/li>\n<\/ul>\n<p><strong>Opis techniczny<\/strong><\/p>\n<ul>\n<li>Moc &#8211; 10,8V<\/li>\n<li>Pr\u0119dko\u015b\u0107 &#8211; 0-2400 \/min<\/li>\n<li>Cz\u0119stotliwo\u015b\u0107 udaru &#8211; 0-3000 \/min<\/li>\n<li>Sprz\u0119\u017cenie &#8211; 100 Nm<\/li>\n<li>Uchwyt do bit\u00f3w &#8211; 1\/4&#8243; szcze\u015bciok\u0105t (6,35mm)<\/li>\n<li>Waga &#8211; 0,9 kg<\/li>\n<li>Pojemno\u015b\u0107 akumulatora &#8211; 1,5 Ah<\/li>\n<\/ul>\n<p><strong>Zakres dostawy<\/strong><\/p>\n<ul>\n<li>Keyang DID1202L Wkr\u0119tarka udarowa &#8211; 10.8V &#8211; 2.0Ah<\/li>\n<li>2 x Li-ion Akumulator 2.0 Ah<\/li>\n<li>1 x \u0141adowarka<\/li>\n<li>Dostarczana w walizce<\/li>\n<\/ul>\n","protected":false},"excerpt":{"rendered":"<table>\n<tbody>\n<tr>\n<td class=\"echotable\"><img decoding=\"async\" class=\"alignnone wp-image-24309 size-full\" src=\"https:\/\/www.kem-europe.eu\/wp-content\/uploads\/2018\/02\/4-1.jpg\" alt=\"\" width=\"57\" height=\"57\" \/> Zmiana rotacji<\/td>\n<td class=\"echotable\"><img decoding=\"async\" class=\"alignnone wp-image-24312 size-full\" src=\"https:\/\/www.kem-europe.eu\/wp-content\/uploads\/2018\/02\/7-1.jpg\" alt=\"\" width=\"57\" height=\"57\" \/>Wysoki RPM<\/td>\n<\/tr>\n<tr>\n<td class=\"echotable\"><img decoding=\"async\" class=\"alignnone wp-image-24313 size-full\" src=\"https:\/\/www.kem-europe.eu\/wp-content\/uploads\/2018\/02\/8-1.jpg\" alt=\"\" width=\"57\" height=\"57\" \/>Niski RPM<\/td>\n<td class=\"echotable\"><img decoding=\"async\" class=\"alignnone wp-image-24331 size-full\" src=\"https:\/\/www.kem-europe.eu\/wp-content\/uploads\/2018\/02\/Untitled-2-1.jpg\" alt=\"\" width=\"57\" height=\"57\" \/>Regulacja pr\u0119dko\u015bci<\/td>\n<\/tr>\n<\/tbody>\n<tbody>\n<tr>\n<td class=\"echotable\"><img decoding=\"async\" class=\"alignnone wp-image-24318 size-full\" src=\"https:\/\/www.kem-europe.eu\/wp-content\/uploads\/2018\/02\/13-1.jpg\" alt=\"\" width=\"57\" height=\"57\" \/>Walizka<\/td>\n<\/tr>\n<\/tbody>\n<\/table>\n<p><strong>Aby uzyska\u0107 pe\u0142ny przegl\u0105d r\u00f3\u017cnych symboli, kliknij <a href=\"https:\/\/www.keyangtools.com\/pl\/symbolika-keyang\/\">tutaj!<\/a><\/strong><\/p>\n<p>&nbsp;<\/p>\n<p><strong>Zakres dostawy<\/strong><\/p>\n<ul>\n<li>Keyang DID1202L Wkr\u0119tarka udarowa &#8211; 10.8V &#8211; 2.0Ah<\/li>\n<li>2 x Li-ion Akumulator 2.0 Ah<\/li>\n<li>1 x \u0141adowarka<\/li>\n<li>Dostarczana w walizce<\/li>\n<\/ul>\n<p>&nbsp;<\/p>\n","protected":false},"featured_media":32709,"comment_status":"closed","ping_status":"closed","template":"","meta":[],"product_brand":[],"product_cat":[1152],"product_tag":[],"class_list":{"0":"post-32708","1":"product","2":"type-product","3":"status-publish","4":"has-post-thumbnail","6":"product_cat-akumulatorowa-wkretarka-udarowa","7":"pif-has-gallery","9":"first","10":"onbackorder","11":"purchasable","12":"product-type-simple"},"_links":{"self":[{"href":"https:\/\/www.keyangtools.com\/pl\/wp-json\/wp\/v2\/product\/32708","targetHints":{"allow":["GET"]}}],"collection":[{"href":"https:\/\/www.keyangtools.com\/pl\/wp-json\/wp\/v2\/product"}],"about":[{"href":"https:\/\/www.keyangtools.com\/pl\/wp-json\/wp\/v2\/types\/product"}],"replies":[{"embeddable":true,"href":"https:\/\/www.keyangtools.com\/pl\/wp-json\/wp\/v2\/comments?post=32708"}],"wp:featuredmedia":[{"embeddable":true,"href":"https:\/\/www.keyangtools.com\/pl\/wp-json\/wp\/v2\/media\/32709"}],"wp:attachment":[{"href":"https:\/\/www.keyangtools.com\/pl\/wp-json\/wp\/v2\/media?parent=32708"}],"wp:term":[{"taxonomy":"product_brand","embeddable":true,"href":"https:\/\/www.keyangtools.com\/pl\/wp-json\/wp\/v2\/product_brand?post=32708"},{"taxonomy":"product_cat","embeddable":true,"href":"https:\/\/www.keyangtools.com\/pl\/wp-json\/wp\/v2\/product_cat?post=32708"},{"taxonomy":"product_tag","embeddable":true,"href":"https:\/\/www.keyangtools.com\/pl\/wp-json\/wp\/v2\/product_tag?post=32708"}],"curies":[{"name":"wp","href":"https:\/\/api.w.org\/{rel}","templated":true}]}}