{"id":32714,"date":"2021-03-24T09:29:46","date_gmt":"2021-03-24T08:29:46","guid":{"rendered":"https:\/\/www.keyangtools.com\/product\/keyang-mc18bl-narzedzie-wielofunkcyjne-18v-2-0-ah\/"},"modified":"2023-07-03T13:43:49","modified_gmt":"2023-07-03T11:43:49","slug":"keyang-mc18bl-narzedzie-wielofunkcyjne-18v-2-0-ah","status":"publish","type":"product","link":"https:\/\/www.keyangtools.com\/pl\/produkty\/keyang-mc18bl-narzedzie-wielofunkcyjne-18v-2-0-ah\/","title":{"rendered":"Keyang MC18BL Narz\u0119dzie wielofunkcyjne &#8211; 18V 2.0 Ah"},"content":{"rendered":"<p><strong>Cechy Keyang MC18BL Narz\u0119dzia wielofunkcyjnego &#8211; 18V 2.0 Ah<br \/>\n<\/strong><\/p>\n<ul>\n<li>Silnik o wysokiej wydajno\u015bci<\/li>\n<li>Lekka i ergonomiczna konstrukcja<\/li>\n<li>Akumulator litowo-jonowy<\/li>\n<li>Wbudowane o\u015bwietlenie LED<\/li>\n<li>Wska\u017anik Accu<\/li>\n<li>Podw\u00f3jny prze\u0142\u0105cznik spustowy, bezstopniowy<\/li>\n<li>Bez szczotek w\u0119glowych<\/li>\n<li>\u0141adowarka (40 min.)<\/li>\n<\/ul>\n<p><strong>Opis techniczny<\/strong><\/p>\n<ul>\n<li>Moc &#8211; 18V<\/li>\n<li>Pr\u0119dko\u015b\u0107 oscylacji 0 &#8211; 19.500 RPM<\/li>\n<li>K\u0105t oscylacji &#8211; 1.6 stopni z ka\u017cdej strony (ca\u0142kowicie 3.2 )<\/li>\n<li>Waga &#8211; 1,8 kg<\/li>\n<li>Pojemno\u015b\u0107 Akumulatora &#8211; 2,0 Ah<\/li>\n<\/ul>\n<p><strong>Zakres dostawy<\/strong><\/p>\n<ul>\n<li>Keyang MC18BL Narz\u0119dzie wielofunkcyjne &#8211; 18V 2.0 Ah<\/li>\n<li>2 x Akumulator 18V Li-ion 2.0Ah<\/li>\n<li>1 x \u0141adowarka<\/li>\n<li>Dostarczane w walizce<\/li>\n<\/ul>\n","protected":false},"excerpt":{"rendered":"<p><strong>Zakres dostawy<\/strong><\/p>\n<ul>\n<li>Keyang MC18BL Narz\u0119dzie wielofunkcyjne &#8211; 18V 2.0 Ah<\/li>\n<li>2 x Akumulator 18V Li-ion 2.0Ah<\/li>\n<li>1 x \u0141adowarka<\/li>\n<li>Dostarczane w walizce<\/li>\n<\/ul>\n","protected":false},"featured_media":32715,"comment_status":"closed","ping_status":"closed","template":"","meta":[],"product_brand":[],"product_cat":[1156],"product_tag":[],"class_list":{"0":"post-32714","1":"product","2":"type-product","3":"status-publish","4":"has-post-thumbnail","6":"product_cat-akumulatorowe-narzedzie-wielofunkcyjne","7":"pif-has-gallery","9":"first","10":"instock","11":"purchasable","12":"product-type-simple"},"_links":{"self":[{"href":"https:\/\/www.keyangtools.com\/pl\/wp-json\/wp\/v2\/product\/32714","targetHints":{"allow":["GET"]}}],"collection":[{"href":"https:\/\/www.keyangtools.com\/pl\/wp-json\/wp\/v2\/product"}],"about":[{"href":"https:\/\/www.keyangtools.com\/pl\/wp-json\/wp\/v2\/types\/product"}],"replies":[{"embeddable":true,"href":"https:\/\/www.keyangtools.com\/pl\/wp-json\/wp\/v2\/comments?post=32714"}],"wp:featuredmedia":[{"embeddable":true,"href":"https:\/\/www.keyangtools.com\/pl\/wp-json\/wp\/v2\/media\/32715"}],"wp:attachment":[{"href":"https:\/\/www.keyangtools.com\/pl\/wp-json\/wp\/v2\/media?parent=32714"}],"wp:term":[{"taxonomy":"product_brand","embeddable":true,"href":"https:\/\/www.keyangtools.com\/pl\/wp-json\/wp\/v2\/product_brand?post=32714"},{"taxonomy":"product_cat","embeddable":true,"href":"https:\/\/www.keyangtools.com\/pl\/wp-json\/wp\/v2\/product_cat?post=32714"},{"taxonomy":"product_tag","embeddable":true,"href":"https:\/\/www.keyangtools.com\/pl\/wp-json\/wp\/v2\/product_tag?post=32714"}],"curies":[{"name":"wp","href":"https:\/\/api.w.org\/{rel}","templated":true}]}}