{"id":32717,"date":"2021-03-24T09:28:51","date_gmt":"2021-03-24T08:28:51","guid":{"rendered":"https:\/\/www.keyangtools.com\/product\/keyang-dg18bl-125s-szlifierka-katowa-18v-50ah\/"},"modified":"2023-07-03T13:46:47","modified_gmt":"2023-07-03T11:46:47","slug":"keyang-dg18bl-125s-szlifierka-katowa-18v-50ah","status":"publish","type":"product","link":"https:\/\/www.keyangtools.com\/pl\/produkty\/keyang-dg18bl-125s-szlifierka-katowa-18v-50ah\/","title":{"rendered":"Keyang DG18BL-125S Szlifierka k\u0105towa \u2013 18V &#8211; 5,0Ah"},"content":{"rendered":"<p><strong>Cechy Keyang DG18BL-125S Szlifierki k\u0105towej \u2013 18V &#8211; 5,0Ah<\/strong><\/p>\n<ul>\n<li>Mocny bezszczotkowy silnik pr\u0105du sta\u0142ego zapewniaj\u0105cy d\u0142u\u017csz\u0105 \u017cywotno\u015b\u0107 i lepsz\u0105 wydajno\u015b\u0107<\/li>\n<li>Ochrona przed zak\u0142\u00f3ceniami<\/li>\n<li>Zabezpieczenie przed ponownym uruchomieniem<\/li>\n<li>Hamulec elektryczny<\/li>\n<li>Mi\u0119kki start<\/li>\n<li>Wska\u017anik Akumulatora<\/li>\n<li>\u0141adowarka (50 min.)<\/li>\n<\/ul>\n<p><strong>Opis techniczny<\/strong><\/p>\n<ul>\n<li>Moc &#8211; 18V<\/li>\n<li>Ilo\u015b\u0107 amper\u00f3w &#8211; 5.0Ah<\/li>\n<li>Pr\u0119dko\u015b\u0107 bez obci\u0105\u017cenia &#8211; 8,500 rpm<\/li>\n<li>Waga &#8211; 3 kg<\/li>\n<li>\u015arednica &#8211; 125 mm<\/li>\n<li>Rozmiar gwintu &#8211; M14<\/li>\n<\/ul>\n<p><strong>Zakres dostawy<\/strong><\/p>\n<ul>\n<li>Keyang DG18BL125S Szlifierka k\u0105towa<\/li>\n<li>2 x Akumulator 5.0 Ah<\/li>\n<li>1 x \u0141adowarka<\/li>\n<li>1 x Uchwyt boczny<\/li>\n<li>1 x Klucz<\/li>\n<li>Dostarczana w walizce<\/li>\n<\/ul>\n","protected":false},"excerpt":{"rendered":"<table>\n<tbody>\n<tr>\n<td class=\"echotable\"><a href=\"https:\/\/www.kem-europe.eu\/wp-content\/uploads\/2018\/02\/22-1.jpg\"><img decoding=\"async\" class=\"alignnone wp-image-24327 size-full\" src=\"https:\/\/www.kem-europe.eu\/wp-content\/uploads\/2018\/02\/22-1.jpg\" alt=\"Symbool keyang\" width=\"57\" height=\"57\" \/><\/a>BLDC-Silnik<\/td>\n<td class=\"echotable\"><a href=\"https:\/\/www.kem-europe.eu\/wp-content\/uploads\/2018\/02\/3-1.jpg\"><img decoding=\"async\" class=\"alignnone wp-image-24308 size-full\" src=\"https:\/\/www.kem-europe.eu\/wp-content\/uploads\/2018\/02\/3-1.jpg\" alt=\"Symbool keyang\" width=\"57\" height=\"57\" \/><\/a>Niewielka waga<\/td>\n<\/tr>\n<tr>\n<td class=\"echotable\"><a href=\"https:\/\/www.kem-europe.eu\/wp-content\/uploads\/2018\/02\/5-1.jpg\"><img decoding=\"async\" class=\"alignnone wp-image-24310 size-full\" src=\"https:\/\/www.kem-europe.eu\/wp-content\/uploads\/2018\/02\/5-1.jpg\" alt=\"Symbool keyang\" width=\"57\" height=\"57\" \/><\/a>Elektryczny hamulec<\/td>\n<td class=\"echotable\"><a href=\"https:\/\/www.kem-europe.eu\/wp-content\/uploads\/2018\/02\/13-1.jpg\"><img decoding=\"async\" class=\"alignnone wp-image-24318 size-full\" src=\"https:\/\/www.kem-europe.eu\/wp-content\/uploads\/2018\/02\/13-1.jpg\" alt=\"Symbool keyang\" width=\"57\" height=\"57\" \/><\/a>Walizka<\/td>\n<\/tr>\n<\/tbody>\n<tbody>\n<tr>\n<td class=\"echotable\"><a href=\"https:\/\/www.kem-europe.eu\/wp-content\/uploads\/2021\/06\/26.jpg\"><img decoding=\"async\" class=\"alignnone wp-image-24335 size-full\" src=\"https:\/\/www.kem-europe.eu\/wp-content\/uploads\/2021\/06\/26.jpg\" alt=\"Symbool keyang\" width=\"57\" height=\"57\" \/><\/a>Sta\u0142a pr\u0119dko\u015b\u0107<\/td>\n<\/tr>\n<\/tbody>\n<\/table>\n<p>&nbsp;<\/p>\n<p>Aby uzyska\u0107 pe\u0142ny przegl\u0105d r\u00f3\u017cnych symboli, kliknij <a href=\"https:\/\/www.keyangtools.com\/pl\/symbolika-keyang\/\">tutaj!<\/a><\/p>\n<p>&nbsp;<\/p>\n<p><strong>Zakres dostawy<\/strong><\/p>\n<ul>\n<li>Keyang DG18BL125S Szlifierka k\u0105towa<\/li>\n<li>2 x Akumulator 5.0 Ah<\/li>\n<li>1 x \u0141adowarka<\/li>\n<li>1 x Uchwyt boczny<\/li>\n<li>1 x Klucz<\/li>\n<li>Dostarczana w walizce<\/li>\n<\/ul>\n","protected":false},"featured_media":32720,"comment_status":"closed","ping_status":"closed","template":"","meta":[],"product_brand":[],"product_cat":[1146],"product_tag":[],"class_list":{"0":"post-32717","1":"product","2":"type-product","3":"status-publish","4":"has-post-thumbnail","6":"product_cat-akumulatorowe-szlifierki-katowe","7":"pif-has-gallery","9":"first","10":"onbackorder","11":"purchasable","12":"product-type-simple"},"_links":{"self":[{"href":"https:\/\/www.keyangtools.com\/pl\/wp-json\/wp\/v2\/product\/32717","targetHints":{"allow":["GET"]}}],"collection":[{"href":"https:\/\/www.keyangtools.com\/pl\/wp-json\/wp\/v2\/product"}],"about":[{"href":"https:\/\/www.keyangtools.com\/pl\/wp-json\/wp\/v2\/types\/product"}],"replies":[{"embeddable":true,"href":"https:\/\/www.keyangtools.com\/pl\/wp-json\/wp\/v2\/comments?post=32717"}],"wp:featuredmedia":[{"embeddable":true,"href":"https:\/\/www.keyangtools.com\/pl\/wp-json\/wp\/v2\/media\/32720"}],"wp:attachment":[{"href":"https:\/\/www.keyangtools.com\/pl\/wp-json\/wp\/v2\/media?parent=32717"}],"wp:term":[{"taxonomy":"product_brand","embeddable":true,"href":"https:\/\/www.keyangtools.com\/pl\/wp-json\/wp\/v2\/product_brand?post=32717"},{"taxonomy":"product_cat","embeddable":true,"href":"https:\/\/www.keyangtools.com\/pl\/wp-json\/wp\/v2\/product_cat?post=32717"},{"taxonomy":"product_tag","embeddable":true,"href":"https:\/\/www.keyangtools.com\/pl\/wp-json\/wp\/v2\/product_tag?post=32717"}],"curies":[{"name":"wp","href":"https:\/\/api.w.org\/{rel}","templated":true}]}}