{"id":32724,"date":"2021-03-24T09:27:20","date_gmt":"2021-03-24T08:27:20","guid":{"rendered":"https:\/\/www.keyangtools.com\/product\/keyang-mc18bl-narzedzie-wielofuncyjne-18v-korpus\/"},"modified":"2023-07-03T13:54:18","modified_gmt":"2023-07-03T11:54:18","slug":"keyang-mc18bl-narzedzie-wielofuncyjne-18v-korpus","status":"publish","type":"product","link":"https:\/\/www.keyangtools.com\/pl\/produkty\/keyang-mc18bl-narzedzie-wielofuncyjne-18v-korpus\/","title":{"rendered":"Keyang MC18BL Narz\u0119dzie wielofuncyjne &#8211; 18V &#8211; KORPUS"},"content":{"rendered":"<p><strong>Cechy Keyang MC18BL Narz\u0119dzia wielofunkcyjnego &#8211; 18V &#8211; KORPUS<br \/>\n<\/strong><\/p>\n<ul>\n<li>Silnik o wysokiej wydajno\u015bci<\/li>\n<li>Lekka i ergonomiczna konstrukcja<\/li>\n<li>Akumulator litowo-jonowy<\/li>\n<li>Wbudowane o\u015bwietlenie LED<\/li>\n<li>Wska\u017anik akumulatora<\/li>\n<li>Podw\u00f3jny prze\u0142\u0105cznik spustowy, bezstopniowy<\/li>\n<\/ul>\n<p><strong>Opis techniczny<\/strong><\/p>\n<ul>\n<li>Moc &#8211; 18V<\/li>\n<li>Pr\u0119dko\u015b\u0107 oscylacji &#8211; 0 &#8211; 19.500 obr.<\/li>\n<li>K\u0105t oscylacji &#8211; 1,6 stopni w ka\u017cd\u0105 stron\u0119 (3,2 ca\u0142kowicie)<\/li>\n<li>Waga &#8211; 1,6 kg<\/li>\n<\/ul>\n<p><strong>Zakres dostawy<\/strong><\/p>\n<ul>\n<li>Keyang MC18BL Narz\u0119dzie wielofuncyjne &#8211; 18V &#8211; KORPUS<\/li>\n<li>Dostarczane w pude\u0142ku<\/li>\n<\/ul>\n","protected":false},"excerpt":{"rendered":"<p><strong>Zakres dostawy<\/strong><\/p>\n<ul>\n<li>Keyang MC18BL Narz\u0119dzie wielofuncyjne &#8211; 18V &#8211; KORPUS<\/li>\n<li>Dostarczane w pude\u0142ku<\/li>\n<\/ul>\n","protected":false},"featured_media":32725,"comment_status":"closed","ping_status":"closed","template":"","meta":[],"product_brand":[],"product_cat":[1156],"product_tag":[],"class_list":{"0":"post-32724","1":"product","2":"type-product","3":"status-publish","4":"has-post-thumbnail","6":"product_cat-akumulatorowe-narzedzie-wielofunkcyjne","7":"pif-has-gallery","9":"first","10":"instock","11":"purchasable","12":"product-type-simple"},"_links":{"self":[{"href":"https:\/\/www.keyangtools.com\/pl\/wp-json\/wp\/v2\/product\/32724","targetHints":{"allow":["GET"]}}],"collection":[{"href":"https:\/\/www.keyangtools.com\/pl\/wp-json\/wp\/v2\/product"}],"about":[{"href":"https:\/\/www.keyangtools.com\/pl\/wp-json\/wp\/v2\/types\/product"}],"replies":[{"embeddable":true,"href":"https:\/\/www.keyangtools.com\/pl\/wp-json\/wp\/v2\/comments?post=32724"}],"wp:featuredmedia":[{"embeddable":true,"href":"https:\/\/www.keyangtools.com\/pl\/wp-json\/wp\/v2\/media\/32725"}],"wp:attachment":[{"href":"https:\/\/www.keyangtools.com\/pl\/wp-json\/wp\/v2\/media?parent=32724"}],"wp:term":[{"taxonomy":"product_brand","embeddable":true,"href":"https:\/\/www.keyangtools.com\/pl\/wp-json\/wp\/v2\/product_brand?post=32724"},{"taxonomy":"product_cat","embeddable":true,"href":"https:\/\/www.keyangtools.com\/pl\/wp-json\/wp\/v2\/product_cat?post=32724"},{"taxonomy":"product_tag","embeddable":true,"href":"https:\/\/www.keyangtools.com\/pl\/wp-json\/wp\/v2\/product_tag?post=32724"}],"curies":[{"name":"wp","href":"https:\/\/api.w.org\/{rel}","templated":true}]}}