{"id":32747,"date":"2021-03-24T09:16:22","date_gmt":"2021-03-24T08:16:22","guid":{"rendered":"https:\/\/www.keyangtools.com\/product\/keyang-tbs1500v-szlifierka-tasmowa-do-rur-1500w\/"},"modified":"2023-07-03T13:58:14","modified_gmt":"2023-07-03T11:58:14","slug":"keyang-tbs1500v-szlifierka-tasmowa-do-rur-1500w","status":"publish","type":"product","link":"https:\/\/www.keyangtools.com\/pl\/produkty\/keyang-tbs1500v-szlifierka-tasmowa-do-rur-1500w\/","title":{"rendered":"Keyang TBS1500V Szlifierka ta\u015bmowa do rur &#8211; 1500W"},"content":{"rendered":"<p><strong>Cechy Keyang TBS1500V Szlifierki ta\u015bmowej do rur &#8211; 1500W<\/strong><\/p>\n<ul>\n<li>Regulowana pr\u0119dko\u015b\u0107<\/li>\n<li>Zabezpieczenie przed przeci\u0105\u017ceniem i ponownym uruchomieniem<\/li>\n<li>Uchwyt antywibracyjny<\/li>\n<li>Bezpo\u015brednie ch\u0142odzenie zapewniaj\u0105ce wysok\u0105 przeci\u0105\u017calno\u015b\u0107 i d\u0142ug\u0105 \u017cywotno\u015b\u0107<\/li>\n<li>\u0141atwa do przenoszenia dzi\u0119ki smuk\u0142ej obudowie<\/li>\n<\/ul>\n<p><strong>Dane techniczne<\/strong><\/p>\n<ul>\n<li>Nominalna moc\u00a0 &#8211; 1500 W<\/li>\n<li>Pr\u0119dko\u015b\u0107 bez obci\u0105\u017cenia &#8211; 2800-11.500 \/min<\/li>\n<li>Waga &#8211; 3,7 kg<\/li>\n<li>Szeroko\u015b\u0107 ta\u015bmy &#8211; 40 mm<\/li>\n<li>D\u0142ugo\u015b\u0107 ta\u015bmy &#8211; maksymalnie 820 mm<\/li>\n<\/ul>\n<p><strong>Zakres dostawy<\/strong><\/p>\n<ul>\n<li>Keyang TBS1500V Szlifierka ta\u015bmowa do rur &#8211; 1500W<\/li>\n<li>Dostarczana w opakowaniu<\/li>\n<\/ul>\n<p>&nbsp;<\/p>\n","protected":false},"excerpt":{"rendered":"<p><strong>Zakres dostawy<\/strong><\/p>\n<ul>\n<li>Keyang TBS1500V Szlifierka ta\u015bmowa do rur &#8211; 1500W<\/li>\n<li>Dostarczana w opakowaniu<\/li>\n<\/ul>\n","protected":false},"featured_media":32748,"comment_status":"closed","ping_status":"closed","template":"","meta":[],"product_brand":[],"product_cat":[1175,1163],"product_tag":[],"class_list":{"0":"post-32747","1":"product","2":"type-product","3":"status-publish","4":"has-post-thumbnail","6":"product_cat-szlifierka-tasmowa","7":"product_cat-urzadzenia","9":"first","10":"instock","11":"purchasable","12":"product-type-simple"},"_links":{"self":[{"href":"https:\/\/www.keyangtools.com\/pl\/wp-json\/wp\/v2\/product\/32747","targetHints":{"allow":["GET"]}}],"collection":[{"href":"https:\/\/www.keyangtools.com\/pl\/wp-json\/wp\/v2\/product"}],"about":[{"href":"https:\/\/www.keyangtools.com\/pl\/wp-json\/wp\/v2\/types\/product"}],"replies":[{"embeddable":true,"href":"https:\/\/www.keyangtools.com\/pl\/wp-json\/wp\/v2\/comments?post=32747"}],"wp:featuredmedia":[{"embeddable":true,"href":"https:\/\/www.keyangtools.com\/pl\/wp-json\/wp\/v2\/media\/32748"}],"wp:attachment":[{"href":"https:\/\/www.keyangtools.com\/pl\/wp-json\/wp\/v2\/media?parent=32747"}],"wp:term":[{"taxonomy":"product_brand","embeddable":true,"href":"https:\/\/www.keyangtools.com\/pl\/wp-json\/wp\/v2\/product_brand?post=32747"},{"taxonomy":"product_cat","embeddable":true,"href":"https:\/\/www.keyangtools.com\/pl\/wp-json\/wp\/v2\/product_cat?post=32747"},{"taxonomy":"product_tag","embeddable":true,"href":"https:\/\/www.keyangtools.com\/pl\/wp-json\/wp\/v2\/product_tag?post=32747"}],"curies":[{"name":"wp","href":"https:\/\/api.w.org\/{rel}","templated":true}]}}