{"id":32749,"date":"2021-03-24T09:15:42","date_gmt":"2021-03-24T08:15:42","guid":{"rendered":"https:\/\/www.keyangtools.com\/product\/keyang-iw18bl-h-klucz-udarowy-korpus\/"},"modified":"2023-07-03T13:59:55","modified_gmt":"2023-07-03T11:59:55","slug":"keyang-iw18bl-h-klucz-udarowy-korpus","status":"publish","type":"product","link":"https:\/\/www.keyangtools.com\/pl\/produkty\/keyang-iw18bl-h-klucz-udarowy-korpus\/","title":{"rendered":"Keyang IW18BL-H Klucz udarowy &#8211; KORPUS"},"content":{"rendered":"<p><strong>Cechy Keyang IW18BL-H Klucza udarowego &#8211; KORPUS<\/strong><\/p>\n<ul>\n<li>Wysoce wydajny silnik bezszczotkowy (BLDC)<\/li>\n<li>Bezszczotkowy<\/li>\n<li>O\u015bwietlenie LED<\/li>\n<li>Wska\u017anik Akumulatora<\/li>\n<li>Wysoka pr\u0119dko\u015b\u0107 wiercenia udarowego<\/li>\n<\/ul>\n<p><strong>Dane techniczne<\/strong><\/p>\n<ul>\n<li>Zasilanie &#8211; 18 V<\/li>\n<li>Uchwyt &#8211; 1\/2&#8243; (kwadrat)<\/li>\n<li>Moment obrotowy &#8211; 1000 Nm<\/li>\n<li>Pr\u0119dko\u015b\u0107 bez obci\u0105\u017cenia &#8211; 1900 Rpm<\/li>\n<li>Cz\u0119stotliwo\u015b\u0107 skok\u00f3w &#8211; 0-2700\/min<\/li>\n<li>Waga &#8211; 2,5 kg<\/li>\n<\/ul>\n<p><b>Zakres dostawy<\/b><\/p>\n<ul>\n<li>Keyang IW18BL-H Klucz udarowy &#8211; KORPUS<\/li>\n<li>Dostarczany w opakowaniu<\/li>\n<\/ul>\n","protected":false},"excerpt":{"rendered":"<p><b>Zakres dostawy<\/b><\/p>\n<ul>\n<li>Keyang IW18BL-H Klucz udarowy &#8211; KORPUS<\/li>\n<li>Dostarczany w opakowaniu<\/li>\n<\/ul>\n","protected":false},"featured_media":32750,"comment_status":"closed","ping_status":"closed","template":"","meta":[],"product_brand":[],"product_cat":[1153],"product_tag":[],"class_list":{"0":"post-32749","1":"product","2":"type-product","3":"status-publish","4":"has-post-thumbnail","6":"product_cat-akumulatorowy-klucz-udarowy","7":"pif-has-gallery","9":"first","10":"instock","11":"purchasable","12":"product-type-simple"},"_links":{"self":[{"href":"https:\/\/www.keyangtools.com\/pl\/wp-json\/wp\/v2\/product\/32749","targetHints":{"allow":["GET"]}}],"collection":[{"href":"https:\/\/www.keyangtools.com\/pl\/wp-json\/wp\/v2\/product"}],"about":[{"href":"https:\/\/www.keyangtools.com\/pl\/wp-json\/wp\/v2\/types\/product"}],"replies":[{"embeddable":true,"href":"https:\/\/www.keyangtools.com\/pl\/wp-json\/wp\/v2\/comments?post=32749"}],"wp:featuredmedia":[{"embeddable":true,"href":"https:\/\/www.keyangtools.com\/pl\/wp-json\/wp\/v2\/media\/32750"}],"wp:attachment":[{"href":"https:\/\/www.keyangtools.com\/pl\/wp-json\/wp\/v2\/media?parent=32749"}],"wp:term":[{"taxonomy":"product_brand","embeddable":true,"href":"https:\/\/www.keyangtools.com\/pl\/wp-json\/wp\/v2\/product_brand?post=32749"},{"taxonomy":"product_cat","embeddable":true,"href":"https:\/\/www.keyangtools.com\/pl\/wp-json\/wp\/v2\/product_cat?post=32749"},{"taxonomy":"product_tag","embeddable":true,"href":"https:\/\/www.keyangtools.com\/pl\/wp-json\/wp\/v2\/product_tag?post=32749"}],"curies":[{"name":"wp","href":"https:\/\/api.w.org\/{rel}","templated":true}]}}