{"id":32775,"date":"2021-03-24T09:14:10","date_gmt":"2021-03-24T08:14:10","guid":{"rendered":"https:\/\/www.keyangtools.com\/product\/keyang-dp7000v-polerka-akumulatorowa-1200w\/"},"modified":"2023-07-03T14:06:05","modified_gmt":"2023-07-03T12:06:05","slug":"keyang-dp7000v-polerka-akumulatorowa-1200w","status":"publish","type":"product","link":"https:\/\/www.keyangtools.com\/pl\/produkty\/keyang-dp7000v-polerka-akumulatorowa-1200w\/","title":{"rendered":"Keyang DP7000V Polerka akumulatorowa &#8211; 1200W"},"content":{"rendered":"<p><b>Cechy Keyang DP7000V Polerki akumulatorowej &#8211; 1200W<br \/>\n<\/b><\/p>\n<ul>\n<li>Antypo\u015blizgowy, mi\u0119kki uchwyt<\/li>\n<li>Wyg\u0142uszenie<\/li>\n<li>Regulowana pr\u0119dko\u015b\u0107<\/li>\n<li>Uchwyt antywibracyjny<\/li>\n<li>Zabezpieczenie przed przeci\u0105\u017ceniem i ponownym uruchomieniem<\/li>\n<li>Automatyczne zatrzymanie szczotek w\u0119glowych<\/li>\n<\/ul>\n<p><strong>Dane techniczne<\/strong><\/p>\n<ul>\n<li>\u015arednica &#8211; 180 mm<\/li>\n<li>Moc &#8211; 1200 W<\/li>\n<li>Pr\u0119dko\u015b\u0107 bez obci\u0105\u017cenia &#8211; 800-2400 obr.<\/li>\n<li>Uchwyt wrzeciona &#8211; M14<\/li>\n<li>Waga &#8211; 3,2 kg<\/li>\n<\/ul>\n<p><strong>Zakres dostawy<\/strong><\/p>\n<ul>\n<li>Keyang DP7000V Polerka akumulatorowa &#8211; 1200W<\/li>\n<li>1 x D-uchwyt<\/li>\n<li>Zawiera podk\u0142adk\u0119<\/li>\n<li>Dostarczana w opakowaniu<\/li>\n<\/ul>\n","protected":false},"excerpt":{"rendered":"<p><b>Zakres dostawy<\/b><\/p>\n<ul>\n<li>Keyang DP7000V Polerka akumulatorowa &#8211; 1200W<\/li>\n<li>1 x D-uchwyt<\/li>\n<li>Zawiera podk\u0142adk\u0119<\/li>\n<li>Dostarczana w opakowaniu<\/li>\n<\/ul>\n","protected":false},"featured_media":32776,"comment_status":"closed","ping_status":"closed","template":"","meta":[],"product_brand":[],"product_cat":[1172,1163],"product_tag":[],"class_list":{"0":"post-32775","1":"product","2":"type-product","3":"status-publish","4":"has-post-thumbnail","6":"product_cat-polerka","7":"product_cat-urzadzenia","9":"first","10":"instock","11":"purchasable","12":"product-type-simple"},"_links":{"self":[{"href":"https:\/\/www.keyangtools.com\/pl\/wp-json\/wp\/v2\/product\/32775","targetHints":{"allow":["GET"]}}],"collection":[{"href":"https:\/\/www.keyangtools.com\/pl\/wp-json\/wp\/v2\/product"}],"about":[{"href":"https:\/\/www.keyangtools.com\/pl\/wp-json\/wp\/v2\/types\/product"}],"replies":[{"embeddable":true,"href":"https:\/\/www.keyangtools.com\/pl\/wp-json\/wp\/v2\/comments?post=32775"}],"wp:featuredmedia":[{"embeddable":true,"href":"https:\/\/www.keyangtools.com\/pl\/wp-json\/wp\/v2\/media\/32776"}],"wp:attachment":[{"href":"https:\/\/www.keyangtools.com\/pl\/wp-json\/wp\/v2\/media?parent=32775"}],"wp:term":[{"taxonomy":"product_brand","embeddable":true,"href":"https:\/\/www.keyangtools.com\/pl\/wp-json\/wp\/v2\/product_brand?post=32775"},{"taxonomy":"product_cat","embeddable":true,"href":"https:\/\/www.keyangtools.com\/pl\/wp-json\/wp\/v2\/product_cat?post=32775"},{"taxonomy":"product_tag","embeddable":true,"href":"https:\/\/www.keyangtools.com\/pl\/wp-json\/wp\/v2\/product_tag?post=32775"}],"curies":[{"name":"wp","href":"https:\/\/api.w.org\/{rel}","templated":true}]}}