{"id":32777,"date":"2021-03-24T09:13:24","date_gmt":"2021-03-24T08:13:24","guid":{"rendered":"https:\/\/www.keyangtools.com\/product\/keyang-lf1418z-lampa-led-14-4-18v\/"},"modified":"2023-07-03T14:07:51","modified_gmt":"2023-07-03T12:07:51","slug":"keyang-lf1418z-lampa-led-14-4-18v","status":"publish","type":"product","link":"https:\/\/www.keyangtools.com\/pl\/produkty\/keyang-lf1418z-lampa-led-14-4-18v\/","title":{"rendered":"Keyang LF1418Z Lampa led &#8211; 14.4 &#8211; 18V"},"content":{"rendered":"<p><strong>Cechy Keyang LF1418Z Lampy led &#8211; 14.4 &#8211; 18V<\/strong><\/p>\n<ul>\n<li>Regulowana jasno\u015b\u0107<\/li>\n<li>Mo\u017cliwo\u015b\u0107 zmiany ustawie\u0144<\/li>\n<\/ul>\n<p><strong>Opis techniczny<\/strong><\/p>\n<ul>\n<li>Moc &#8211; 14.4-18V<\/li>\n<li>Czas pracy &#8211; 24 godziny (18V &#8211; 3.0Ah)<\/li>\n<li>Waga &#8211; 0.35 kg<\/li>\n<\/ul>\n<p><strong>Zakres dostawy<\/strong><\/p>\n<ul>\n<li>Keyang LF1418Z Lampa led &#8211; 14.4 &#8211; 18V<\/li>\n<li>Dostarczana w opakowaniu<\/li>\n<li style=\"list-style-type: none;\"><\/li>\n<\/ul>\n","protected":false},"excerpt":{"rendered":"<p><strong>Zakres dostawy<\/strong><\/p>\n<ul>\n<li>Keyang LF1418Z Lampa led &#8211; 14.4 &#8211; 18V<\/li>\n<li>Dostarczana w opakowaniu<\/li>\n<\/ul>\n","protected":false},"featured_media":32778,"comment_status":"closed","ping_status":"closed","template":"","meta":[],"product_brand":[],"product_cat":[1177],"product_tag":[],"class_list":{"0":"post-32777","1":"product","2":"type-product","3":"status-publish","4":"has-post-thumbnail","6":"product_cat-akcesoria","8":"first","9":"instock","10":"purchasable","11":"product-type-simple"},"_links":{"self":[{"href":"https:\/\/www.keyangtools.com\/pl\/wp-json\/wp\/v2\/product\/32777","targetHints":{"allow":["GET"]}}],"collection":[{"href":"https:\/\/www.keyangtools.com\/pl\/wp-json\/wp\/v2\/product"}],"about":[{"href":"https:\/\/www.keyangtools.com\/pl\/wp-json\/wp\/v2\/types\/product"}],"replies":[{"embeddable":true,"href":"https:\/\/www.keyangtools.com\/pl\/wp-json\/wp\/v2\/comments?post=32777"}],"wp:featuredmedia":[{"embeddable":true,"href":"https:\/\/www.keyangtools.com\/pl\/wp-json\/wp\/v2\/media\/32778"}],"wp:attachment":[{"href":"https:\/\/www.keyangtools.com\/pl\/wp-json\/wp\/v2\/media?parent=32777"}],"wp:term":[{"taxonomy":"product_brand","embeddable":true,"href":"https:\/\/www.keyangtools.com\/pl\/wp-json\/wp\/v2\/product_brand?post=32777"},{"taxonomy":"product_cat","embeddable":true,"href":"https:\/\/www.keyangtools.com\/pl\/wp-json\/wp\/v2\/product_cat?post=32777"},{"taxonomy":"product_tag","embeddable":true,"href":"https:\/\/www.keyangtools.com\/pl\/wp-json\/wp\/v2\/product_tag?post=32777"}],"curies":[{"name":"wp","href":"https:\/\/api.w.org\/{rel}","templated":true}]}}