{"id":32796,"date":"2021-02-23T08:39:09","date_gmt":"2021-02-23T07:39:09","guid":{"rendered":"https:\/\/www.keyangtools.com\/product\/keyang-dg20blh-125sv-szlifierka-katowa-zmienna-predkosc-18v-50ah\/"},"modified":"2024-01-15T09:53:28","modified_gmt":"2024-01-15T08:53:28","slug":"keyang-dg20blh-125sv-szlifierka-katowa-zmienna-predkosc-18v-50ah","status":"publish","type":"product","link":"https:\/\/www.keyangtools.com\/pl\/produkty\/keyang-dg20blh-125sv-szlifierka-katowa-zmienna-predkosc-18v-50ah\/","title":{"rendered":"Keyang DG20BLH-125SV Szlifierka k\u0105towa \u2013 Zmienna pr\u0119dko\u015b\u0107 &#8211; 18V &#8211; 5,0Ah"},"content":{"rendered":"<p><img decoding=\"async\" class=\"wp-image-33207 size-full\" src=\"https:\/\/www.keyangtools.com\/wp-content\/uploads\/2022\/08\/DG20BLH-125SV-PL_nieuwe.png\" alt=\"Keyang DG20BLH-125SV Szlifierka k\u0105towa \u2013 Zmienna pr\u0119dko\u015b\u0107 - 18V - 5,0Ah\" width=\"850\" height=\"7067\" srcset=\"https:\/\/www.keyangtools.com\/wp-content\/uploads\/2022\/08\/DG20BLH-125SV-PL_nieuwe.png 850w, https:\/\/www.keyangtools.com\/wp-content\/uploads\/2022\/08\/DG20BLH-125SV-PL_nieuwe-36x300.png 36w, https:\/\/www.keyangtools.com\/wp-content\/uploads\/2022\/08\/DG20BLH-125SV-PL_nieuwe-123x1024.png 123w, https:\/\/www.keyangtools.com\/wp-content\/uploads\/2022\/08\/DG20BLH-125SV-PL_nieuwe-768x6385.png 768w, https:\/\/www.keyangtools.com\/wp-content\/uploads\/2022\/08\/DG20BLH-125SV-PL_nieuwe-560x4656.png 560w\" sizes=\"(max-width: 850px) 100vw, 850px\" \/><\/p>\n","protected":false},"excerpt":{"rendered":"<p><strong>Zakres dostawy<\/strong><\/p>\n<ul>\n<li>Keyang DG20BLH-125SV Szlifierka k\u0105towa \u2013 18V 5,0Ah<\/li>\n<li>2 x Li-ion Akumulator 5.0 Ah<\/li>\n<li>1 x Szybko\u0142adowarka<\/li>\n<li>1 x Antywibracyjny dodatkowy uchwyt<\/li>\n<li>Dostarczana w walizce<\/li>\n<\/ul>\n<p><strong><em>Dlaczego Keyang?<\/em><\/strong><\/p>\n<p>Korea\u0144ska marka produkuje od ponad 40 lat wysokiej jako\u015bci maszyny dla sektora przemys\u0142owego i budowlanego. Od ponad 25 lat produkuje r\u00f3wnie\u017c dla kilku marek A na rynku europejskim (w tym Kress &amp; Spit). Keyang przewy\u017csza swoich konkurent\u00f3w, dostarczaj\u0105c doskona\u0142\u0105 jako\u015b\u0107 w rozs\u0105dnej cenie. Z pozycji lidera na rynku korea\u0144skim, firma zacz\u0119\u0142a koncentrowa\u0107 si\u0119 r\u00f3wnie\u017c na rynku europejskim. W stosunkowo kr\u00f3tkim czasie korea\u0144ska marka sta\u0142a si\u0119 zaufan\u0105 mark\u0105 w sektorze budowlanym. Nie ma to nic wsp\u00f3lnego ze sprytnym marketingiem, ale z wiar\u0105, \u017ce ma\u0142ymi krokami mo\u017cna zaj\u015b\u0107 wysoko w biznesie.<\/p>\n","protected":false},"featured_media":32797,"comment_status":"closed","ping_status":"closed","template":"","meta":[],"product_brand":[],"product_cat":[1146],"product_tag":[],"class_list":{"0":"post-32796","1":"product","2":"type-product","3":"status-publish","4":"has-post-thumbnail","6":"product_cat-akumulatorowe-szlifierki-katowe","8":"first","9":"instock","10":"purchasable","11":"product-type-simple"},"_links":{"self":[{"href":"https:\/\/www.keyangtools.com\/pl\/wp-json\/wp\/v2\/product\/32796","targetHints":{"allow":["GET"]}}],"collection":[{"href":"https:\/\/www.keyangtools.com\/pl\/wp-json\/wp\/v2\/product"}],"about":[{"href":"https:\/\/www.keyangtools.com\/pl\/wp-json\/wp\/v2\/types\/product"}],"replies":[{"embeddable":true,"href":"https:\/\/www.keyangtools.com\/pl\/wp-json\/wp\/v2\/comments?post=32796"}],"wp:featuredmedia":[{"embeddable":true,"href":"https:\/\/www.keyangtools.com\/pl\/wp-json\/wp\/v2\/media\/32797"}],"wp:attachment":[{"href":"https:\/\/www.keyangtools.com\/pl\/wp-json\/wp\/v2\/media?parent=32796"}],"wp:term":[{"taxonomy":"product_brand","embeddable":true,"href":"https:\/\/www.keyangtools.com\/pl\/wp-json\/wp\/v2\/product_brand?post=32796"},{"taxonomy":"product_cat","embeddable":true,"href":"https:\/\/www.keyangtools.com\/pl\/wp-json\/wp\/v2\/product_cat?post=32796"},{"taxonomy":"product_tag","embeddable":true,"href":"https:\/\/www.keyangtools.com\/pl\/wp-json\/wp\/v2\/product_tag?post=32796"}],"curies":[{"name":"wp","href":"https:\/\/api.w.org\/{rel}","templated":true}]}}