{"id":32832,"date":"2021-03-24T09:10:57","date_gmt":"2021-03-24T08:10:57","guid":{"rendered":"https:\/\/www.keyangtools.com\/product\/keyang-iw18bla-klucz-udarowy-18v-5-0ah\/"},"modified":"2023-07-03T14:11:54","modified_gmt":"2023-07-03T12:11:54","slug":"keyang-iw18bla-klucz-udarowy-18v-5-0ah","status":"publish","type":"product","link":"https:\/\/www.keyangtools.com\/pl\/produkty\/keyang-iw18bla-klucz-udarowy-18v-5-0ah\/","title":{"rendered":"Keyang IW18BLA Klucz udarowy &#8211; 18V &#8211; 5.0Ah"},"content":{"rendered":"<p><strong>Cechy Keyang IW18BLA Klucza udarowego &#8211; 18V &#8211; 5.0Ah<br \/>\n<\/strong><\/p>\n<ul>\n<li>Wysoce wydajny silnik bezszczotkowy (BLDC)<\/li>\n<li>Bezszczotkowy<\/li>\n<li>3-biegowy<\/li>\n<li>O\u015bwietlenie LED<\/li>\n<li>Wska\u017anik akumulatora<\/li>\n<li>1 sek. Funkcja &#8222;One Shot&#8221;<\/li>\n<li>\u0141adowarka (50 min.)<\/li>\n<\/ul>\n<p><strong>Opis techniczny<\/strong><\/p>\n<ul>\n<li>Moc \u2013 18 V<\/li>\n<li>Pr\u0119dko\u015b\u0107 \u2013 900 \/ 2.200 \/ 2.600 obroty na min.<\/li>\n<li>Cz\u0119stotliwo\u015b\u0107 skok\u00f3w &#8211; 0-2600\/min<\/li>\n<li>Moment obrotowy &#8211; 280 Nm<\/li>\n<li>Waga &#8211; 1,6 kg<\/li>\n<li>Uchwyt &#8211; 1\/2\u2033 (kwadratowy)<\/li>\n<\/ul>\n<p><strong>Zakres dostawy<\/strong><\/p>\n<ul>\n<li>Keyang IW18BLA Klucz udarowy &#8211; 18V &#8211; 5.0Ah<\/li>\n<li>2 x Akumulator 18V Li-ion 5.0Ah<\/li>\n<li>1 x \u0141adowarka<\/li>\n<li>Dostarczany w walizce<\/li>\n<\/ul>\n","protected":false},"excerpt":{"rendered":"<p><strong>Zakres dostawy<\/strong><\/p>\n<ul>\n<li>Keyang IW18BLA Klucz udarowy &#8211; 18V &#8211; 5.0Ah<\/li>\n<li>2 x Akumulator 18V Li-ion 5.0Ah<\/li>\n<li>1 x \u0141adowarka<\/li>\n<li>Dostarczany w walizce<\/li>\n<\/ul>\n","protected":false},"featured_media":32833,"comment_status":"closed","ping_status":"closed","template":"","meta":[],"product_brand":[],"product_cat":[1153],"product_tag":[],"class_list":{"0":"post-32832","1":"product","2":"type-product","3":"status-publish","4":"has-post-thumbnail","6":"product_cat-akumulatorowy-klucz-udarowy","7":"pif-has-gallery","9":"first","10":"instock","11":"purchasable","12":"product-type-simple"},"_links":{"self":[{"href":"https:\/\/www.keyangtools.com\/pl\/wp-json\/wp\/v2\/product\/32832","targetHints":{"allow":["GET"]}}],"collection":[{"href":"https:\/\/www.keyangtools.com\/pl\/wp-json\/wp\/v2\/product"}],"about":[{"href":"https:\/\/www.keyangtools.com\/pl\/wp-json\/wp\/v2\/types\/product"}],"replies":[{"embeddable":true,"href":"https:\/\/www.keyangtools.com\/pl\/wp-json\/wp\/v2\/comments?post=32832"}],"wp:featuredmedia":[{"embeddable":true,"href":"https:\/\/www.keyangtools.com\/pl\/wp-json\/wp\/v2\/media\/32833"}],"wp:attachment":[{"href":"https:\/\/www.keyangtools.com\/pl\/wp-json\/wp\/v2\/media?parent=32832"}],"wp:term":[{"taxonomy":"product_brand","embeddable":true,"href":"https:\/\/www.keyangtools.com\/pl\/wp-json\/wp\/v2\/product_brand?post=32832"},{"taxonomy":"product_cat","embeddable":true,"href":"https:\/\/www.keyangtools.com\/pl\/wp-json\/wp\/v2\/product_cat?post=32832"},{"taxonomy":"product_tag","embeddable":true,"href":"https:\/\/www.keyangtools.com\/pl\/wp-json\/wp\/v2\/product_tag?post=32832"}],"curies":[{"name":"wp","href":"https:\/\/api.w.org\/{rel}","templated":true}]}}