{"id":32835,"date":"2021-03-24T09:10:07","date_gmt":"2021-03-24T08:10:07","guid":{"rendered":"https:\/\/www.keyangtools.com\/product\/keyang-c18046a-ladowarka-litowo-jonowa-14-4-18v\/"},"modified":"2023-07-03T14:13:05","modified_gmt":"2023-07-03T12:13:05","slug":"keyang-c18046a-ladowarka-litowo-jonowa-14-4-18v","status":"publish","type":"product","link":"https:\/\/www.keyangtools.com\/pl\/produkty\/keyang-c18046a-ladowarka-litowo-jonowa-14-4-18v\/","title":{"rendered":"Keyang C18046A \u0141adowarka Litowo-jonowa &#8211; 14.4 &#8211; 18V"},"content":{"rendered":"<p><strong>Cechy Keyang C18046A \u0141adowarki Litowo-jonowej &#8211; 14.4 &#8211; 18V<\/strong><\/p>\n<ul>\n<li>Moc\u2013 14.4 \u2013 18 V<\/li>\n<li>Typ &#8211; Litowo-jonowa<\/li>\n<li>Ergonomiczny design<\/li>\n<li>Mo\u017cliwo\u015b\u0107 przymocowania do \u015bciany<\/li>\n<\/ul>\n","protected":false},"excerpt":{"rendered":"<p><strong>Zakres dostawy<\/strong><\/p>\n<ul>\n<li>Keyang C18046A \u0141adowarka Li-Ion &#8211; 14.4 &#8211; 18V<\/li>\n<\/ul>\n","protected":false},"featured_media":61825,"comment_status":"closed","ping_status":"closed","template":"","meta":[],"product_brand":[],"product_cat":[1180,1179,1176],"product_tag":[],"class_list":{"0":"post-32835","1":"product","2":"type-product","3":"status-publish","4":"has-post-thumbnail","6":"product_cat-akumulatory-ladowarki","7":"product_cat-ladowarka","8":"product_cat-pozostale","10":"first","11":"instock","12":"purchasable","13":"product-type-simple"},"_links":{"self":[{"href":"https:\/\/www.keyangtools.com\/pl\/wp-json\/wp\/v2\/product\/32835","targetHints":{"allow":["GET"]}}],"collection":[{"href":"https:\/\/www.keyangtools.com\/pl\/wp-json\/wp\/v2\/product"}],"about":[{"href":"https:\/\/www.keyangtools.com\/pl\/wp-json\/wp\/v2\/types\/product"}],"replies":[{"embeddable":true,"href":"https:\/\/www.keyangtools.com\/pl\/wp-json\/wp\/v2\/comments?post=32835"}],"wp:featuredmedia":[{"embeddable":true,"href":"https:\/\/www.keyangtools.com\/pl\/wp-json\/wp\/v2\/media\/61825"}],"wp:attachment":[{"href":"https:\/\/www.keyangtools.com\/pl\/wp-json\/wp\/v2\/media?parent=32835"}],"wp:term":[{"taxonomy":"product_brand","embeddable":true,"href":"https:\/\/www.keyangtools.com\/pl\/wp-json\/wp\/v2\/product_brand?post=32835"},{"taxonomy":"product_cat","embeddable":true,"href":"https:\/\/www.keyangtools.com\/pl\/wp-json\/wp\/v2\/product_cat?post=32835"},{"taxonomy":"product_tag","embeddable":true,"href":"https:\/\/www.keyangtools.com\/pl\/wp-json\/wp\/v2\/product_tag?post=32835"}],"curies":[{"name":"wp","href":"https:\/\/api.w.org\/{rel}","templated":true}]}}