{"id":32837,"date":"2021-03-24T09:09:09","date_gmt":"2021-03-24T08:09:09","guid":{"rendered":"https:\/\/www.keyangtools.com\/product\/keyang-dm18bl-wiertarka-udarowa-18v-korpus\/"},"modified":"2023-07-03T14:14:55","modified_gmt":"2023-07-03T12:14:55","slug":"keyang-dm18bl-wiertarka-udarowa-18v-korpus","status":"publish","type":"product","link":"https:\/\/www.keyangtools.com\/pl\/produkty\/keyang-dm18bl-wiertarka-udarowa-18v-korpus\/","title":{"rendered":"Keyang DM18BL Wiertarka udarowa &#8211; 18V &#8211; KORPUS"},"content":{"rendered":"<p><strong>Cechy Keyang DM18BL Wiertarki udarowej &#8211; 18V &#8211; KORPUS<br \/>\n<\/strong><\/p>\n<ul>\n<li>Wysoce wydajny silnik bezszczotkowy (BLDC)<\/li>\n<li>2-biegowy<\/li>\n<li>Zabezpieczenie przed przeci\u0105\u017ceniem<\/li>\n<li>O\u015bwietlenie LED<\/li>\n<li>Wska\u017anik akumulatora<\/li>\n<li>Funkcja wiercenia z pobijaniem<\/li>\n<\/ul>\n<p><strong>Opis techniczny<\/strong><\/p>\n<ul>\n<li>Moc &#8211; 18V<\/li>\n<li>Pr\u0119dko\u015b\u0107 &#8211; 0-550 \/ 0-2000 obr.\/min.<\/li>\n<li>Moment obrotowy &#8211; 60 Nm<\/li>\n<li>G\u0142owica wierc\u0105ca &#8211; 13 mm<\/li>\n<li>Maks. wydajno\u015b\u0107 stali &#8211; 13 mm<\/li>\n<li>Maks. wydajno\u015b\u0107 drewna \u00f8 &#8211; 36 mm<\/li>\n<li>Maks. wydajno\u015b\u0107 w drewnie \u00f8 (wkr\u0119t) &#8211; 13 mm<\/li>\n<li>Waga &#8211; 1,3 kg<\/li>\n<\/ul>\n<p><strong>Zakres dostawy<\/strong><\/p>\n<ul>\n<li>Keyang DM18BL Wiertarka udarowa &#8211; 18V &#8211; KORPUS<\/li>\n<li>Dostarczana w opakowaniu<\/li>\n<\/ul>\n","protected":false},"excerpt":{"rendered":"<p><strong>Zakres dostawy<\/strong><\/p>\n<ul>\n<li>Keyang DM18BL Wiertarka udarowa &#8211; 18V &#8211; KORPUS<\/li>\n<li>Dostarczana w opakowaniu<\/li>\n<\/ul>\n","protected":false},"featured_media":32838,"comment_status":"closed","ping_status":"closed","template":"","meta":[],"product_brand":[],"product_cat":[1150],"product_tag":[],"class_list":{"0":"post-32837","1":"product","2":"type-product","3":"status-publish","4":"has-post-thumbnail","6":"product_cat-akumulatorowa-wiertarka","8":"first","9":"instock","10":"purchasable","11":"product-type-simple"},"_links":{"self":[{"href":"https:\/\/www.keyangtools.com\/pl\/wp-json\/wp\/v2\/product\/32837","targetHints":{"allow":["GET"]}}],"collection":[{"href":"https:\/\/www.keyangtools.com\/pl\/wp-json\/wp\/v2\/product"}],"about":[{"href":"https:\/\/www.keyangtools.com\/pl\/wp-json\/wp\/v2\/types\/product"}],"replies":[{"embeddable":true,"href":"https:\/\/www.keyangtools.com\/pl\/wp-json\/wp\/v2\/comments?post=32837"}],"wp:featuredmedia":[{"embeddable":true,"href":"https:\/\/www.keyangtools.com\/pl\/wp-json\/wp\/v2\/media\/32838"}],"wp:attachment":[{"href":"https:\/\/www.keyangtools.com\/pl\/wp-json\/wp\/v2\/media?parent=32837"}],"wp:term":[{"taxonomy":"product_brand","embeddable":true,"href":"https:\/\/www.keyangtools.com\/pl\/wp-json\/wp\/v2\/product_brand?post=32837"},{"taxonomy":"product_cat","embeddable":true,"href":"https:\/\/www.keyangtools.com\/pl\/wp-json\/wp\/v2\/product_cat?post=32837"},{"taxonomy":"product_tag","embeddable":true,"href":"https:\/\/www.keyangtools.com\/pl\/wp-json\/wp\/v2\/product_tag?post=32837"}],"curies":[{"name":"wp","href":"https:\/\/api.w.org\/{rel}","templated":true}]}}